{"id":9458668,"date":"2024-05-16T11:10:25","date_gmt":"2024-05-16T11:10:25","guid":{"rendered":"https:\/\/tpohotelariaecasa.pt\/index.php\/product\/maquina-de-lavar-loica-para-copos-35-x-35-cm-com-dreno-abrilhantador-e-bomba-de-sabao\/"},"modified":"2025-04-03T09:09:40","modified_gmt":"2025-04-03T09:09:40","slug":"maquina-de-lavar-loica-para-copos-35-x-35-cm-com-dreno-abrilhantador-e-bomba-de-sabao","status":"publish","type":"product","link":"https:\/\/tpohotelariaecasa.pt\/index.php\/product\/maquina-de-lavar-loica-para-copos-35-x-35-cm-com-dreno-abrilhantador-e-bomba-de-sabao\/","title":{"rendered":"M\u00e1quina de Lavar Loi\u00e7a para Copos &#8211; 35 x 35 cm &#8211; com Dreno, Abrilhantador e Bomba de Sab\u00e3o"},"content":{"rendered":"<p><strong>Caracter\u00edsticas<\/strong><\/p>\n<ul>\n<li>M\u00e1quina silenciosa: &lt;65dB<\/li>\n<li>Temperatura de enxaguamento de 65\u00b0C<\/li>\n<li>Primeira lavagem padr\u00e3o de 120 segundos<\/li>\n<li>O consumo de \u00e1gua por ciclo \u00e9 de apenas 2,5L<\/li>\n<li>Inclui bomba de enxaguamento, bomba de sab\u00e3o e bomba de drenagem<\/li>\n<\/ul>\n<p><strong>Especifica\u00e7\u00f5es do produto<\/strong><\/p>\n<ul>\n<li>Peso l\u00edquido: 27 kg<\/li>\n<li>Capacidade do dep\u00f3sito: 10L<\/li>\n<li>Capacidade da caldeira: 2,8L<\/li>\n<li>Dimens\u00f5es: W41 \u00d7 D50 x H60cm<\/li>\n<li>Altura da porta: 26cm (altura m\u00e1xima do vidro 23,5cm)<\/li>\n<li>Elemento do tanque: 2,0kW<\/li>\n<li>Elemento da caldeira: 2,6kW<\/li>\n<li>Bomba de lavagem: 0,2kW<\/li>\n<li>230V \/ 50Hz \/ 1 Fase 2800W<\/li>\n<\/ul>\n<p><em>Inclui<\/em><\/p>\n<ul>\n<li>Mangueira de drenagem<\/li>\n<li>Mangueira de abastecimento<\/li>\n<li>Um cesto para talheres<\/li>\n<li>Um suporte para pratos<\/li>\n<li>Dois cestos de vidro 35 x 35cm<\/li>\n<\/ul>\n","protected":false},"excerpt":{"rendered":"<div class=\"QFw9Te BLojaf\">\n<div id=\"ow353\"><\/div>\n<\/div>\n<div class=\"DVHrxd\">\n<div id=\"ow354\" data-show-delay-ms=\"250\" data-append-to-body=\"true\" data-propagate-tooltip-mouseover-events=\"true\" data-anchor-corner=\"bottom-left\" data-enable-skip-handler=\"false\" data-popup-corner=\"top-left\">\n<div>\n<div class=\"VfPpkd-Bz112c-Jh9lGc\"><\/div>\n<p><button class=\"VfPpkd-Bz112c-LgbsSe VfPpkd-Bz112c-LgbsSe-OWXEXe-e5LLRc-SxQuSe yHy1rc eT1oJ mN1ivc ZihNHd GA2I6e\" data-disable-idom=\"true\" aria-label=\"Limpar texto de origem\"><\/button><button class=\"VfPpkd-Bz112c-LgbsSe VfPpkd-Bz112c-LgbsSe-OWXEXe-e5LLRc-SxQuSe yHy1rc eT1oJ mN1ivc ZihNHd GA2I6e\" data-disable-idom=\"true\" aria-label=\"Limpar texto de origem\"><i class=\"material-icons-extended VfPpkd-kBDsod\" lang=\"\" aria-hidden=\"true\">clear<\/i><\/button><\/p>\n<div class=\"VfPpkd-Bz112c-RLmnJb\"><\/div>\n<\/div>\n<\/div>\n<\/div>\n<div class=\"UdTY9 BwTYAc leDWne\" aria-hidden=\"true\" data-location=\"1\">\n<div class=\"kO6q6e\"><\/div>\n<\/div>\n<div><\/div>\n<div class=\"ebT7ne sMVRZe\">\n<div class=\"F0pQVc\"><\/div>\n<\/div>\n<div class=\"FFpbKc\">\n<div>\n<div data-show-delay-ms=\"250\" data-append-to-body=\"false\" data-propagate-tooltip-mouseover-events=\"true\" data-anchor-corner=\"bottom-left\" data-enable-skip-handler=\"false\" data-popup-corner=\"top-left\">\n<div>\n<div class=\"VfPpkd-Bz112c-Jh9lGc\"><\/div>\n<div class=\"VfPpkd-Bz112c-RLmnJb\"><\/div>\n<\/div>\n<\/div>\n<\/div>\n<div class=\"r375lc\">\n<div class=\"aJIq1d\" dir=\"ltr\" data-language-code=\"de\" data-language-name=\"Alem\u00e3o\" data-text=\"\" data-crosslingual-hint=\"undefined\" data-location=\"1\" data-enable-toggle-playback-speed=\"true\">\n<div class=\"m0Qfkd\">\n<div class=\"VfPpkd-Bz112c-Jh9lGc\"><\/div>\n<div class=\"VfPpkd-Bz112c-RLmnJb\"><\/div>\n<div id=\"ucj-11\" class=\"EY8ABd-OWXEXe-TAWMXe\" role=\"tooltip\" aria-hidden=\"true\"><\/div>\n<\/div>\n<\/div>\n<\/div>\n<p><span class=\"ZTPlmc\" dir=\"ltr\" role=\"img\" aria-label=\"282 de 5\u00a0000 carateres utilizados\">282\u00a0\/\u00a05\u00a0000<\/span><\/p>\n<div class=\"nidPne\">\n<div data-show-delay-ms=\"250\" data-append-to-body=\"true\" data-propagate-tooltip-mouseover-events=\"true\" data-anchor-corner=\"bottom-left\" data-enable-skip-handler=\"false\" data-popup-corner=\"top-left\">\n<div>\n<div class=\"scLCMd\">\n<div>\n<div class=\"goog-container goog-container-vertical\" tabindex=\"-1\"><\/div>\n<\/div>\n<\/div>\n<\/div>\n<\/div>\n<\/div>\n<\/div>\n<h2 id=\"ucj-12\" class=\"oBOnKe\">Resultados da tradu\u00e7\u00e3o<\/h2>\n<div class=\"QcsUad BDJ8fb BLojaf sMVRZe hCXDsb wneUed\">\n<h3 class=\"oBOnKe\">Resultado de tradu\u00e7\u00e3o<\/h3>\n<div class=\"usGWQd\">\n<div class=\"KkbLmb\">\n<div class=\"lRu31\" dir=\"ltr\"><span class=\"HwtZe\" lang=\"pt\"><span class=\"jCAhz ChMk0b\"><span class=\"ryNqvb\">Esta lavadora de vidros profissional \u00e9 uma m\u00e1quina silenciosa e potente com uma al\u00e7a grande.<\/span><\/span> <span class=\"jCAhz ChMk0b\"><span class=\"ryNqvb\">Ele funciona extremamente r\u00e1pido para garantir que os \u00f3culos voltem a funcionar o mais r\u00e1pido poss\u00edvel.<\/span><\/span> <span class=\"jCAhz ChMk0b\"><span class=\"ryNqvb\">Em apenas 120 segundos, os copos e pratos pequenos s\u00e3o limpos e enxaguados com \u00e1gua quente, prontos para o pr\u00f3ximo uso.<\/span><\/span><\/span><\/div>\n<\/div>\n<\/div>\n<\/div>\n","protected":false},"featured_media":9458667,"comment_status":"open","ping_status":"closed","template":"","meta":[],"product_cat":[111],"product_tag":[],"class_list":["post-9458668","product","type-product","status-publish","has-post-thumbnail","hentry","product_cat-mquinas-de-lavar-loua","product_shipping_class-gph"],"_links":{"self":[{"href":"https:\/\/tpohotelariaecasa.pt\/index.php\/wp-json\/wp\/v2\/product\/9458668"}],"collection":[{"href":"https:\/\/tpohotelariaecasa.pt\/index.php\/wp-json\/wp\/v2\/product"}],"about":[{"href":"https:\/\/tpohotelariaecasa.pt\/index.php\/wp-json\/wp\/v2\/types\/product"}],"replies":[{"embeddable":true,"href":"https:\/\/tpohotelariaecasa.pt\/index.php\/wp-json\/wp\/v2\/comments?post=9458668"}],"wp:featuredmedia":[{"embeddable":true,"href":"https:\/\/tpohotelariaecasa.pt\/index.php\/wp-json\/wp\/v2\/media\/9458667"}],"wp:attachment":[{"href":"https:\/\/tpohotelariaecasa.pt\/index.php\/wp-json\/wp\/v2\/media?parent=9458668"}],"wp:term":[{"taxonomy":"product_cat","embeddable":true,"href":"https:\/\/tpohotelariaecasa.pt\/index.php\/wp-json\/wp\/v2\/product_cat?post=9458668"},{"taxonomy":"product_tag","embeddable":true,"href":"https:\/\/tpohotelariaecasa.pt\/index.php\/wp-json\/wp\/v2\/product_tag?post=9458668"}],"curies":[{"name":"wp","href":"https:\/\/api.w.org\/{rel}","templated":true}]}}