{"id":9458670,"date":"2024-05-16T11:10:26","date_gmt":"2024-05-16T11:10:26","guid":{"rendered":"https:\/\/tpohotelariaecasa.pt\/index.php\/product\/maquina-de-lavar-louca-de-bancada-40-x-40-cm-com-bomba-de-abrilhantador-230v\/"},"modified":"2025-04-03T09:09:40","modified_gmt":"2025-04-03T09:09:40","slug":"maquina-de-lavar-louca-de-bancada-40-x-40-cm-com-bomba-de-abrilhantador-230v","status":"publish","type":"product","link":"https:\/\/tpohotelariaecasa.pt\/index.php\/product\/maquina-de-lavar-louca-de-bancada-40-x-40-cm-com-bomba-de-abrilhantador-230v\/","title":{"rendered":"M\u00e1quina de Lavar Lou\u00e7a de Bancada &#8211; 40 x 40 cm &#8211; com Bomba de Abrilhantador &#8211; 230V"},"content":{"rendered":"<p><strong>Caracter\u00edsticas<\/strong><\/p>\n<ul>\n<li>M\u00e1quina silenciosa: &lt;65db<\/li>\n<li>Incluindo bomba de abrilhantador<\/li>\n<li>Temperatura de enxaguamento de 65\u00b0C<\/li>\n<li>Programa de lavagem completo de 120 segundos<\/li>\n<li>O consumo de \u00e1gua por ciclo \u00e9 de apenas 2,5L<\/li>\n<\/ul>\n<p><strong>Especifica\u00e7\u00f5es do produto<\/strong><\/p>\n<ul>\n<li>Peso l\u00edquido: 31kg<\/li>\n<li>Capacidade do tanque: 12L<\/li>\n<li>Capacidade da caldeira: 2,8L<\/li>\n<li>Dimens\u00f5es: L44 \u00d7 D54 x H68cm<\/li>\n<li>Altura da porta: 32cm (altura m\u00e1xima do vidro\/placa 28cm)<\/li>\n<li>Elemento do tanque: 2kW<\/li>\n<li>Elemento da caldeira: 2,6kW<\/li>\n<li>Bomba de lavagem:0,25kW<\/li>\n<li>230V\/50Hz\/1Fase 2850W<\/li>\n<\/ul>\n<p><em>Inclu\u00eddo<\/em><\/p>\n<ul>\n<li>Mangueira de drenagem<\/li>\n<li>Mangueira de abastecimento<\/li>\n<li>Um cesto de talheres<\/li>\n<li>Inser\u00e7\u00e3o de um suporte de placa<\/li>\n<li>Dois cestos de vidro (40 x 40cm)<\/li>\n<\/ul>\n","protected":false},"excerpt":{"rendered":"<p><span class=\"jCAhz ChMk0b\"><span class=\"ryNqvb\">Esta m\u00e1quina de lavar lou\u00e7a profissional \u00e9 uma m\u00e1quina silenciosa e potente com uma al\u00e7a grande.<\/span><\/span> <span class=\"jCAhz ChMk0b\"><span class=\"ryNqvb\">Funciona extremamente r\u00e1pido para garantir que os pratos voltem ao servi\u00e7o o mais r\u00e1pido poss\u00edvel.<\/span><\/span> <span class=\"jCAhz ChMk0b\"><span class=\"ryNqvb\">Em apenas 120 segundos, os copos e pratos pequenos s\u00e3o limpos e enxaguados com \u00e1gua quente, prontos para o pr\u00f3ximo uso.<\/span><\/span><\/p>\n","protected":false},"featured_media":9458669,"comment_status":"open","ping_status":"closed","template":"","meta":[],"product_cat":[111],"product_tag":[],"class_list":["post-9458670","product","type-product","status-publish","has-post-thumbnail","hentry","product_cat-mquinas-de-lavar-loua","product_shipping_class-gph"],"_links":{"self":[{"href":"https:\/\/tpohotelariaecasa.pt\/index.php\/wp-json\/wp\/v2\/product\/9458670"}],"collection":[{"href":"https:\/\/tpohotelariaecasa.pt\/index.php\/wp-json\/wp\/v2\/product"}],"about":[{"href":"https:\/\/tpohotelariaecasa.pt\/index.php\/wp-json\/wp\/v2\/types\/product"}],"replies":[{"embeddable":true,"href":"https:\/\/tpohotelariaecasa.pt\/index.php\/wp-json\/wp\/v2\/comments?post=9458670"}],"wp:featuredmedia":[{"embeddable":true,"href":"https:\/\/tpohotelariaecasa.pt\/index.php\/wp-json\/wp\/v2\/media\/9458669"}],"wp:attachment":[{"href":"https:\/\/tpohotelariaecasa.pt\/index.php\/wp-json\/wp\/v2\/media?parent=9458670"}],"wp:term":[{"taxonomy":"product_cat","embeddable":true,"href":"https:\/\/tpohotelariaecasa.pt\/index.php\/wp-json\/wp\/v2\/product_cat?post=9458670"},{"taxonomy":"product_tag","embeddable":true,"href":"https:\/\/tpohotelariaecasa.pt\/index.php\/wp-json\/wp\/v2\/product_tag?post=9458670"}],"curies":[{"name":"wp","href":"https:\/\/api.w.org\/{rel}","templated":true}]}}