{"id":9458674,"date":"2024-05-16T11:10:29","date_gmt":"2024-05-16T11:10:29","guid":{"rendered":"https:\/\/tpohotelariaecasa.pt\/index.php\/product\/maquina-de-lavar-louca-de-bancada-50-x-50-cm-com-bomba-de-abrilhantador-230v\/"},"modified":"2025-04-03T09:09:40","modified_gmt":"2025-04-03T09:09:40","slug":"maquina-de-lavar-louca-de-bancada-50-x-50-cm-com-bomba-de-abrilhantador-230v","status":"publish","type":"product","link":"https:\/\/tpohotelariaecasa.pt\/index.php\/product\/maquina-de-lavar-louca-de-bancada-50-x-50-cm-com-bomba-de-abrilhantador-230v\/","title":{"rendered":"M\u00e1quina de Lavar Lou\u00e7a de Bancada &#8211; 50 x 50 cm &#8211; com Bomba de Abrilhantador &#8211; 230V"},"content":{"rendered":"<div class=\"lRu31\" dir=\"ltr\">\n<div class=\"OvtS8d\">\n<p><strong>Caracter\u00edsticas<\/strong><\/p>\n<ul>\n<li>M\u00e1quina silenciosa a apenas &lt;65dB<\/li>\n<li>Inclui bomba de abrilhantador<\/li>\n<li>Temperatura de lavagem de 85\u00b0C<\/li>\n<li>Programas de lavagem completos dentro de 100 e 190 segundos<\/li>\n<li>O consumo de \u00e1gua por ciclo \u00e9 de apenas 2,8L<\/li>\n<\/ul>\n<p><strong>Especifica\u00e7\u00f5es do produto<\/strong><\/p>\n<ul>\n<li>Peso l\u00edquido: 54kg<\/li>\n<li>Capacidade do tanque: 22L<\/li>\n<li>Capacidade da caldeira: 6L<\/li>\n<li>Dimens\u00f5es: L58 \u00d7 D61 x H83cm<\/li>\n<li>Altura da porta: 36,5cm (altura m\u00e1xima do vidro\/placa 32,5cm)<\/li>\n<li>Elemento do tanque: 2,0kW<\/li>\n<li>Elemento de caldeira: 3,0kW<\/li>\n<li>Bomba de lavagem: 0,5kW<\/li>\n<li>230V \/ 50Hz \/ 1 Fase 3560W<\/li>\n<\/ul>\n<p><em>Inclu\u00eddo<\/em><\/p>\n<ul>\n<li>Mangueira de abastecimento<\/li>\n<li>Mangueira de drenagem<\/li>\n<li>Um cesto de pratos (50 x 50cm)<\/li>\n<li>Um cesto de copos (50 x 50cm)<\/li>\n<li>Um cesto de talheres<\/li>\n<\/ul>\n<\/div>\n<div id=\"ow3036\"><\/div>\n<\/div>\n<div class=\"UdTY9 WdefRb\" aria-hidden=\"true\" data-location=\"2\"><\/div>\n","protected":false},"excerpt":{"rendered":"<p><span class=\"HwtZe\" lang=\"pt\"><span class=\"jCAhz ChMk0b\"><span class=\"ryNqvb\">Esta m\u00e1quina de lavar lou\u00e7a potente e dur\u00e1vel garante pratos brilhantes em aproximadamente tr\u00eas minutos.<\/span><\/span> <span class=\"jCAhz ChMk0b\"><span class=\"ryNqvb\">\u00c9 adequado para cozinhas de m\u00e9dio porte que precisam colocar os pratos de volta em servi\u00e7o o mais r\u00e1pido poss\u00edvel.<\/span><\/span> <span class=\"jCAhz ChMk0b\"><span class=\"ryNqvb\">Com dois programas de lavagem completos, voc\u00ea pode lavar toda a lou\u00e7a de forma r\u00e1pida e silenciosa em pouco tempo.<\/span><\/span><\/span><\/p>\n<div class=\"OvtS8d\"><\/div>\n","protected":false},"featured_media":9458673,"comment_status":"open","ping_status":"closed","template":"","meta":[],"product_cat":[111],"product_tag":[],"class_list":["post-9458674","product","type-product","status-publish","has-post-thumbnail","hentry","product_cat-mquinas-de-lavar-loua","product_shipping_class-gph"],"_links":{"self":[{"href":"https:\/\/tpohotelariaecasa.pt\/index.php\/wp-json\/wp\/v2\/product\/9458674"}],"collection":[{"href":"https:\/\/tpohotelariaecasa.pt\/index.php\/wp-json\/wp\/v2\/product"}],"about":[{"href":"https:\/\/tpohotelariaecasa.pt\/index.php\/wp-json\/wp\/v2\/types\/product"}],"replies":[{"embeddable":true,"href":"https:\/\/tpohotelariaecasa.pt\/index.php\/wp-json\/wp\/v2\/comments?post=9458674"}],"wp:featuredmedia":[{"embeddable":true,"href":"https:\/\/tpohotelariaecasa.pt\/index.php\/wp-json\/wp\/v2\/media\/9458673"}],"wp:attachment":[{"href":"https:\/\/tpohotelariaecasa.pt\/index.php\/wp-json\/wp\/v2\/media?parent=9458674"}],"wp:term":[{"taxonomy":"product_cat","embeddable":true,"href":"https:\/\/tpohotelariaecasa.pt\/index.php\/wp-json\/wp\/v2\/product_cat?post=9458674"},{"taxonomy":"product_tag","embeddable":true,"href":"https:\/\/tpohotelariaecasa.pt\/index.php\/wp-json\/wp\/v2\/product_tag?post=9458674"}],"curies":[{"name":"wp","href":"https:\/\/api.w.org\/{rel}","templated":true}]}}