{"id":9458682,"date":"2024-05-16T11:10:33","date_gmt":"2024-05-16T11:10:33","guid":{"rendered":"https:\/\/tpohotelariaecasa.pt\/index.php\/product\/maquina-de-lavar-louca-de-capuz-50x50cm-com-bombas-de-drenagem-enxaguamento-e-sabao-400v\/"},"modified":"2025-04-03T09:09:40","modified_gmt":"2025-04-03T09:09:40","slug":"maquina-de-lavar-louca-de-capuz-50x50cm-com-bombas-de-drenagem-enxaguamento-e-sabao-400v","status":"publish","type":"product","link":"https:\/\/tpohotelariaecasa.pt\/index.php\/product\/maquina-de-lavar-louca-de-capuz-50x50cm-com-bombas-de-drenagem-enxaguamento-e-sabao-400v\/","title":{"rendered":"M\u00e1quina de lavar lou\u00e7a de capuz &#8211; 50x50cm &#8211; com bombas de drenagem, enxaguamento e sab\u00e3o &#8211; 400V"},"content":{"rendered":"<p><strong>Caracter\u00edsticas<\/strong><\/p>\n<ul>\n<li>M\u00e1quina silenciosa com menos de\u00a065dB<\/li>\n<li>Temperatura de enxaguamento de 85\u00b0C para uma secagem r\u00e1pida<\/li>\n<li>Programas de lavagem completos em 90 e 180 segundos<\/li>\n<li>O consumo de \u00e1gua por ciclo \u00e9 de apenas 2,8L<\/li>\n<li>Inclui bombas de escoamento, de abrilhantador e de sab\u00e3o<\/li>\n<\/ul>\n<p><strong>Especifica\u00e7\u00f5es do produto<\/strong><\/p>\n<ul>\n<li>Peso l\u00edquido: 85 kg<\/li>\n<li>Capacidade do dep\u00f3sito: 19L<\/li>\n<li>Capacidade da caldeira: 7L<\/li>\n<li>Dimens\u00f5es fechadas: L75 x P81,5 x A147cm<\/li>\n<li>Dimens\u00f5es abertas: L75 x P81,5 x A187cm<\/li>\n<li>Altura da porta: 40cm (altura m\u00e1xima do copo\/prato 38cm)<\/li>\n<li>Altura m\u00e1xima das mesas da m\u00e1quina de lavar loi\u00e7a: 83-86cm<\/li>\n<li>Elemento do tanque: 2,0kW<\/li>\n<li>Elemento da caldeira: 9,5kW<\/li>\n<li>Bomba de lavagem: 0,66kW<\/li>\n<li>400V \/ 50Hz \/ 3 Fase 8700W<\/li>\n<\/ul>\n<p><em>Inclu\u00eddo<\/em><\/p>\n<ul>\n<li>Mangueira de abastecimento<\/li>\n<li>Mangueira de drenagem<\/li>\n<li>Um cesto para talheres<\/li>\n<li>Um cesto para pratos (50 x 50cm)<\/li>\n<li>Um cesto para copos (50 x 50cm)<\/li>\n<\/ul>\n","protected":false},"excerpt":{"rendered":"<p><span class=\"jCAhz ChMk0b\"><span class=\"ryNqvb\">Esta poderosa m\u00e1quina de lavar lou\u00e7a de passagem \u00e9 ideal para uso di\u00e1rio intensivo em grandes estabelecimentos de restaura\u00e7\u00e3o.<\/span><\/span> <span class=\"jCAhz ChMk0b\"><span class=\"ryNqvb\">Com uma grande capacidade de lavagem voc\u00ea pode colocar os pratos novamente em servi\u00e7o, impec\u00e1veis e prontos para uso, em 1,5 minutos.<\/span><\/span><\/p>\n","protected":false},"featured_media":9458681,"comment_status":"open","ping_status":"closed","template":"","meta":[],"product_cat":[111],"product_tag":[],"class_list":["post-9458682","product","type-product","status-publish","has-post-thumbnail","hentry","product_cat-mquinas-de-lavar-loua","product_shipping_class-gph"],"_links":{"self":[{"href":"https:\/\/tpohotelariaecasa.pt\/index.php\/wp-json\/wp\/v2\/product\/9458682"}],"collection":[{"href":"https:\/\/tpohotelariaecasa.pt\/index.php\/wp-json\/wp\/v2\/product"}],"about":[{"href":"https:\/\/tpohotelariaecasa.pt\/index.php\/wp-json\/wp\/v2\/types\/product"}],"replies":[{"embeddable":true,"href":"https:\/\/tpohotelariaecasa.pt\/index.php\/wp-json\/wp\/v2\/comments?post=9458682"}],"wp:featuredmedia":[{"embeddable":true,"href":"https:\/\/tpohotelariaecasa.pt\/index.php\/wp-json\/wp\/v2\/media\/9458681"}],"wp:attachment":[{"href":"https:\/\/tpohotelariaecasa.pt\/index.php\/wp-json\/wp\/v2\/media?parent=9458682"}],"wp:term":[{"taxonomy":"product_cat","embeddable":true,"href":"https:\/\/tpohotelariaecasa.pt\/index.php\/wp-json\/wp\/v2\/product_cat?post=9458682"},{"taxonomy":"product_tag","embeddable":true,"href":"https:\/\/tpohotelariaecasa.pt\/index.php\/wp-json\/wp\/v2\/product_tag?post=9458682"}],"curies":[{"name":"wp","href":"https:\/\/api.w.org\/{rel}","templated":true}]}}