{"id":9458698,"date":"2024-05-16T14:13:11","date_gmt":"2024-05-16T14:13:11","guid":{"rendered":"https:\/\/tpohotelariaecasa.pt\/index.php\/product\/premium-panela-de-ebulicao-120-l-indirecta-90-cm-de-profundidade-gas\/"},"modified":"2025-04-03T09:09:41","modified_gmt":"2025-04-03T09:09:41","slug":"premium-panela-de-ebulicao-120-l-indirecta-90-cm-de-profundidade-gas","status":"publish","type":"product","link":"https:\/\/tpohotelariaecasa.pt\/index.php\/product\/premium-panela-de-ebulicao-120-l-indirecta-90-cm-de-profundidade-gas\/","title":{"rendered":"Premium Panela de Ebuli\u00e7\u00e3o &#8211; 120 l &#8211; Indirecta &#8211; 90 cm de Profundidade &#8211; G\u00e1s"},"content":{"rendered":"<p><strong>Especifica\u00e7\u00f5es do produto<\/strong><\/p>\n<ul>\n<li>Peso l\u00edquido: 105,6kg<\/li>\n<li>Capacidade l\u00edquida: 100L<\/li>\n<li>Dimens\u00f5es do dispositivo: L80 x D90 x H85cm<\/li>\n<li>Pot\u00eancia total do g\u00e1s: 22,0 kW<\/li>\n<li>Injectores de g\u00e1s instalados: G25 &#8211; g\u00e1s natural<\/li>\n<li>Conjunto extra de injectores de g\u00e1s: G30 &#8211; GPL (propano \/ butano)<\/li>\n<\/ul>\n","protected":false},"excerpt":{"rendered":"<p>Em cozinhas profissionais onde \u00e9 necess\u00e1ria uma grande capacidade de cozedura, esta panela de cozedura premium encaixa perfeitamente. Nesta frigideira redonda pode cozinhar, escalfar e assar uma variedade de diferentes tipos de alimentos. Foi concebida especificamente para tornar a cozedura mais eficiente. Por exemplo, existe uma grande v\u00e1lvula de drenagem para drenar pratos l\u00edquidos, bem como bot\u00f5es de controlo grandes e um medidor de press\u00e3o de f\u00e1cil leitura.<\/p>\n","protected":false},"featured_media":9458697,"comment_status":"open","ping_status":"closed","template":"","meta":[],"product_cat":[21,778],"product_tag":[],"class_list":["post-9458698","product","type-product","status-publish","has-post-thumbnail","hentry","product_cat-restauracao","product_cat-panelas-basculantes","product_shipping_class-gph"],"_links":{"self":[{"href":"https:\/\/tpohotelariaecasa.pt\/index.php\/wp-json\/wp\/v2\/product\/9458698"}],"collection":[{"href":"https:\/\/tpohotelariaecasa.pt\/index.php\/wp-json\/wp\/v2\/product"}],"about":[{"href":"https:\/\/tpohotelariaecasa.pt\/index.php\/wp-json\/wp\/v2\/types\/product"}],"replies":[{"embeddable":true,"href":"https:\/\/tpohotelariaecasa.pt\/index.php\/wp-json\/wp\/v2\/comments?post=9458698"}],"wp:featuredmedia":[{"embeddable":true,"href":"https:\/\/tpohotelariaecasa.pt\/index.php\/wp-json\/wp\/v2\/media\/9458697"}],"wp:attachment":[{"href":"https:\/\/tpohotelariaecasa.pt\/index.php\/wp-json\/wp\/v2\/media?parent=9458698"}],"wp:term":[{"taxonomy":"product_cat","embeddable":true,"href":"https:\/\/tpohotelariaecasa.pt\/index.php\/wp-json\/wp\/v2\/product_cat?post=9458698"},{"taxonomy":"product_tag","embeddable":true,"href":"https:\/\/tpohotelariaecasa.pt\/index.php\/wp-json\/wp\/v2\/product_tag?post=9458698"}],"curies":[{"name":"wp","href":"https:\/\/api.w.org\/{rel}","templated":true}]}}