{"id":9458700,"date":"2024-05-16T14:13:12","date_gmt":"2024-05-16T14:13:12","guid":{"rendered":"https:\/\/tpohotelariaecasa.pt\/index.php\/product\/premium-panela-de-ebulicao-160-l-indirecta-90-cm-de-profundidade-gas\/"},"modified":"2025-04-03T09:09:41","modified_gmt":"2025-04-03T09:09:41","slug":"premium-panela-de-ebulicao-160-l-indirecta-90-cm-de-profundidade-gas","status":"publish","type":"product","link":"https:\/\/tpohotelariaecasa.pt\/index.php\/product\/premium-panela-de-ebulicao-160-l-indirecta-90-cm-de-profundidade-gas\/","title":{"rendered":"Premium Panela de Ebuli\u00e7\u00e3o &#8211; 160 l &#8211; Indirecta &#8211; 90 cm de Profundidade &#8211; G\u00e1s"},"content":{"rendered":"<p><strong>Caracter\u00edsticas<\/strong><\/p>\n<ul>\n<li>Panela redonda de cozedura feita de a\u00e7o inoxid\u00e1vel para uma limpeza r\u00e1pida<\/li>\n<li>Com isolamento extra em toda a caldeira para custos m\u00ednimos de energia<\/li>\n<li>Queimadores microperfurados de a\u00e7o inoxid\u00e1vel com protec\u00e7\u00e3o anti-chamas para seguran\u00e7a extra<\/li>\n<li>Sistema de aquecimento indirecto com vapor saturado at\u00e9 110\u00b0C<\/li>\n<li>V\u00e1lvula de al\u00edvio de press\u00e3o evita sobrepress\u00f5es<\/li>\n<li>Medidor de press\u00e3o claramente leg\u00edvel<\/li>\n<li>Regula\u00e7\u00e3o energ\u00e9tica utilizando o bot\u00e3o de controlo<\/li>\n<li>Equipado com uma v\u00e1lvula de drenagem para f\u00e1cil remo\u00e7\u00e3o de alimentos<\/li>\n<li>Inclui v\u00e1lvula externa para a remo\u00e7\u00e3o do excesso de ar<\/li>\n<li>Piezo inflama\u00e7\u00e3o<\/li>\n<li>Adequado para GPL ou g\u00e1s natural<\/li>\n<li>Constru\u00e7\u00e3o dur\u00e1vel<\/li>\n<li>Desenho higi\u00e9nico<\/li>\n<\/ul>\n<p><strong>Especifica\u00e7\u00f5es do produto<\/strong><\/p>\n<ul>\n<li>Peso l\u00edquido: 111,8kg<\/li>\n<li>Capacidade l\u00edquida: 150L<\/li>\n<li>Dimens\u00f5es do dispositivo: L80 x D90 x H85cm<\/li>\n<li>Pot\u00eancia total do g\u00e1s: 22,0 kW<\/li>\n<li>Injectores de g\u00e1s instalados: G25 &#8211; g\u00e1s natural<\/li>\n<li>Conjunto extra de injectores de g\u00e1s: G30 &#8211; GPL (propano \/ butano)<\/li>\n<\/ul>\n","protected":false},"excerpt":{"rendered":"<p>Se tiver uma cozinha profissional de restaura\u00e7\u00e3o onde \u00e9 necess\u00e1ria uma grande capacidade de cozedura di\u00e1ria, esta chaleira a ferver funciona a g\u00e1s e tem uma capacidade de 160 litros. Nela, pode cozinhar, escalfar e cozer v\u00e1rios ingredientes para fazer refei\u00e7\u00f5es deliciosas. \u00c9 ideal para l\u00edquidos como sopa, molho ou caldo de carne. E que tal guisados, legumes e pratos de batata?<\/p>\n","protected":false},"featured_media":9458699,"comment_status":"open","ping_status":"closed","template":"","meta":[],"product_cat":[21,778],"product_tag":[],"class_list":["post-9458700","product","type-product","status-publish","has-post-thumbnail","hentry","product_cat-restauracao","product_cat-panelas-basculantes","product_shipping_class-gph"],"_links":{"self":[{"href":"https:\/\/tpohotelariaecasa.pt\/index.php\/wp-json\/wp\/v2\/product\/9458700"}],"collection":[{"href":"https:\/\/tpohotelariaecasa.pt\/index.php\/wp-json\/wp\/v2\/product"}],"about":[{"href":"https:\/\/tpohotelariaecasa.pt\/index.php\/wp-json\/wp\/v2\/types\/product"}],"replies":[{"embeddable":true,"href":"https:\/\/tpohotelariaecasa.pt\/index.php\/wp-json\/wp\/v2\/comments?post=9458700"}],"wp:featuredmedia":[{"embeddable":true,"href":"https:\/\/tpohotelariaecasa.pt\/index.php\/wp-json\/wp\/v2\/media\/9458699"}],"wp:attachment":[{"href":"https:\/\/tpohotelariaecasa.pt\/index.php\/wp-json\/wp\/v2\/media?parent=9458700"}],"wp:term":[{"taxonomy":"product_cat","embeddable":true,"href":"https:\/\/tpohotelariaecasa.pt\/index.php\/wp-json\/wp\/v2\/product_cat?post=9458700"},{"taxonomy":"product_tag","embeddable":true,"href":"https:\/\/tpohotelariaecasa.pt\/index.php\/wp-json\/wp\/v2\/product_tag?post=9458700"}],"curies":[{"name":"wp","href":"https:\/\/api.w.org\/{rel}","templated":true}]}}