{"id":9458704,"date":"2024-05-16T14:13:14","date_gmt":"2024-05-16T14:13:14","guid":{"rendered":"https:\/\/tpohotelariaecasa.pt\/index.php\/product\/premium-panela-de-ebulicao-265-l-directa-90-cm-profundidade-gas\/"},"modified":"2025-04-03T09:09:41","modified_gmt":"2025-04-03T09:09:41","slug":"premium-panela-de-ebulicao-265-l-directa-90-cm-profundidade-gas","status":"publish","type":"product","link":"https:\/\/tpohotelariaecasa.pt\/index.php\/product\/premium-panela-de-ebulicao-265-l-directa-90-cm-profundidade-gas\/","title":{"rendered":"Premium Panela de Ebuli\u00e7\u00e3o &#8211; 265 l &#8211; Directa &#8211; 90 cm Profundidade &#8211; G\u00e1s"},"content":{"rendered":"<p><strong>Especifica\u00e7\u00f5es do produto<\/strong><\/p>\n<ul>\n<li>Peso l\u00edquido: 100kg<\/li>\n<li>Capacidade l\u00edquida: 250L<\/li>\n<li>Dimens\u00f5es do dispositivo: L100 x D90 x H85cm<\/li>\n<li>Pot\u00eancia total do g\u00e1s: 33,0 kW<\/li>\n<li>Injectores de g\u00e1s instalados: G25 &#8211; g\u00e1s natural<\/li>\n<li>Conjunto extra de injectores de g\u00e1s: G30 &#8211; GPL (propano \/ butano)<\/li>\n<\/ul>\n","protected":false},"excerpt":{"rendered":"<p>Esta panela de cozedura premium funciona a g\u00e1s e tem a capacidade l\u00edquida para 250 litros. \u00c9 ideal para a prepara\u00e7\u00e3o de grandes quantidades de pratos. Gra\u00e7as \u00e0 tampa de parede dupla, o isolamento da frigideira reduz as perdas de calor e energia, tornando-a muito eficiente em termos energ\u00e9ticos. \u00c9 tamb\u00e9m muito f\u00e1cil de utilizar e f\u00e1cil de limpar.<\/p>\n","protected":false},"featured_media":9458703,"comment_status":"open","ping_status":"closed","template":"","meta":[],"product_cat":[21,778],"product_tag":[],"class_list":["post-9458704","product","type-product","status-publish","has-post-thumbnail","hentry","product_cat-restauracao","product_cat-panelas-basculantes","product_shipping_class-gph"],"_links":{"self":[{"href":"https:\/\/tpohotelariaecasa.pt\/index.php\/wp-json\/wp\/v2\/product\/9458704"}],"collection":[{"href":"https:\/\/tpohotelariaecasa.pt\/index.php\/wp-json\/wp\/v2\/product"}],"about":[{"href":"https:\/\/tpohotelariaecasa.pt\/index.php\/wp-json\/wp\/v2\/types\/product"}],"replies":[{"embeddable":true,"href":"https:\/\/tpohotelariaecasa.pt\/index.php\/wp-json\/wp\/v2\/comments?post=9458704"}],"wp:featuredmedia":[{"embeddable":true,"href":"https:\/\/tpohotelariaecasa.pt\/index.php\/wp-json\/wp\/v2\/media\/9458703"}],"wp:attachment":[{"href":"https:\/\/tpohotelariaecasa.pt\/index.php\/wp-json\/wp\/v2\/media?parent=9458704"}],"wp:term":[{"taxonomy":"product_cat","embeddable":true,"href":"https:\/\/tpohotelariaecasa.pt\/index.php\/wp-json\/wp\/v2\/product_cat?post=9458704"},{"taxonomy":"product_tag","embeddable":true,"href":"https:\/\/tpohotelariaecasa.pt\/index.php\/wp-json\/wp\/v2\/product_tag?post=9458704"}],"curies":[{"name":"wp","href":"https:\/\/api.w.org\/{rel}","templated":true}]}}