{"id":9458706,"date":"2024-05-16T14:13:15","date_gmt":"2024-05-16T14:13:15","guid":{"rendered":"https:\/\/tpohotelariaecasa.pt\/index.php\/product\/premium-panela-de-ebulicao-120-l-indirecta-90-cm-de-profundidade-eletrico\/"},"modified":"2025-04-03T09:09:40","modified_gmt":"2025-04-03T09:09:40","slug":"premium-panela-de-ebulicao-120-l-indirecta-90-cm-de-profundidade-eletrico","status":"publish","type":"product","link":"https:\/\/tpohotelariaecasa.pt\/index.php\/product\/premium-panela-de-ebulicao-120-l-indirecta-90-cm-de-profundidade-eletrico\/","title":{"rendered":"Premium Panela de Ebuli\u00e7\u00e3o &#8211; 120 l &#8211; Indirecta &#8211; 90 cm de Profundidade &#8211; El\u00e9trico"},"content":{"rendered":"<p><strong>Especifica\u00e7\u00f5es do produto<\/strong><\/p>\n<ul>\n<li>Peso l\u00edquido: 88,8kg<\/li>\n<li>Capacidade l\u00edquida: 100L<\/li>\n<li>Dimens\u00f5es do dispositivo: L80 x D90 x H85cm<\/li>\n<li>Pot\u00eancia el\u00e9ctrica total: 18,0 kW<\/li>\n<li>Pot\u00eancia: 400V \/ 50Hz \/ 3 fases 18000W<\/li>\n<\/ul>\n","protected":false},"excerpt":{"rendered":"<p>Com esta panela de a\u00e7o inoxid\u00e1vel de 120 litros a ferver, sabe que h\u00e1 sempre capacidade suficiente para cozinhar, assar ou escalfar v\u00e1rios ingredientes. Com o seu sistema de aquecimento indirecto, esta panela de cozedura el\u00e9ctrica \u00e9 ideal para preparar pratos l\u00edquidos. Foi feita inteiramente de a\u00e7o inoxid\u00e1vel e est\u00e1 equipada com uma pr\u00e1tica v\u00e1lvula de escoamento<\/p>\n","protected":false},"featured_media":9458705,"comment_status":"open","ping_status":"closed","template":"","meta":[],"product_cat":[21,778],"product_tag":[],"class_list":["post-9458706","product","type-product","status-publish","has-post-thumbnail","hentry","product_cat-restauracao","product_cat-panelas-basculantes","product_shipping_class-gph"],"_links":{"self":[{"href":"https:\/\/tpohotelariaecasa.pt\/index.php\/wp-json\/wp\/v2\/product\/9458706"}],"collection":[{"href":"https:\/\/tpohotelariaecasa.pt\/index.php\/wp-json\/wp\/v2\/product"}],"about":[{"href":"https:\/\/tpohotelariaecasa.pt\/index.php\/wp-json\/wp\/v2\/types\/product"}],"replies":[{"embeddable":true,"href":"https:\/\/tpohotelariaecasa.pt\/index.php\/wp-json\/wp\/v2\/comments?post=9458706"}],"wp:featuredmedia":[{"embeddable":true,"href":"https:\/\/tpohotelariaecasa.pt\/index.php\/wp-json\/wp\/v2\/media\/9458705"}],"wp:attachment":[{"href":"https:\/\/tpohotelariaecasa.pt\/index.php\/wp-json\/wp\/v2\/media?parent=9458706"}],"wp:term":[{"taxonomy":"product_cat","embeddable":true,"href":"https:\/\/tpohotelariaecasa.pt\/index.php\/wp-json\/wp\/v2\/product_cat?post=9458706"},{"taxonomy":"product_tag","embeddable":true,"href":"https:\/\/tpohotelariaecasa.pt\/index.php\/wp-json\/wp\/v2\/product_tag?post=9458706"}],"curies":[{"name":"wp","href":"https:\/\/api.w.org\/{rel}","templated":true}]}}