{"id":9458726,"date":"2024-05-16T14:13:28","date_gmt":"2024-05-16T14:13:28","guid":{"rendered":"https:\/\/tpohotelariaecasa.pt\/index.php\/product\/premium-panela-bratt-205-l-90-cm-de-profundidade-eletrico-400v\/"},"modified":"2025-04-03T09:09:40","modified_gmt":"2025-04-03T09:09:40","slug":"premium-panela-bratt-205-l-90-cm-de-profundidade-eletrico-400v","status":"publish","type":"product","link":"https:\/\/tpohotelariaecasa.pt\/index.php\/product\/premium-panela-bratt-205-l-90-cm-de-profundidade-eletrico-400v\/","title":{"rendered":"Premium Panela Bratt &#8211; 205 l &#8211; 90 cm de Profundidade &#8211; El\u00e9trico &#8211; 400V"},"content":{"rendered":"<p><strong>Caracter\u00edsticas<\/strong><\/p>\n<ul>\n<li>fundo em a\u00e7o inoxid\u00e1vel com 8 mm de espessura<\/li>\n<li>Mecanismo de tampa articulada que permite abrir e fechar facilmente<\/li>\n<li>Temperatura ajust\u00e1vel de 120-300\u00b0C<\/li>\n<li>Term\u00f3stato de seguran\u00e7a para evitar o sobreaquecimento da frigideira<\/li>\n<li>Equipado com v\u00e1lvula solenoide para \u00e1gua fria ou quente<\/li>\n<\/ul>\n<p><strong>Especifica\u00e7\u00f5es do produto<\/strong><\/p>\n<ul>\n<li>Peso l\u00edquido: 255,5 kg<\/li>\n<li>Capacidade l\u00edquida: 165L<\/li>\n<li>Dimens\u00f5es da superf\u00edcie de cozedura: L132,5 x P53cm<\/li>\n<li>Dimens\u00f5es do aparelho: L160 x P90 x A85cm<\/li>\n<li>Pot\u00eancia el\u00e9ctrica total: 21,0 kW<\/li>\n<li>Pot\u00eancia: 400V \/ 50Hz \/ 3 fases 21000W<\/li>\n<\/ul>\n","protected":false},"excerpt":{"rendered":"<p>Esta robusta panela bratt est\u00e1 pronta para assumir as grandes tarefas da cozinha. Com a sua capacidade de 205 litros, pode facilmente cozinhar os pratos mais saborosos em grandes quantidades. Isto torna-a ideal para utiliza\u00e7\u00e3o numa cozinha de restaura\u00e7\u00e3o profissional. Esta panela bratt \u00e9 el\u00e9ctrica e tamb\u00e9m \u00e9 inclin\u00e1vel para que possa retirar facilmente o prato acabado para servir ou mesmo para limpar.<\/p>\n","protected":false},"featured_media":9458725,"comment_status":"open","ping_status":"closed","template":"","meta":[],"product_cat":[21,778],"product_tag":[],"class_list":["post-9458726","product","type-product","status-publish","has-post-thumbnail","hentry","product_cat-restauracao","product_cat-panelas-basculantes","product_shipping_class-gph"],"_links":{"self":[{"href":"https:\/\/tpohotelariaecasa.pt\/index.php\/wp-json\/wp\/v2\/product\/9458726"}],"collection":[{"href":"https:\/\/tpohotelariaecasa.pt\/index.php\/wp-json\/wp\/v2\/product"}],"about":[{"href":"https:\/\/tpohotelariaecasa.pt\/index.php\/wp-json\/wp\/v2\/types\/product"}],"replies":[{"embeddable":true,"href":"https:\/\/tpohotelariaecasa.pt\/index.php\/wp-json\/wp\/v2\/comments?post=9458726"}],"wp:featuredmedia":[{"embeddable":true,"href":"https:\/\/tpohotelariaecasa.pt\/index.php\/wp-json\/wp\/v2\/media\/9458725"}],"wp:attachment":[{"href":"https:\/\/tpohotelariaecasa.pt\/index.php\/wp-json\/wp\/v2\/media?parent=9458726"}],"wp:term":[{"taxonomy":"product_cat","embeddable":true,"href":"https:\/\/tpohotelariaecasa.pt\/index.php\/wp-json\/wp\/v2\/product_cat?post=9458726"},{"taxonomy":"product_tag","embeddable":true,"href":"https:\/\/tpohotelariaecasa.pt\/index.php\/wp-json\/wp\/v2\/product_tag?post=9458726"}],"curies":[{"name":"wp","href":"https:\/\/api.w.org\/{rel}","templated":true}]}}