{"id":9460849,"date":"2024-05-29T17:13:20","date_gmt":"2024-05-29T17:13:20","guid":{"rendered":"https:\/\/tpohotelariaecasa.pt\/index.php\/product\/espremedor-de-laranjas-automatico-20-kg-25-por-minuto-com-torneira\/"},"modified":"2025-04-03T09:09:59","modified_gmt":"2025-04-03T09:09:59","slug":"espremedor-de-laranjas-automatico-20-kg-25-por-minuto-com-torneira","status":"publish","type":"product","link":"https:\/\/tpohotelariaecasa.pt\/index.php\/product\/espremedor-de-laranjas-automatico-20-kg-25-por-minuto-com-torneira\/","title":{"rendered":"Espremedor de Laranjas Autom\u00e1tico &#8211; 20 kg &#8211; 25 Por Minuto &#8211; com Torneira"},"content":{"rendered":"<ul>\n<li>Fornecimento autom\u00e1tico de laranjas<\/li>\n<li>Com sistema de torneira de auto-servi\u00e7o<\/li>\n<li>Motor robusto e sistema de suc\u00e7\u00e3o com engrenagens met\u00e1licas<\/li>\n<li>Caixa de a\u00e7o inoxid\u00e1vel, prateleira superior e caixotes<\/li>\n<li>Altura m\u00e1xima garrafa \/ vidro 28 cm<\/li>\n<li>Pe\u00e7as de prensa anticorrosiva<\/li>\n<li>Interruptores de seguran\u00e7a m\u00faltiplos<\/li>\n<li>Modelo de mesa muito robusto<\/li>\n<li>Peso l\u00edquido: 54kg<\/li>\n<li>Capacidade de carga: 20kg<\/li>\n<li>Capacidade da prensa: 20-25 laranjas por minuto<\/li>\n<li>Di\u00e2metro das laranjas: 6-8cm<\/li>\n<li>Dimens\u00f5es: B45 x D50 x H109cm<\/li>\n<li>230V\/50Hz\/1Fase 200W<\/li>\n<\/ul>\n","protected":false},"excerpt":{"rendered":"<p>Com este espremedor autom\u00e1tico, deixar os clientes pressionar o seu pr\u00f3prio sumo de laranja fresco, utilizando o sistema de torneira de auto-servi\u00e7o. O espremedor tem uma entrega autom\u00e1tica de sumo de laranja e uma capacidade de carregamento de 20kg. consulte Mais informa\u00e7\u00e3o<\/p>\n","protected":false},"featured_media":9460848,"comment_status":"open","ping_status":"closed","template":"","meta":[],"product_cat":[65],"product_tag":[],"class_list":["post-9460849","product","type-product","status-publish","has-post-thumbnail","hentry","product_cat-espremedor-de-sumo","product_shipping_class-gph"],"_links":{"self":[{"href":"https:\/\/tpohotelariaecasa.pt\/index.php\/wp-json\/wp\/v2\/product\/9460849"}],"collection":[{"href":"https:\/\/tpohotelariaecasa.pt\/index.php\/wp-json\/wp\/v2\/product"}],"about":[{"href":"https:\/\/tpohotelariaecasa.pt\/index.php\/wp-json\/wp\/v2\/types\/product"}],"replies":[{"embeddable":true,"href":"https:\/\/tpohotelariaecasa.pt\/index.php\/wp-json\/wp\/v2\/comments?post=9460849"}],"wp:featuredmedia":[{"embeddable":true,"href":"https:\/\/tpohotelariaecasa.pt\/index.php\/wp-json\/wp\/v2\/media\/9460848"}],"wp:attachment":[{"href":"https:\/\/tpohotelariaecasa.pt\/index.php\/wp-json\/wp\/v2\/media?parent=9460849"}],"wp:term":[{"taxonomy":"product_cat","embeddable":true,"href":"https:\/\/tpohotelariaecasa.pt\/index.php\/wp-json\/wp\/v2\/product_cat?post=9460849"},{"taxonomy":"product_tag","embeddable":true,"href":"https:\/\/tpohotelariaecasa.pt\/index.php\/wp-json\/wp\/v2\/product_tag?post=9460849"}],"curies":[{"name":"wp","href":"https:\/\/api.w.org\/{rel}","templated":true}]}}