{"id":9460855,"date":"2024-05-29T17:13:23","date_gmt":"2024-05-29T17:13:23","guid":{"rendered":"https:\/\/tpohotelariaecasa.pt\/index.php\/product\/dispensador-de-bebidas-2-x-18-l-eletrico-incl-mecanismo-de-agitacao\/"},"modified":"2025-04-03T09:09:59","modified_gmt":"2025-04-03T09:09:59","slug":"dispensador-de-bebidas-2-x-18-l-eletrico-incl-mecanismo-de-agitacao","status":"publish","type":"product","link":"https:\/\/tpohotelariaecasa.pt\/index.php\/product\/dispensador-de-bebidas-2-x-18-l-eletrico-incl-mecanismo-de-agitacao\/","title":{"rendered":"Dispensador de Bebidas &#8211; 2 x 18 l &#8211; El\u00e9trico &#8211; incl. Mecanismo de Agita\u00e7\u00e3o"},"content":{"rendered":"<p><strong>Caracter\u00edsticas<\/strong><\/p>\n<ul>\n<li>F\u00e1cil de desmontar<\/li>\n<li>Adequado para copos at\u00e9 15 cm<\/li>\n<li>Bandeja de recolha de \u00e1gua f\u00e1cil de limpar<\/li>\n<li>Caixa e pega em a\u00e7o inoxid\u00e1vel<\/li>\n<li>Inclui um mecanismo de agita\u00e7\u00e3o<\/li>\n<\/ul>\n<p><strong>Especifica\u00e7\u00f5es do produto<\/strong><\/p>\n<ul>\n<li>Peso l\u00edquido: 32 kg<\/li>\n<li>Dimens\u00f5es: L49 x P45 x A70cm<\/li>\n<li>230V \/ 50Hz \/ 1 Fase 244W<\/li>\n<\/ul>\n","protected":false},"excerpt":{"rendered":"<p>Este dispensador de bebidas refrigeradas tem capacidade para 36 litros em dois dep\u00f3sitos de 18 litros e inclui um elemento de agita\u00e7\u00e3o para manter as bebidas bem misturadas. Tem um pr\u00e1tico sistema de torneira que tamb\u00e9m pode ser utilizado para self-service. Este distribuidor de bebidas arrefece muito rapidamente e \u00e9 tamb\u00e9m muito silencioso. consulte Mais informa\u00e7\u00e3o<\/p>\n","protected":false},"featured_media":9460854,"comment_status":"open","ping_status":"closed","template":"","meta":[],"product_cat":[64],"product_tag":[],"class_list":["post-9460855","product","type-product","status-publish","has-post-thumbnail","hentry","product_cat-dispensador-de-bebidas","product_shipping_class-gph"],"_links":{"self":[{"href":"https:\/\/tpohotelariaecasa.pt\/index.php\/wp-json\/wp\/v2\/product\/9460855"}],"collection":[{"href":"https:\/\/tpohotelariaecasa.pt\/index.php\/wp-json\/wp\/v2\/product"}],"about":[{"href":"https:\/\/tpohotelariaecasa.pt\/index.php\/wp-json\/wp\/v2\/types\/product"}],"replies":[{"embeddable":true,"href":"https:\/\/tpohotelariaecasa.pt\/index.php\/wp-json\/wp\/v2\/comments?post=9460855"}],"wp:featuredmedia":[{"embeddable":true,"href":"https:\/\/tpohotelariaecasa.pt\/index.php\/wp-json\/wp\/v2\/media\/9460854"}],"wp:attachment":[{"href":"https:\/\/tpohotelariaecasa.pt\/index.php\/wp-json\/wp\/v2\/media?parent=9460855"}],"wp:term":[{"taxonomy":"product_cat","embeddable":true,"href":"https:\/\/tpohotelariaecasa.pt\/index.php\/wp-json\/wp\/v2\/product_cat?post=9460855"},{"taxonomy":"product_tag","embeddable":true,"href":"https:\/\/tpohotelariaecasa.pt\/index.php\/wp-json\/wp\/v2\/product_tag?post=9460855"}],"curies":[{"name":"wp","href":"https:\/\/api.w.org\/{rel}","templated":true}]}}