{"id":9460859,"date":"2024-05-29T17:13:26","date_gmt":"2024-05-29T17:13:26","guid":{"rendered":"https:\/\/tpohotelariaecasa.pt\/index.php\/product\/frigorifico-para-bebidas-227-l-2-portas-com-dobradicas-4-prateleiras-ajustaveis\/"},"modified":"2025-04-03T09:09:59","modified_gmt":"2025-04-03T09:09:59","slug":"frigorifico-para-bebidas-227-l-2-portas-com-dobradicas-4-prateleiras-ajustaveis","status":"publish","type":"product","link":"https:\/\/tpohotelariaecasa.pt\/index.php\/product\/frigorifico-para-bebidas-227-l-2-portas-com-dobradicas-4-prateleiras-ajustaveis\/","title":{"rendered":"Frigor\u00edfico para Bebidas &#8211; 227 l &#8211; 2 Portas com Dobradi\u00e7as &#8211; 4 Prateleiras Ajust\u00e1veis"},"content":{"rendered":"<p><strong>Caracter\u00edsticas<\/strong><\/p>\n<ul>\n<li>Duas portas de batente com vidros duplos<\/li>\n<li>Isolamento protetor compacto de 32 mm<\/li>\n<li>Ilumina\u00e7\u00e3o LED no interior<\/li>\n<li>Controlador de temperatura digital Dixell<\/li>\n<li>Inclui duas prateleiras ajust\u00e1veis em a\u00e7o inoxid\u00e1vel<\/li>\n<li>Interior revestido a alum\u00ednio<\/li>\n<\/ul>\n<p><strong>Especifica\u00e7\u00f5es do produto<\/strong><\/p>\n<ul>\n<li>Peso l\u00edquido: 88 kg<\/li>\n<li>Capacidade: 227L<\/li>\n<li>Cor: preto<\/li>\n<li>Dimens\u00f5es internas: L85,6 x P37 x A62cm<\/li>\n<li>Dimens\u00f5es exteriores: L92 x P51,5 x A85cm<\/li>\n<li>230V \/ 50Hz \/ 1 Fase 200W<\/li>\n<\/ul>\n","protected":false},"excerpt":{"rendered":"<p>Este frigor\u00edfico profissional para bebidas tem duas portas com dobradi\u00e7as para facilitar o acesso. Tem uma capacidade de 227 L, o que oferece muito espa\u00e7o para v\u00e1rias bebidas &#8211; em garrafas ou latas &#8211; bem como para sandu\u00edches e outros snacks. consulte Mais informa\u00e7\u00e3o<\/p>\n","protected":false},"featured_media":9460858,"comment_status":"open","ping_status":"closed","template":"","meta":[],"product_cat":[74],"product_tag":[],"class_list":["post-9460859","product","type-product","status-publish","has-post-thumbnail","hentry","product_cat-frigobar","product_shipping_class-gph"],"_links":{"self":[{"href":"https:\/\/tpohotelariaecasa.pt\/index.php\/wp-json\/wp\/v2\/product\/9460859"}],"collection":[{"href":"https:\/\/tpohotelariaecasa.pt\/index.php\/wp-json\/wp\/v2\/product"}],"about":[{"href":"https:\/\/tpohotelariaecasa.pt\/index.php\/wp-json\/wp\/v2\/types\/product"}],"replies":[{"embeddable":true,"href":"https:\/\/tpohotelariaecasa.pt\/index.php\/wp-json\/wp\/v2\/comments?post=9460859"}],"wp:featuredmedia":[{"embeddable":true,"href":"https:\/\/tpohotelariaecasa.pt\/index.php\/wp-json\/wp\/v2\/media\/9460858"}],"wp:attachment":[{"href":"https:\/\/tpohotelariaecasa.pt\/index.php\/wp-json\/wp\/v2\/media?parent=9460859"}],"wp:term":[{"taxonomy":"product_cat","embeddable":true,"href":"https:\/\/tpohotelariaecasa.pt\/index.php\/wp-json\/wp\/v2\/product_cat?post=9460859"},{"taxonomy":"product_tag","embeddable":true,"href":"https:\/\/tpohotelariaecasa.pt\/index.php\/wp-json\/wp\/v2\/product_tag?post=9460859"}],"curies":[{"name":"wp","href":"https:\/\/api.w.org\/{rel}","templated":true}]}}