{"id":9460861,"date":"2024-05-29T17:13:27","date_gmt":"2024-05-29T17:13:27","guid":{"rendered":"https:\/\/tpohotelariaecasa.pt\/index.php\/product\/frigorifico-para-bebidas-341-l-3-portas-com-dobradicas-6-prateleiras-ajustaveis\/"},"modified":"2025-04-03T09:09:59","modified_gmt":"2025-04-03T09:09:59","slug":"frigorifico-para-bebidas-341-l-3-portas-com-dobradicas-6-prateleiras-ajustaveis","status":"publish","type":"product","link":"https:\/\/tpohotelariaecasa.pt\/index.php\/product\/frigorifico-para-bebidas-341-l-3-portas-com-dobradicas-6-prateleiras-ajustaveis\/","title":{"rendered":"Frigor\u00edfico para Bebidas &#8211; 341 l &#8211; 3 Portas com Dobradi\u00e7as &#8211; 6 Prateleiras Ajust\u00e1veis"},"content":{"rendered":"<p><strong>Caracter\u00edsticas<\/strong><\/p>\n<ul>\n<li>Tr\u00eas portas de batente com vidros duplos<\/li>\n<li>Isolamento protetor compacto de 32 mm<\/li>\n<li>Ilumina\u00e7\u00e3o LED no interior<\/li>\n<li>Controlador de temperatura digital Dixell<\/li>\n<li>Duas prateleiras ajust\u00e1veis em a\u00e7o inoxid\u00e1vel por porta<\/li>\n<li>Interior revestido a alum\u00ednio<\/li>\n<\/ul>\n<p><strong>Especifica\u00e7\u00f5es do produto<\/strong><\/p>\n<ul>\n<li>Peso l\u00edquido: 120kg<\/li>\n<li>Capacidade: 341L<\/li>\n<li>Cor: preto<\/li>\n<li>Dimens\u00f5es internas: L128,6 x P37 x A62cm<\/li>\n<li>Dimens\u00f5es exteriores: L135 x P51,5 x A85cm<\/li>\n<li>230V \/ 50Hz \/ 1 Fase 250W<\/li>\n<\/ul>\n","protected":false},"excerpt":{"rendered":"<p>Este elegante frigor\u00edfico preto para bebidas tem tr\u00eas portas com dobradi\u00e7as e oferece muito espa\u00e7o para armazenar garrafas, latas e at\u00e9 snacks. Gra\u00e7as ao controlador de temperatura digital, pode definir com precis\u00e3o a temperatura entre 0 e 12\u00b0C para que os produtos estejam perfeitamente refrigerados at\u00e9 serem necess\u00e1rios. consulte Mais informa\u00e7\u00e3o<\/p>\n","protected":false},"featured_media":9460860,"comment_status":"open","ping_status":"closed","template":"","meta":[],"product_cat":[74],"product_tag":[],"class_list":["post-9460861","product","type-product","status-publish","has-post-thumbnail","hentry","product_cat-frigobar","product_shipping_class-gph"],"_links":{"self":[{"href":"https:\/\/tpohotelariaecasa.pt\/index.php\/wp-json\/wp\/v2\/product\/9460861"}],"collection":[{"href":"https:\/\/tpohotelariaecasa.pt\/index.php\/wp-json\/wp\/v2\/product"}],"about":[{"href":"https:\/\/tpohotelariaecasa.pt\/index.php\/wp-json\/wp\/v2\/types\/product"}],"replies":[{"embeddable":true,"href":"https:\/\/tpohotelariaecasa.pt\/index.php\/wp-json\/wp\/v2\/comments?post=9460861"}],"wp:featuredmedia":[{"embeddable":true,"href":"https:\/\/tpohotelariaecasa.pt\/index.php\/wp-json\/wp\/v2\/media\/9460860"}],"wp:attachment":[{"href":"https:\/\/tpohotelariaecasa.pt\/index.php\/wp-json\/wp\/v2\/media?parent=9460861"}],"wp:term":[{"taxonomy":"product_cat","embeddable":true,"href":"https:\/\/tpohotelariaecasa.pt\/index.php\/wp-json\/wp\/v2\/product_cat?post=9460861"},{"taxonomy":"product_tag","embeddable":true,"href":"https:\/\/tpohotelariaecasa.pt\/index.php\/wp-json\/wp\/v2\/product_tag?post=9460861"}],"curies":[{"name":"wp","href":"https:\/\/api.w.org\/{rel}","templated":true}]}}