{"id":9460863,"date":"2024-05-29T17:13:28","date_gmt":"2024-05-29T17:13:28","guid":{"rendered":"https:\/\/tpohotelariaecasa.pt\/index.php\/product\/bebidas-geladeira-466-l-10-prateleiras-ajustaveis\/"},"modified":"2025-04-03T09:09:59","modified_gmt":"2025-04-03T09:09:59","slug":"bebidas-geladeira-466-l-10-prateleiras-ajustaveis","status":"publish","type":"product","link":"https:\/\/tpohotelariaecasa.pt\/index.php\/product\/bebidas-geladeira-466-l-10-prateleiras-ajustaveis\/","title":{"rendered":"Bebidas Geladeira &#8211; 466 l &#8211; 10 Prateleiras Ajust\u00e1veis"},"content":{"rendered":"<ul>\n<li>Ideal para garrafas, latas e snacks<\/li>\n<li>Equipado com 2 portas articuladas<\/li>\n<li>Portas com vidros duplos<\/li>\n<li>Cada porta est\u00e1 equipada com fechadura<\/li>\n<li>Com 5 grelhas ajust\u00e1veis de a\u00e7o inoxid\u00e1vel<\/li>\n<li>Interior com revestimento de alum\u00ednio<\/li>\n<li>Sistema de arrefecimento com ventilador<\/li>\n<li>Ciclo de arrefecimento \u00fanico para reduzir a forma\u00e7\u00e3o de gelo<\/li>\n<li>Ilumina\u00e7\u00e3o LED no interior<\/li>\n<li>Refrigerante R290 \/ sem CFC<\/li>\n<li>Controlador digital de temperatura Dixell<\/li>\n<li>Temperatura 0 \u00b0 a + 12 \u00b0 Celsius<\/li>\n<li>Temperatura ambiente m\u00e1xima 32?<\/li>\n<li>Isolamento de protec\u00e7\u00e3o compacto de 32 mm<\/li>\n<li>P\u00e9s ajust\u00e1veis<\/li>\n<li>Peso l\u00edquido: 140kg<\/li>\n<li>Capacidade: 466L<\/li>\n<li>Cor: preto<\/li>\n<li>Dimens\u00f5es internas: B85,6 x D43,3 x H147,2cm<\/li>\n<li>Dimens\u00f5es externas: B92 x D51,5 x H180cm<\/li>\n<li>230V\/50Hz\/1Fase 418W<\/li>\n<\/ul>\n","protected":false},"excerpt":{"rendered":"<p>Este frigor\u00edfico de bebidas altas \u00e9 bem adequado para estabelecimentos de restaura\u00e7\u00e3o com espa\u00e7o limitado. Gra\u00e7as \u00e0s portas duplas e \u00e0 ilumina\u00e7\u00e3o LED, os produtos s\u00e3o lindamente apresentados. consulte Mais informa\u00e7\u00e3o<\/p>\n","protected":false},"featured_media":9460862,"comment_status":"open","ping_status":"closed","template":"","meta":[],"product_cat":[138,74],"product_tag":[],"class_list":["post-9460863","product","type-product","status-publish","has-post-thumbnail","hentry","product_cat-frio-industrial","product_cat-frigobar","product_shipping_class-gph"],"_links":{"self":[{"href":"https:\/\/tpohotelariaecasa.pt\/index.php\/wp-json\/wp\/v2\/product\/9460863"}],"collection":[{"href":"https:\/\/tpohotelariaecasa.pt\/index.php\/wp-json\/wp\/v2\/product"}],"about":[{"href":"https:\/\/tpohotelariaecasa.pt\/index.php\/wp-json\/wp\/v2\/types\/product"}],"replies":[{"embeddable":true,"href":"https:\/\/tpohotelariaecasa.pt\/index.php\/wp-json\/wp\/v2\/comments?post=9460863"}],"wp:featuredmedia":[{"embeddable":true,"href":"https:\/\/tpohotelariaecasa.pt\/index.php\/wp-json\/wp\/v2\/media\/9460862"}],"wp:attachment":[{"href":"https:\/\/tpohotelariaecasa.pt\/index.php\/wp-json\/wp\/v2\/media?parent=9460863"}],"wp:term":[{"taxonomy":"product_cat","embeddable":true,"href":"https:\/\/tpohotelariaecasa.pt\/index.php\/wp-json\/wp\/v2\/product_cat?post=9460863"},{"taxonomy":"product_tag","embeddable":true,"href":"https:\/\/tpohotelariaecasa.pt\/index.php\/wp-json\/wp\/v2\/product_tag?post=9460863"}],"curies":[{"name":"wp","href":"https:\/\/api.w.org\/{rel}","templated":true}]}}