{"id":9460865,"date":"2024-05-29T17:13:29","date_gmt":"2024-05-29T17:13:29","guid":{"rendered":"https:\/\/tpohotelariaecasa.pt\/index.php\/product\/congelador-rapido-capacidade-5-x-gn-1-1\/"},"modified":"2025-04-03T09:09:59","modified_gmt":"2025-04-03T09:09:59","slug":"congelador-rapido-capacidade-5-x-gn-1-1","status":"publish","type":"product","link":"https:\/\/tpohotelariaecasa.pt\/index.php\/product\/congelador-rapido-capacidade-5-x-gn-1-1\/","title":{"rendered":"Congelador R\u00e1pido &#8211; Capacidade 5 x GN 1\/1"},"content":{"rendered":"<p><strong>Caracter\u00edsticas<\/strong><\/p>\n<ul>\n<li>Caixa e interior em a\u00e7o inoxid\u00e1vel (AISI 304)<\/li>\n<li>Descongela\u00e7\u00e3o autom\u00e1tica<\/li>\n<li>Evaporador de \u00e1gua de refrigera\u00e7\u00e3o<\/li>\n<li>Controlo digital inteligente da temperatura<\/li>\n<li>Acabamento de luxo com pega embutida<\/li>\n<li>Isolamento protetor compacto de 6 cm<\/li>\n<\/ul>\n<p><strong>Especifica\u00e7\u00f5es do produto<\/strong><\/p>\n<ul>\n<li>Peso l\u00edquido: 108kg<\/li>\n<li>Dimens\u00f5es internas: L67 x P40 x A39cm<\/li>\n<li>Dimens\u00f5es exteriores: L80 x P80 x A93cm<\/li>\n<li>Arrefecimento r\u00e1pido: de 70 a 3\u00b0C em 90 minutos para 20 kg<\/li>\n<li>Congela\u00e7\u00e3o r\u00e1pida: de 70 a -18\u00b0C em 240 min para 15 kg<\/li>\n<li>230V \/ 50Hz \/ 1 Fase 750W<\/li>\n<\/ul>\n","protected":false},"excerpt":{"rendered":"<p>Este refrigerador profissional permite-lhe arrefecer ou congelar alimentos de forma r\u00e1pida e eficiente. Tem capacidade para 5 tabuleiros GN 1\/1 ou tabuleiros Bakerynorm de 40 x 60 cm cheios de alimentos. Adapta-se perfeitamente a qualquer cozinha de catering, como em hot\u00e9is, restaurantes, caf\u00e9s e cantinas. consulte Mais informa\u00e7\u00e3o<\/p>\n","protected":false},"featured_media":9460864,"comment_status":"open","ping_status":"closed","template":"","meta":[],"product_cat":[138,76],"product_tag":[],"class_list":["post-9460865","product","type-product","status-publish","has-post-thumbnail","hentry","product_cat-frio-industrial","product_cat-blast-freezer","product_shipping_class-gph"],"_links":{"self":[{"href":"https:\/\/tpohotelariaecasa.pt\/index.php\/wp-json\/wp\/v2\/product\/9460865"}],"collection":[{"href":"https:\/\/tpohotelariaecasa.pt\/index.php\/wp-json\/wp\/v2\/product"}],"about":[{"href":"https:\/\/tpohotelariaecasa.pt\/index.php\/wp-json\/wp\/v2\/types\/product"}],"replies":[{"embeddable":true,"href":"https:\/\/tpohotelariaecasa.pt\/index.php\/wp-json\/wp\/v2\/comments?post=9460865"}],"wp:featuredmedia":[{"embeddable":true,"href":"https:\/\/tpohotelariaecasa.pt\/index.php\/wp-json\/wp\/v2\/media\/9460864"}],"wp:attachment":[{"href":"https:\/\/tpohotelariaecasa.pt\/index.php\/wp-json\/wp\/v2\/media?parent=9460865"}],"wp:term":[{"taxonomy":"product_cat","embeddable":true,"href":"https:\/\/tpohotelariaecasa.pt\/index.php\/wp-json\/wp\/v2\/product_cat?post=9460865"},{"taxonomy":"product_tag","embeddable":true,"href":"https:\/\/tpohotelariaecasa.pt\/index.php\/wp-json\/wp\/v2\/product_tag?post=9460865"}],"curies":[{"name":"wp","href":"https:\/\/api.w.org\/{rel}","templated":true}]}}