{"id":9460867,"date":"2024-05-29T17:13:30","date_gmt":"2024-05-29T17:13:30","guid":{"rendered":"https:\/\/tpohotelariaecasa.pt\/index.php\/product\/congelador-rapido-capacidade-de-10-x-gn-1-1\/"},"modified":"2025-04-03T09:09:59","modified_gmt":"2025-04-03T09:09:59","slug":"congelador-rapido-capacidade-de-10-x-gn-1-1","status":"publish","type":"product","link":"https:\/\/tpohotelariaecasa.pt\/index.php\/product\/congelador-rapido-capacidade-de-10-x-gn-1-1\/","title":{"rendered":"Congelador R\u00e1pido &#8211; Capacidade de 10 x GN 1\/1"},"content":{"rendered":"<p><strong>Caracter\u00edsticas<\/strong><\/p>\n<ul>\n<li>Caixa e interior em a\u00e7o inoxid\u00e1vel (AISI 304)<\/li>\n<li>Descongela\u00e7\u00e3o autom\u00e1tica<\/li>\n<li>Evaporador de \u00e1gua de refrigera\u00e7\u00e3o<\/li>\n<li>Acabamento de luxo com pega embutida<\/li>\n<li>Isolamento protetor compacto de 6cm<\/li>\n<li>Porta de fecho autom\u00e1tico com vedante de borracha antibacteriana<\/li>\n<\/ul>\n<p><strong>Especifica\u00e7\u00f5es do produto<\/strong><\/p>\n<ul>\n<li>Peso l\u00edquido: 160 kg<\/li>\n<li>Dimens\u00f5es internas: L67 x P40 x A79cm<\/li>\n<li>Dimens\u00f5es exteriores: L80 x P80 x H160cm<\/li>\n<li>Arrefecimento r\u00e1pido: de 70 a 3\u00b0C em 90 minutos para 40 kg<\/li>\n<li>Congela\u00e7\u00e3o r\u00e1pida: de 70 a -18\u00b0C em 240 min para 28 kg<\/li>\n<li>230V \/ 50Hz \/ 1 Fase 980W<\/li>\n<\/ul>\n","protected":false},"excerpt":{"rendered":"<p>Este refrigerador profissional permite-lhe arrefecer ou congelar alimentos de forma r\u00e1pida e eficiente. Tem capacidade para 10 x 1\/1 GN ou 40 x 60 cm de tabuleiros Bakerynorm cheios de alimentos. Adapta-se perfeitamente a qualquer cozinha de catering, como em hot\u00e9is, restaurantes, caf\u00e9s e cantinas. Tamb\u00e9m tem rodas, o que facilita a sua desloca\u00e7\u00e3o. consulte Mais informa\u00e7\u00e3o<\/p>\n","protected":false},"featured_media":9460866,"comment_status":"open","ping_status":"closed","template":"","meta":[],"product_cat":[138,76],"product_tag":[],"class_list":["post-9460867","product","type-product","status-publish","has-post-thumbnail","hentry","product_cat-frio-industrial","product_cat-blast-freezer","product_shipping_class-gph"],"_links":{"self":[{"href":"https:\/\/tpohotelariaecasa.pt\/index.php\/wp-json\/wp\/v2\/product\/9460867"}],"collection":[{"href":"https:\/\/tpohotelariaecasa.pt\/index.php\/wp-json\/wp\/v2\/product"}],"about":[{"href":"https:\/\/tpohotelariaecasa.pt\/index.php\/wp-json\/wp\/v2\/types\/product"}],"replies":[{"embeddable":true,"href":"https:\/\/tpohotelariaecasa.pt\/index.php\/wp-json\/wp\/v2\/comments?post=9460867"}],"wp:featuredmedia":[{"embeddable":true,"href":"https:\/\/tpohotelariaecasa.pt\/index.php\/wp-json\/wp\/v2\/media\/9460866"}],"wp:attachment":[{"href":"https:\/\/tpohotelariaecasa.pt\/index.php\/wp-json\/wp\/v2\/media?parent=9460867"}],"wp:term":[{"taxonomy":"product_cat","embeddable":true,"href":"https:\/\/tpohotelariaecasa.pt\/index.php\/wp-json\/wp\/v2\/product_cat?post=9460867"},{"taxonomy":"product_tag","embeddable":true,"href":"https:\/\/tpohotelariaecasa.pt\/index.php\/wp-json\/wp\/v2\/product_tag?post=9460867"}],"curies":[{"name":"wp","href":"https:\/\/api.w.org\/{rel}","templated":true}]}}