{"id":9460871,"date":"2024-05-29T17:13:33","date_gmt":"2024-05-29T17:13:33","guid":{"rendered":"https:\/\/tpohotelariaecasa.pt\/index.php\/product\/frigorifico-saladette-de-pizzas-90-cm-2-portas-adapta-se-5-x-gn-1-6-incl-tampa-de-vidro\/"},"modified":"2025-04-03T09:09:59","modified_gmt":"2025-04-03T09:09:59","slug":"frigorifico-saladette-de-pizzas-90-cm-2-portas-adapta-se-5-x-gn-1-6-incl-tampa-de-vidro","status":"publish","type":"product","link":"https:\/\/tpohotelariaecasa.pt\/index.php\/product\/frigorifico-saladette-de-pizzas-90-cm-2-portas-adapta-se-5-x-gn-1-6-incl-tampa-de-vidro\/","title":{"rendered":"Frigorifico Saladette de Pizzas &#8211; 90 cm &#8211; 2 Portas &#8211; Adapta-se 5 x GN 1\/6 &#8211; incl. Tampa de Vidro"},"content":{"rendered":"<p><strong>Caracter\u00edsticas<\/strong><\/p>\n<ul>\n<li>Com espa\u00e7o de trabalho em granito na parte superior<\/li>\n<li>Controlo digital da temperatura (Dixell)<\/li>\n<li>Caixa em a\u00e7o inoxid\u00e1vel (AISI 304)<\/li>\n<li>Inclui prateleiras ajust\u00e1veis (uma por porta)<\/li>\n<li>Ciclo de arrefecimento para reduzir a forma\u00e7\u00e3o de gelo<\/li>\n<li>Isolamento protetor compacto de 3,5cm<\/li>\n<\/ul>\n<p><strong>Especifica\u00e7\u00f5es do produto<\/strong><\/p>\n<ul>\n<li>Peso l\u00edquido: 106 kg<\/li>\n<li>Dimens\u00f5es internas: L83 x P59,5 x A50cm<\/li>\n<li>Dimens\u00f5es exteriores: L90 x P70 x A110cm (altura m\u00e1xima de 100 mm)<\/li>\n<li>Capacidade: 285L com espa\u00e7o para 5 contentores 1\/6 GN<\/li>\n<li>230V \/ 50Hz \/ 1 Fase 230W<\/li>\n<\/ul>\n","protected":false},"excerpt":{"rendered":"<p>Com este frigor\u00edfico de prepara\u00e7\u00e3o de pizzas de design elegante, com duas portas e uma bancada em granito, pode preparar as pizzas mais saborosas com as coberturas mais frescas, sempre que precisar delas. Todos os seus ingredientes frescos podem agora estar facilmente acess\u00edveis num dos cinco recipientes de 1\/6 GN e a sec\u00e7\u00e3o superior em vidro proporciona uma vis\u00e3o clara. consulte Mais informa\u00e7\u00e3o<\/p>\n","protected":false},"featured_media":9460870,"comment_status":"open","ping_status":"closed","template":"","meta":[],"product_cat":[138,80],"product_tag":[],"class_list":["post-9460871","product","type-product","status-publish","has-post-thumbnail","hentry","product_cat-frio-industrial","product_cat-saladete","product_shipping_class-gph"],"_links":{"self":[{"href":"https:\/\/tpohotelariaecasa.pt\/index.php\/wp-json\/wp\/v2\/product\/9460871"}],"collection":[{"href":"https:\/\/tpohotelariaecasa.pt\/index.php\/wp-json\/wp\/v2\/product"}],"about":[{"href":"https:\/\/tpohotelariaecasa.pt\/index.php\/wp-json\/wp\/v2\/types\/product"}],"replies":[{"embeddable":true,"href":"https:\/\/tpohotelariaecasa.pt\/index.php\/wp-json\/wp\/v2\/comments?post=9460871"}],"wp:featuredmedia":[{"embeddable":true,"href":"https:\/\/tpohotelariaecasa.pt\/index.php\/wp-json\/wp\/v2\/media\/9460870"}],"wp:attachment":[{"href":"https:\/\/tpohotelariaecasa.pt\/index.php\/wp-json\/wp\/v2\/media?parent=9460871"}],"wp:term":[{"taxonomy":"product_cat","embeddable":true,"href":"https:\/\/tpohotelariaecasa.pt\/index.php\/wp-json\/wp\/v2\/product_cat?post=9460871"},{"taxonomy":"product_tag","embeddable":true,"href":"https:\/\/tpohotelariaecasa.pt\/index.php\/wp-json\/wp\/v2\/product_tag?post=9460871"}],"curies":[{"name":"wp","href":"https:\/\/api.w.org\/{rel}","templated":true}]}}