{"id":9460877,"date":"2024-05-29T17:13:36","date_gmt":"2024-05-29T17:13:36","guid":{"rendered":"https:\/\/tpohotelariaecasa.pt\/index.php\/product\/geladeira-de-preparacao-de-bancada-140-cm-adapta-se-6-x-gn-1-3\/"},"modified":"2025-04-03T09:09:59","modified_gmt":"2025-04-03T09:09:59","slug":"geladeira-de-preparacao-de-bancada-140-cm-adapta-se-6-x-gn-1-3","status":"publish","type":"product","link":"https:\/\/tpohotelariaecasa.pt\/index.php\/product\/geladeira-de-preparacao-de-bancada-140-cm-adapta-se-6-x-gn-1-3\/","title":{"rendered":"Geladeira de Prepara\u00e7\u00e3o de Bancada &#8211; 140 cm &#8211; Adapta-se 6 x GN 1\/3"},"content":{"rendered":"<p><strong>Caracter\u00edsticas<\/strong><\/p>\n<ul>\n<li>Arrefecimento est\u00e1tico<\/li>\n<li>Evaporador com espuma<\/li>\n<li>Caixa em a\u00e7o inoxid\u00e1vel<\/li>\n<li>Equipado com p\u00e9s ajust\u00e1veis<\/li>\n<li>Sistema anti-condensa\u00e7\u00e3o<\/li>\n<li>Fornecido com duas barras transversais<\/li>\n<li>Refrigerante R600a, isento de CFC<\/li>\n<li>Exclu\u00eddos os recipientes e as tampas GN<\/li>\n<li>Controlo digital da temperatura (Dixell)<\/li>\n<li>Gama de temperaturas de 0 a 10\u00b0C<\/li>\n<li>Temperatura ambiente m\u00e1xima de 32\u00b0C<\/li>\n<li>Isolamento protetor compacto de 5cm<\/li>\n<li>Ciclo de arrefecimento especial para reduzir a forma\u00e7\u00e3o de gelo<\/li>\n<\/ul>\n<p><strong>Especifica\u00e7\u00f5es do produto<\/strong><\/p>\n<ul>\n<li>Peso l\u00edquido: 40kg<\/li>\n<li>Dimens\u00f5es: L140 x P39,5 x A43,5cm<\/li>\n<li>Capacidade: Cabe 6 x 1\/3 GN contentores<\/li>\n<li>230V \/ 50Hz \/ 1 Fase 200W<\/li>\n<\/ul>\n","protected":false},"excerpt":{"rendered":"<p>Este frigor\u00edfico de prepara\u00e7\u00e3o de bancada montado na superf\u00edcie inclui uma tampa de vidro e tem 140 cm de largura. Oferece espa\u00e7o para seis recipientes Gastronorm de 1\/3 GN, nos quais pode colocar os ingredientes que precisa de ter \u00e0 m\u00e3o e manter refrigerados. Inclui tamb\u00e9m um controlador de temperatura digital que \u00e9 f\u00e1cil de definir e de ler. consulte Mais informa\u00e7\u00e3o<\/p>\n","protected":false},"featured_media":9460876,"comment_status":"open","ping_status":"closed","template":"","meta":[],"product_cat":[81,138],"product_tag":[],"class_list":["post-9460877","product","type-product","status-publish","has-post-thumbnail","hentry","product_cat-vitrine-refrigerada","product_cat-frio-industrial","product_shipping_class-gph"],"_links":{"self":[{"href":"https:\/\/tpohotelariaecasa.pt\/index.php\/wp-json\/wp\/v2\/product\/9460877"}],"collection":[{"href":"https:\/\/tpohotelariaecasa.pt\/index.php\/wp-json\/wp\/v2\/product"}],"about":[{"href":"https:\/\/tpohotelariaecasa.pt\/index.php\/wp-json\/wp\/v2\/types\/product"}],"replies":[{"embeddable":true,"href":"https:\/\/tpohotelariaecasa.pt\/index.php\/wp-json\/wp\/v2\/comments?post=9460877"}],"wp:featuredmedia":[{"embeddable":true,"href":"https:\/\/tpohotelariaecasa.pt\/index.php\/wp-json\/wp\/v2\/media\/9460876"}],"wp:attachment":[{"href":"https:\/\/tpohotelariaecasa.pt\/index.php\/wp-json\/wp\/v2\/media?parent=9460877"}],"wp:term":[{"taxonomy":"product_cat","embeddable":true,"href":"https:\/\/tpohotelariaecasa.pt\/index.php\/wp-json\/wp\/v2\/product_cat?post=9460877"},{"taxonomy":"product_tag","embeddable":true,"href":"https:\/\/tpohotelariaecasa.pt\/index.php\/wp-json\/wp\/v2\/product_tag?post=9460877"}],"curies":[{"name":"wp","href":"https:\/\/api.w.org\/{rel}","templated":true}]}}