{"id":9460881,"date":"2024-05-29T17:13:38","date_gmt":"2024-05-29T17:13:38","guid":{"rendered":"https:\/\/tpohotelariaecasa.pt\/index.php\/product\/geladeira-de-preparacao-de-bancada-160-cm-adapta-se-7-x-gn-1-3\/"},"modified":"2025-04-03T09:09:59","modified_gmt":"2025-04-03T09:09:59","slug":"geladeira-de-preparacao-de-bancada-160-cm-adapta-se-7-x-gn-1-3","status":"publish","type":"product","link":"https:\/\/tpohotelariaecasa.pt\/index.php\/product\/geladeira-de-preparacao-de-bancada-160-cm-adapta-se-7-x-gn-1-3\/","title":{"rendered":"Geladeira de Prepara\u00e7\u00e3o de Bancada &#8211; 160 cm &#8211; Adapta-se 7 x GN 1\/3"},"content":{"rendered":"<p><strong>Caracter\u00edsticas<\/strong><\/p>\n<ul>\n<li>Caixa em a\u00e7o inoxid\u00e1vel<\/li>\n<li>Equipado com p\u00e9s ajust\u00e1veis<\/li>\n<li>Ciclo de arrefecimento especial para reduzir a forma\u00e7\u00e3o de gelo<\/li>\n<li>Sistema anti-condensa\u00e7\u00e3o<\/li>\n<li>Isolamento protetor compacto de 5cm<\/li>\n<li>Fornecido com duas barras transversais<\/li>\n<li>Controlo digital da temperatura (Dixell)<\/li>\n<\/ul>\n<p><strong>Especifica\u00e7\u00f5es do produto<\/strong><\/p>\n<ul>\n<li>Peso l\u00edquido: 32kg<\/li>\n<li>Dimens\u00f5es: W160 x D39,5 x H43,5cm<\/li>\n<li>Capacidade: 7 x 1\/3 recipientes GN<\/li>\n<li>Pot\u00eancia: 230V \/ 50Hz \/ 1 Fase 200W<\/li>\n<\/ul>\n","protected":false},"excerpt":{"rendered":"<p>Este frigor\u00edfico de prepara\u00e7\u00e3o de bancada inclui uma tampa de vidro e tem 160 cm de largura. Oferece espa\u00e7o para sete recipientes Gastronorm de 1\/3 GN, nos quais pode colocar os ingredientes de que necessita \u00e0 m\u00e3o e mant\u00ea-los frescos. Inclui tamb\u00e9m um controlador de temperatura digital que \u00e9 f\u00e1cil de definir e de ler. consulte Mais informa\u00e7\u00e3o<\/p>\n","protected":false},"featured_media":9460880,"comment_status":"open","ping_status":"closed","template":"","meta":[],"product_cat":[81,138],"product_tag":[],"class_list":["post-9460881","product","type-product","status-publish","has-post-thumbnail","hentry","product_cat-vitrine-refrigerada","product_cat-frio-industrial","product_shipping_class-gph"],"_links":{"self":[{"href":"https:\/\/tpohotelariaecasa.pt\/index.php\/wp-json\/wp\/v2\/product\/9460881"}],"collection":[{"href":"https:\/\/tpohotelariaecasa.pt\/index.php\/wp-json\/wp\/v2\/product"}],"about":[{"href":"https:\/\/tpohotelariaecasa.pt\/index.php\/wp-json\/wp\/v2\/types\/product"}],"replies":[{"embeddable":true,"href":"https:\/\/tpohotelariaecasa.pt\/index.php\/wp-json\/wp\/v2\/comments?post=9460881"}],"wp:featuredmedia":[{"embeddable":true,"href":"https:\/\/tpohotelariaecasa.pt\/index.php\/wp-json\/wp\/v2\/media\/9460880"}],"wp:attachment":[{"href":"https:\/\/tpohotelariaecasa.pt\/index.php\/wp-json\/wp\/v2\/media?parent=9460881"}],"wp:term":[{"taxonomy":"product_cat","embeddable":true,"href":"https:\/\/tpohotelariaecasa.pt\/index.php\/wp-json\/wp\/v2\/product_cat?post=9460881"},{"taxonomy":"product_tag","embeddable":true,"href":"https:\/\/tpohotelariaecasa.pt\/index.php\/wp-json\/wp\/v2\/product_tag?post=9460881"}],"curies":[{"name":"wp","href":"https:\/\/api.w.org\/{rel}","templated":true}]}}