{"id":9460889,"date":"2024-05-29T17:13:43","date_gmt":"2024-05-29T17:13:43","guid":{"rendered":"https:\/\/tpohotelariaecasa.pt\/index.php\/product\/vitrine-refrigerada-235-l-52-cm-branco\/"},"modified":"2025-04-03T09:09:59","modified_gmt":"2025-04-03T09:09:59","slug":"vitrine-refrigerada-235-l-52-cm-branco","status":"publish","type":"product","link":"https:\/\/tpohotelariaecasa.pt\/index.php\/product\/vitrine-refrigerada-235-l-52-cm-branco\/","title":{"rendered":"Vitrine Refrigerada &#8211; 235 l &#8211; 52 cm &#8211; Branco"},"content":{"rendered":"<p><strong>Caracter\u00edsticas<\/strong><\/p>\n<ul>\n<li>Com fechadura<\/li>\n<li>P\u00e9s fixos<\/li>\n<li>Arrefecimento com ventilador<\/li>\n<li>Luzes LED no interior<\/li>\n<li>A\u00e7o pintado com pl\u00e1stico<\/li>\n<li>Temperatura de -1 a 7\u00b0C<\/li>\n<li>Refrigerante R600a, sem CFC<\/li>\n<li>Vem com quatro prateleiras revestidas<\/li>\n<li>Controlador digital de temperatura Dixell<\/li>\n<li>Janelas de vidro duplo em todos os lados<\/li>\n<li>Ciclo de arrefecimento \u00fanico para reduzir a forma\u00e7\u00e3o de gelo<\/li>\n<\/ul>\n<p><strong>Especifica\u00e7\u00f5es do produto<\/strong><\/p>\n<ul>\n<li>Peso l\u00edquido: 76kg<\/li>\n<li>Dimens\u00f5es internas: L50 x D41 x H125cm<\/li>\n<li>Dimens\u00f5es externas: W51,5 x D48,5 x H169cm<\/li>\n<li>Dimens\u00f5es da prateleira: L36 x D31cm<\/li>\n<li>230V \/ 50Hz \/ 1 Fase 250W<\/li>\n<\/ul>\n","protected":false},"excerpt":{"rendered":"<p>Com uma capacidade de 235 litros, este frigor\u00edfico de exposi\u00e7\u00e3o profissional \u00e9 ideal para utiliza\u00e7\u00e3o em estabelecimentos de restaura\u00e7\u00e3o como restaurantes, caf\u00e9s, padarias e cantinas. \u00c9 perfeito para a refrigera\u00e7\u00e3o e apresenta\u00e7\u00e3o de produtos de uma forma atractiva para potenciais clientes. A temperatura \u00e9 f\u00e1cil de definir atrav\u00e9s do controlador digital de temperatura para que os produtos permane\u00e7am t\u00e3o frescos e refrigerados quanto poss\u00edvel. consulte Mais informa\u00e7\u00e3o<\/p>\n","protected":false},"featured_media":9460888,"comment_status":"open","ping_status":"closed","template":"","meta":[],"product_cat":[81,138],"product_tag":[],"class_list":["post-9460889","product","type-product","status-publish","has-post-thumbnail","hentry","product_cat-vitrine-refrigerada","product_cat-frio-industrial","product_shipping_class-gph"],"_links":{"self":[{"href":"https:\/\/tpohotelariaecasa.pt\/index.php\/wp-json\/wp\/v2\/product\/9460889"}],"collection":[{"href":"https:\/\/tpohotelariaecasa.pt\/index.php\/wp-json\/wp\/v2\/product"}],"about":[{"href":"https:\/\/tpohotelariaecasa.pt\/index.php\/wp-json\/wp\/v2\/types\/product"}],"replies":[{"embeddable":true,"href":"https:\/\/tpohotelariaecasa.pt\/index.php\/wp-json\/wp\/v2\/comments?post=9460889"}],"wp:featuredmedia":[{"embeddable":true,"href":"https:\/\/tpohotelariaecasa.pt\/index.php\/wp-json\/wp\/v2\/media\/9460888"}],"wp:attachment":[{"href":"https:\/\/tpohotelariaecasa.pt\/index.php\/wp-json\/wp\/v2\/media?parent=9460889"}],"wp:term":[{"taxonomy":"product_cat","embeddable":true,"href":"https:\/\/tpohotelariaecasa.pt\/index.php\/wp-json\/wp\/v2\/product_cat?post=9460889"},{"taxonomy":"product_tag","embeddable":true,"href":"https:\/\/tpohotelariaecasa.pt\/index.php\/wp-json\/wp\/v2\/product_tag?post=9460889"}],"curies":[{"name":"wp","href":"https:\/\/api.w.org\/{rel}","templated":true}]}}