{"id":9460897,"date":"2024-05-29T17:13:47","date_gmt":"2024-05-29T17:13:47","guid":{"rendered":"https:\/\/tpohotelariaecasa.pt\/index.php\/product\/expositor-de-pastelaria-400-l-90-cm-sobre-rodas\/"},"modified":"2025-04-03T09:09:59","modified_gmt":"2025-04-03T09:09:59","slug":"expositor-de-pastelaria-400-l-90-cm-sobre-rodas","status":"publish","type":"product","link":"https:\/\/tpohotelariaecasa.pt\/index.php\/product\/expositor-de-pastelaria-400-l-90-cm-sobre-rodas\/","title":{"rendered":"Expositor de Pastelaria &#8211; 400 l &#8211; 90 cm &#8211; Sobre Rodas"},"content":{"rendered":"<ul>\n<li>Ideal para bolos, pastelaria, snacks e sandu\u00edches<\/li>\n<li>Caixa de a\u00e7o inoxid\u00e1vel com janelas rectangulares em toda a volta<\/li>\n<li>Porta deslizante na parte de tr\u00e1s<\/li>\n<li>Janelas de vidro em todos os lados (vidros duplos)<\/li>\n<li>Equipado com 3 prateleiras de vidro ajust\u00e1veis<\/li>\n<li>Sistema de arrefecimento com ventilador (utiliz\u00e1vel para bolos)<\/li>\n<li>Ciclo de arrefecimento \u00fanico para reduzir a forma\u00e7\u00e3o de gelo<\/li>\n<li>Ilumina\u00e7\u00e3o LED no interior<\/li>\n<li>Refrigerante R290 \/ CFC livre<\/li>\n<li>Controlador digital de temperatura Dixell<\/li>\n<li>Temperatura 0 \u00b0 a + 12 \u00b0 Celsius<\/li>\n<li>M\u00f3vel sobre 4 rodas<\/li>\n<li>Peso l\u00edquido: 141kg<\/li>\n<li>Dimens\u00f5es internas do dispositivo: W86 x D71,8 x H92,2cm<\/li>\n<li>Dimens\u00f5es externas do dispositivo: L90 x D80,5 x H144,5cm<\/li>\n<li>Pot\u00eancia: 230V \/ 50Hz \/ 1Fase 450W<\/li>\n<\/ul>\n","protected":false},"excerpt":{"rendered":"<p>Nesta vitrina de luxo, com uma capacidade de 400 litros, pode manter bolos, sandes e pastelaria frescos e frescos durante muito tempo. Tamb\u00e9m \u00e9 f\u00e1cil de mover, gra\u00e7as aos quatro rod\u00edzios no fundo e a um controlador de temperatura f\u00e1cil de usar. consulte Mais informa\u00e7\u00e3o<\/p>\n","protected":false},"featured_media":9460896,"comment_status":"open","ping_status":"closed","template":"","meta":[],"product_cat":[81],"product_tag":[],"class_list":["post-9460897","product","type-product","status-publish","has-post-thumbnail","hentry","product_cat-vitrine-refrigerada","product_shipping_class-gph"],"_links":{"self":[{"href":"https:\/\/tpohotelariaecasa.pt\/index.php\/wp-json\/wp\/v2\/product\/9460897"}],"collection":[{"href":"https:\/\/tpohotelariaecasa.pt\/index.php\/wp-json\/wp\/v2\/product"}],"about":[{"href":"https:\/\/tpohotelariaecasa.pt\/index.php\/wp-json\/wp\/v2\/types\/product"}],"replies":[{"embeddable":true,"href":"https:\/\/tpohotelariaecasa.pt\/index.php\/wp-json\/wp\/v2\/comments?post=9460897"}],"wp:featuredmedia":[{"embeddable":true,"href":"https:\/\/tpohotelariaecasa.pt\/index.php\/wp-json\/wp\/v2\/media\/9460896"}],"wp:attachment":[{"href":"https:\/\/tpohotelariaecasa.pt\/index.php\/wp-json\/wp\/v2\/media?parent=9460897"}],"wp:term":[{"taxonomy":"product_cat","embeddable":true,"href":"https:\/\/tpohotelariaecasa.pt\/index.php\/wp-json\/wp\/v2\/product_cat?post=9460897"},{"taxonomy":"product_tag","embeddable":true,"href":"https:\/\/tpohotelariaecasa.pt\/index.php\/wp-json\/wp\/v2\/product_tag?post=9460897"}],"curies":[{"name":"wp","href":"https:\/\/api.w.org\/{rel}","templated":true}]}}