{"id":9460901,"date":"2024-05-29T17:13:49","date_gmt":"2024-05-29T17:13:49","guid":{"rendered":"https:\/\/tpohotelariaecasa.pt\/index.php\/product\/balcao-frigorifico-400-l-137-cm-3-portas\/"},"modified":"2025-04-03T09:09:58","modified_gmt":"2025-04-03T09:09:58","slug":"balcao-frigorifico-400-l-137-cm-3-portas","status":"publish","type":"product","link":"https:\/\/tpohotelariaecasa.pt\/index.php\/product\/balcao-frigorifico-400-l-137-cm-3-portas\/","title":{"rendered":"Balc\u00e3o Frigor\u00edfico &#8211; 400 l &#8211; 137 cm &#8211; 3 Portas"},"content":{"rendered":"<p><strong>Caracter\u00edsticas<\/strong><\/p>\n<ul>\n<li>Ciclo de arrefecimento \u00fanico para reduzir a forma\u00e7\u00e3o de gelo<\/li>\n<li>Sistema de arrefecimento com ventoinha<\/li>\n<li>Isolamento protetor compacto de 3,5 cm<\/li>\n<li>Controlo digital da temperatura (Dixell)<\/li>\n<li>Refrigerante R290, isento de CFC<\/li>\n<li>Interior e exterior em a\u00e7o inoxid\u00e1vel AISI 304<\/li>\n<\/ul>\n<p><strong>Caracter\u00edsticas do produto<\/strong><\/p>\n<ul>\n<li>Peso l\u00edquido: 104kg<\/li>\n<li>Dimens\u00f5es internas: L129,5 x P59,5 x A50cm<\/li>\n<li>Dimens\u00f5es exteriores: L136,5 x P70 x A88cm<\/li>\n<li>Dist\u00e2ncia entre prateleiras: 12,4cm<\/li>\n<li>230V \/ 50Hz \/ 1 Fase 230W<\/li>\n<\/ul>\n","protected":false},"excerpt":{"rendered":"<p>Este frigor\u00edfico de balc\u00e3o \u00e9 ideal para manter os ingredientes frescos em qualquer cozinha de restaura\u00e7\u00e3o refrigerados e frescos. A sec\u00e7\u00e3o do frigor\u00edfico por baixo significa que os seus ingredientes est\u00e3o sempre \u00e0 m\u00e3o exatamente onde precisa deles. Este aparelho de qualidade superior tem uma grande capacidade de 400 L e \u00e9 fornecido com tr\u00eas portas, incluindo uma \u00fanica prateleira ajust\u00e1vel em cada porta. consulte Mais informa\u00e7\u00e3o<\/p>\n","protected":false},"featured_media":9460900,"comment_status":"open","ping_status":"closed","template":"","meta":[],"product_cat":[73],"product_tag":[],"class_list":["post-9460901","product","type-product","status-publish","has-post-thumbnail","hentry","product_cat-bancada-de-trabalho-refrigerada","product_shipping_class-gph"],"_links":{"self":[{"href":"https:\/\/tpohotelariaecasa.pt\/index.php\/wp-json\/wp\/v2\/product\/9460901"}],"collection":[{"href":"https:\/\/tpohotelariaecasa.pt\/index.php\/wp-json\/wp\/v2\/product"}],"about":[{"href":"https:\/\/tpohotelariaecasa.pt\/index.php\/wp-json\/wp\/v2\/types\/product"}],"replies":[{"embeddable":true,"href":"https:\/\/tpohotelariaecasa.pt\/index.php\/wp-json\/wp\/v2\/comments?post=9460901"}],"wp:featuredmedia":[{"embeddable":true,"href":"https:\/\/tpohotelariaecasa.pt\/index.php\/wp-json\/wp\/v2\/media\/9460900"}],"wp:attachment":[{"href":"https:\/\/tpohotelariaecasa.pt\/index.php\/wp-json\/wp\/v2\/media?parent=9460901"}],"wp:term":[{"taxonomy":"product_cat","embeddable":true,"href":"https:\/\/tpohotelariaecasa.pt\/index.php\/wp-json\/wp\/v2\/product_cat?post=9460901"},{"taxonomy":"product_tag","embeddable":true,"href":"https:\/\/tpohotelariaecasa.pt\/index.php\/wp-json\/wp\/v2\/product_tag?post=9460901"}],"curies":[{"name":"wp","href":"https:\/\/api.w.org\/{rel}","templated":true}]}}