{"id":9460907,"date":"2024-05-29T17:13:53","date_gmt":"2024-05-29T17:13:53","guid":{"rendered":"https:\/\/tpohotelariaecasa.pt\/index.php\/product\/frigorifico-1200-l-6-prateleiras-ajustaveis-gn-2-1-sobre-rodas-incl-prateleiras\/"},"modified":"2025-04-03T09:09:58","modified_gmt":"2025-04-03T09:09:58","slug":"frigorifico-1200-l-6-prateleiras-ajustaveis-gn-2-1-sobre-rodas-incl-prateleiras","status":"publish","type":"product","link":"https:\/\/tpohotelariaecasa.pt\/index.php\/product\/frigorifico-1200-l-6-prateleiras-ajustaveis-gn-2-1-sobre-rodas-incl-prateleiras\/","title":{"rendered":"Frigor\u00edfico &#8211; 1200 l &#8211; 6 Prateleiras Ajust\u00e1veis (GN 2\/1) &#8211; Sobre Rodas &#8211; incl Prateleiras"},"content":{"rendered":"<p><strong>Caracter\u00edsticas<\/strong><\/p>\n<ul>\n<li>Temperatura ambiente m\u00e1xima de 43\u00b0C<\/li>\n<li>Isolamento protetor compacto de 6 cm<\/li>\n<li>Ciclo de refrigera\u00e7\u00e3o especializado para reduzir a forma\u00e7\u00e3o de gelo<\/li>\n<li>Gama de temperaturas de &#8211; 2 a 8\u00b0C<\/li>\n<li>Controlo digital da temperatura (Dixell)<\/li>\n<\/ul>\n<p><strong>Especifica\u00e7\u00f5es do produto<\/strong><\/p>\n<ul>\n<li>Peso l\u00edquido: 167kg<\/li>\n<li>Capacidade l\u00edquida: 1173L<\/li>\n<li>Dimens\u00f5es internas: L122,4 x P68 x A139cm<\/li>\n<li>Dimens\u00f5es exteriores: L134 x P81 x A201cm<\/li>\n<li>230V \/ 50Hz \/ 1 Fase 600W<\/li>\n<\/ul>\n","protected":false},"excerpt":{"rendered":"<p>Este frigor\u00edfico profissional em a\u00e7o inoxid\u00e1vel tem uma capacidade de 1200L. Inclui portas duplas com fecho autom\u00e1tico, luz LED e seis prateleiras regul\u00e1veis em altura para facilitar a personaliza\u00e7\u00e3o da sua disposi\u00e7\u00e3o conforme necess\u00e1rio. Gra\u00e7as \u00e0s suas quatro rodas, tamb\u00e9m \u00e9 poss\u00edvel desloc\u00e1-lo para o melhor local da cozinha. consulte Mais informa\u00e7\u00e3o<\/p>\n","protected":false},"featured_media":9460906,"comment_status":"open","ping_status":"closed","template":"","meta":[],"product_cat":[138,78],"product_tag":[],"class_list":["post-9460907","product","type-product","status-publish","has-post-thumbnail","hentry","product_cat-frio-industrial","product_cat-frigorfico","product_shipping_class-gph"],"_links":{"self":[{"href":"https:\/\/tpohotelariaecasa.pt\/index.php\/wp-json\/wp\/v2\/product\/9460907"}],"collection":[{"href":"https:\/\/tpohotelariaecasa.pt\/index.php\/wp-json\/wp\/v2\/product"}],"about":[{"href":"https:\/\/tpohotelariaecasa.pt\/index.php\/wp-json\/wp\/v2\/types\/product"}],"replies":[{"embeddable":true,"href":"https:\/\/tpohotelariaecasa.pt\/index.php\/wp-json\/wp\/v2\/comments?post=9460907"}],"wp:featuredmedia":[{"embeddable":true,"href":"https:\/\/tpohotelariaecasa.pt\/index.php\/wp-json\/wp\/v2\/media\/9460906"}],"wp:attachment":[{"href":"https:\/\/tpohotelariaecasa.pt\/index.php\/wp-json\/wp\/v2\/media?parent=9460907"}],"wp:term":[{"taxonomy":"product_cat","embeddable":true,"href":"https:\/\/tpohotelariaecasa.pt\/index.php\/wp-json\/wp\/v2\/product_cat?post=9460907"},{"taxonomy":"product_tag","embeddable":true,"href":"https:\/\/tpohotelariaecasa.pt\/index.php\/wp-json\/wp\/v2\/product_tag?post=9460907"}],"curies":[{"name":"wp","href":"https:\/\/api.w.org\/{rel}","templated":true}]}}