{"id":9460909,"date":"2024-05-29T17:13:54","date_gmt":"2024-05-29T17:13:54","guid":{"rendered":"https:\/\/tpohotelariaecasa.pt\/index.php\/product\/congelador-400-l-3-prateleiras-ajustaveis-gn-1-1-sobre-rodas-incl-prateleiras\/"},"modified":"2025-04-03T09:09:58","modified_gmt":"2025-04-03T09:09:58","slug":"congelador-400-l-3-prateleiras-ajustaveis-gn-1-1-sobre-rodas-incl-prateleiras","status":"publish","type":"product","link":"https:\/\/tpohotelariaecasa.pt\/index.php\/product\/congelador-400-l-3-prateleiras-ajustaveis-gn-1-1-sobre-rodas-incl-prateleiras\/","title":{"rendered":"Congelador &#8211; 400 l &#8211; 3 Prateleiras Ajust\u00e1veis (GN 1\/1) &#8211; Sobre Rodas &#8211; incl Prateleiras"},"content":{"rendered":"<p><strong>Caracter\u00edsticas<\/strong><\/p>\n<ul>\n<li>Ciclo de refrigera\u00e7\u00e3o especializado para reduzir a forma\u00e7\u00e3o de gelo<\/li>\n<li>Sistema de congela\u00e7\u00e3o est\u00e1tico com ventilador<\/li>\n<li>Isolamento protetor s\u00f3lido de 6 cm<\/li>\n<li>Controlo digital da temperatura (Dixell)<\/li>\n<li>Inclui tr\u00eas prateleiras regul\u00e1veis (53 x 55cm)<\/li>\n<li>Caixa e interior em a\u00e7o inoxid\u00e1vel (AISI 304)<\/li>\n<\/ul>\n<p><strong>Caracter\u00edsticas do produto<\/strong><\/p>\n<ul>\n<li>Peso l\u00edquido: 105kg<\/li>\n<li>Capacidade: 400L<\/li>\n<li>Dimens\u00f5es interiores: L56,4 x P57 x A139cm<\/li>\n<li>Dimens\u00f5es exteriores: L68 x P70 x A200cm<\/li>\n<li>230V \/ 50Hz \/ 1 Fase 600W<\/li>\n<\/ul>\n","protected":false},"excerpt":{"rendered":"<p>Este luxuoso e potente congelador tem uma capacidade de 400L e est\u00e1 equipado com tr\u00eas prateleiras regul\u00e1veis em altura. Tamb\u00e9m tem rodas para o tornar mais m\u00f3vel e facilitar a limpeza. Al\u00e9m disso, tem um controlador de temperatura de f\u00e1cil utiliza\u00e7\u00e3o para que possa regular a temperatura com precis\u00e3o. consulte Mais informa\u00e7\u00e3o<\/p>\n","protected":false},"featured_media":9460908,"comment_status":"open","ping_status":"closed","template":"","meta":[],"product_cat":[138,75],"product_tag":[],"class_list":["post-9460909","product","type-product","status-publish","has-post-thumbnail","hentry","product_cat-frio-industrial","product_cat-congelador","product_shipping_class-gph"],"_links":{"self":[{"href":"https:\/\/tpohotelariaecasa.pt\/index.php\/wp-json\/wp\/v2\/product\/9460909"}],"collection":[{"href":"https:\/\/tpohotelariaecasa.pt\/index.php\/wp-json\/wp\/v2\/product"}],"about":[{"href":"https:\/\/tpohotelariaecasa.pt\/index.php\/wp-json\/wp\/v2\/types\/product"}],"replies":[{"embeddable":true,"href":"https:\/\/tpohotelariaecasa.pt\/index.php\/wp-json\/wp\/v2\/comments?post=9460909"}],"wp:featuredmedia":[{"embeddable":true,"href":"https:\/\/tpohotelariaecasa.pt\/index.php\/wp-json\/wp\/v2\/media\/9460908"}],"wp:attachment":[{"href":"https:\/\/tpohotelariaecasa.pt\/index.php\/wp-json\/wp\/v2\/media?parent=9460909"}],"wp:term":[{"taxonomy":"product_cat","embeddable":true,"href":"https:\/\/tpohotelariaecasa.pt\/index.php\/wp-json\/wp\/v2\/product_cat?post=9460909"},{"taxonomy":"product_tag","embeddable":true,"href":"https:\/\/tpohotelariaecasa.pt\/index.php\/wp-json\/wp\/v2\/product_tag?post=9460909"}],"curies":[{"name":"wp","href":"https:\/\/api.w.org\/{rel}","templated":true}]}}