{"id":9460917,"date":"2024-05-29T17:13:58","date_gmt":"2024-05-29T17:13:58","guid":{"rendered":"https:\/\/tpohotelariaecasa.pt\/index.php\/product\/processador-de-alimentos-6-l\/"},"modified":"2025-04-03T09:09:37","modified_gmt":"2025-04-03T09:09:37","slug":"processador-de-alimentos-6-l","status":"publish","type":"product","link":"https:\/\/tpohotelariaecasa.pt\/index.php\/product\/processador-de-alimentos-6-l\/","title":{"rendered":"Processador de Alimentos &#8211; 6 l"},"content":{"rendered":"<ul>\n<li>Cortador profissional de restaura\u00e7\u00e3o<\/li>\n<li>Boa qualidade com acabamentos de luxo<\/li>\n<li>Com ta\u00e7a de a\u00e7o inoxid\u00e1vel 6.0L<\/li>\n<li>Cockpit com cantos redondos e pegas<\/li>\n<li>Caixa completa em a\u00e7o inoxid\u00e1vel<\/li>\n<li>Com dois interruptores de seguran\u00e7a<\/li>\n<li>Equipado com l\u00e2mina de a\u00e7o inoxid\u00e1vel em forma de S<\/li>\n<li>Tampa pl\u00e1stica transparente<\/li>\n<li>Equipado com abertura de recarga<\/li>\n<li>Fica em quatro p\u00e9s de borracha<\/li>\n<li>F\u00e1cil de limpar<\/li>\n<li>Peso l\u00edquido: 19kg<\/li>\n<li>Dimens\u00f5es: B56,5 x D36,5 x H44cm<\/li>\n<li>Velocidade vari\u00e1vel 1100-2800RPM<\/li>\n<li>230V\/50Hz\/1Fase 1800W<\/li>\n<li><\/li>\n<\/ul>\n<p>Adequado para o processamento de:<\/p>\n<ul>\n<li>Carne e peixe<\/li>\n<li>Frutas e legumes<\/li>\n<li>Nozes<\/li>\n<li>Frutos secos<\/li>\n<li>Queijo<\/li>\n<li>Chocolate<\/li>\n<li>Etc. etc.<\/li>\n<\/ul>\n","protected":false},"excerpt":{"rendered":"<p>Este profissional e eficiente processador de alimentos tem uma tigela de a\u00e7o inoxid\u00e1vel de 6L. \u00c9 ideal para utiliza\u00e7\u00e3o na cozinha de restaura\u00e7\u00e3o para processar ingredientes tais como carne, peixe, vegetais, fruta, queijo, frutos secos ou chocolate. Um cortador com um belo acabamento e uma velocidade vari\u00e1vel entre 1100 e 2800RPM. consulte Mais informa\u00e7\u00e3o<\/p>\n","protected":false},"featured_media":9460916,"comment_status":"open","ping_status":"closed","template":"","meta":[],"product_cat":[21,126],"product_tag":[],"class_list":["post-9460917","product","type-product","status-publish","has-post-thumbnail","hentry","product_cat-restauracao","product_cat-processador-de-alimentos","product_shipping_class-pph"],"_links":{"self":[{"href":"https:\/\/tpohotelariaecasa.pt\/index.php\/wp-json\/wp\/v2\/product\/9460917"}],"collection":[{"href":"https:\/\/tpohotelariaecasa.pt\/index.php\/wp-json\/wp\/v2\/product"}],"about":[{"href":"https:\/\/tpohotelariaecasa.pt\/index.php\/wp-json\/wp\/v2\/types\/product"}],"replies":[{"embeddable":true,"href":"https:\/\/tpohotelariaecasa.pt\/index.php\/wp-json\/wp\/v2\/comments?post=9460917"}],"wp:featuredmedia":[{"embeddable":true,"href":"https:\/\/tpohotelariaecasa.pt\/index.php\/wp-json\/wp\/v2\/media\/9460916"}],"wp:attachment":[{"href":"https:\/\/tpohotelariaecasa.pt\/index.php\/wp-json\/wp\/v2\/media?parent=9460917"}],"wp:term":[{"taxonomy":"product_cat","embeddable":true,"href":"https:\/\/tpohotelariaecasa.pt\/index.php\/wp-json\/wp\/v2\/product_cat?post=9460917"},{"taxonomy":"product_tag","embeddable":true,"href":"https:\/\/tpohotelariaecasa.pt\/index.php\/wp-json\/wp\/v2\/product_tag?post=9460917"}],"curies":[{"name":"wp","href":"https:\/\/api.w.org\/{rel}","templated":true}]}}