{"id":9460919,"date":"2024-05-29T17:14:00","date_gmt":"2024-05-29T17:14:00","guid":{"rendered":"https:\/\/tpohotelariaecasa.pt\/index.php\/product\/suporte-para-lavadora-de-vidros-adapta-se-a-35-x-35-cm-aco-inoxidavel\/"},"modified":"2025-04-03T09:09:53","modified_gmt":"2025-04-03T09:09:53","slug":"suporte-para-lavadora-de-vidros-adapta-se-a-35-x-35-cm-aco-inoxidavel","status":"publish","type":"product","link":"https:\/\/tpohotelariaecasa.pt\/index.php\/product\/suporte-para-lavadora-de-vidros-adapta-se-a-35-x-35-cm-aco-inoxidavel\/","title":{"rendered":"Suporte para Lavadora de Vidros &#8211; Adapta-se a 35 x 35 cm &#8211; A\u00e7o Inoxid\u00e1vel"},"content":{"rendered":"<ul>\n<li>Suporte em a\u00e7o inoxid\u00e1vel para m\u00e1quina de lavar copos<\/li>\n<li>As costuras dos cantos s\u00e3o soldadas e polidas<\/li>\n<li>Bons acabamentos, sem arestas vivas<\/li>\n<li>Com bordas dobradas<\/li>\n<li>\u00c9 entregue como totalmente soldado<\/li>\n<li>Equipado com duas ranhuras para cestos<\/li>\n<li>Tubos fortes e quadrados<\/li>\n<li>P\u00e9s em altura ajust\u00e1vel<\/li>\n<li>Peso l\u00edquido: 3kg<\/li>\n<li>Dimens\u00f5es: L44 x D40 x H45cm<\/li>\n<\/ul>\n","protected":false},"excerpt":{"rendered":"<p>Este suporte de a\u00e7o inoxid\u00e1vel \u00e9 adequado para colocar debaixo das lavadoras de vidro com um cesto de 35 x 35cm. \u00c9 ideal para carregar e descarregar pratos sem ter de se dobrar. consulte Mais informa\u00e7\u00e3o<\/p>\n","protected":false},"featured_media":9460918,"comment_status":"open","ping_status":"closed","template":"","meta":[],"product_cat":[111],"product_tag":[],"class_list":["post-9460919","product","type-product","status-publish","has-post-thumbnail","hentry","product_cat-mquinas-de-lavar-loua","product_shipping_class-pph"],"_links":{"self":[{"href":"https:\/\/tpohotelariaecasa.pt\/index.php\/wp-json\/wp\/v2\/product\/9460919"}],"collection":[{"href":"https:\/\/tpohotelariaecasa.pt\/index.php\/wp-json\/wp\/v2\/product"}],"about":[{"href":"https:\/\/tpohotelariaecasa.pt\/index.php\/wp-json\/wp\/v2\/types\/product"}],"replies":[{"embeddable":true,"href":"https:\/\/tpohotelariaecasa.pt\/index.php\/wp-json\/wp\/v2\/comments?post=9460919"}],"wp:featuredmedia":[{"embeddable":true,"href":"https:\/\/tpohotelariaecasa.pt\/index.php\/wp-json\/wp\/v2\/media\/9460918"}],"wp:attachment":[{"href":"https:\/\/tpohotelariaecasa.pt\/index.php\/wp-json\/wp\/v2\/media?parent=9460919"}],"wp:term":[{"taxonomy":"product_cat","embeddable":true,"href":"https:\/\/tpohotelariaecasa.pt\/index.php\/wp-json\/wp\/v2\/product_cat?post=9460919"},{"taxonomy":"product_tag","embeddable":true,"href":"https:\/\/tpohotelariaecasa.pt\/index.php\/wp-json\/wp\/v2\/product_tag?post=9460919"}],"curies":[{"name":"wp","href":"https:\/\/api.w.org\/{rel}","templated":true}]}}