{"id":9460921,"date":"2024-05-29T17:14:01","date_gmt":"2024-05-29T17:14:01","guid":{"rendered":"https:\/\/tpohotelariaecasa.pt\/index.php\/product\/suporte-para-maquina-de-lavar-loica-adapta-se-a-50-x-50-cm-aco-inoxidavel\/"},"modified":"2025-04-03T09:09:53","modified_gmt":"2025-04-03T09:09:53","slug":"suporte-para-maquina-de-lavar-loica-adapta-se-a-50-x-50-cm-aco-inoxidavel","status":"publish","type":"product","link":"https:\/\/tpohotelariaecasa.pt\/index.php\/product\/suporte-para-maquina-de-lavar-loica-adapta-se-a-50-x-50-cm-aco-inoxidavel\/","title":{"rendered":"Suporte para M\u00e1quina de Lavar Loi\u00e7a &#8211; Adapta-se a 50 x 50 cm &#8211; A\u00e7o inoxid\u00e1vel"},"content":{"rendered":"<ul>\n<li>Suporte em a\u00e7o inoxid\u00e1vel para m\u00e1quina de lavar lou\u00e7a<\/li>\n<li>As costuras dos cantos s\u00e3o soldadas e polidas<\/li>\n<li>Bons acabamentos, sem arestas vivas<\/li>\n<li>Com bordas dobradas<\/li>\n<li>\u00c9 entregue como totalmente soldado<\/li>\n<li>Equipado com duas ranhuras para cestos<\/li>\n<li>Tubos fortes e quadrados<\/li>\n<li>P\u00e9s em altura ajust\u00e1vel<\/li>\n<li>Peso l\u00edquido: 4kg<\/li>\n<li>Dimens\u00f5es: W60,5 x D57 x H45cm<\/li>\n<\/ul>\n","protected":false},"excerpt":{"rendered":"<p>Este suporte de a\u00e7o inoxid\u00e1vel \u00e9 adequado para colocar debaixo de m\u00e1quinas de lavar loi\u00e7a com um cesto de 50 x 50cm. \u00c9 ideal para carregar e descarregar pratos sem dobrar sobre eles. consulte Mais informa\u00e7\u00e3o<\/p>\n","protected":false},"featured_media":9460920,"comment_status":"open","ping_status":"closed","template":"","meta":[],"product_cat":[111,103],"product_tag":[],"class_list":["post-9460921","product","type-product","status-publish","has-post-thumbnail","hentry","product_cat-mquinas-de-lavar-loua","product_cat-bancada-de-trabalho","product_shipping_class-pph"],"_links":{"self":[{"href":"https:\/\/tpohotelariaecasa.pt\/index.php\/wp-json\/wp\/v2\/product\/9460921"}],"collection":[{"href":"https:\/\/tpohotelariaecasa.pt\/index.php\/wp-json\/wp\/v2\/product"}],"about":[{"href":"https:\/\/tpohotelariaecasa.pt\/index.php\/wp-json\/wp\/v2\/types\/product"}],"replies":[{"embeddable":true,"href":"https:\/\/tpohotelariaecasa.pt\/index.php\/wp-json\/wp\/v2\/comments?post=9460921"}],"wp:featuredmedia":[{"embeddable":true,"href":"https:\/\/tpohotelariaecasa.pt\/index.php\/wp-json\/wp\/v2\/media\/9460920"}],"wp:attachment":[{"href":"https:\/\/tpohotelariaecasa.pt\/index.php\/wp-json\/wp\/v2\/media?parent=9460921"}],"wp:term":[{"taxonomy":"product_cat","embeddable":true,"href":"https:\/\/tpohotelariaecasa.pt\/index.php\/wp-json\/wp\/v2\/product_cat?post=9460921"},{"taxonomy":"product_tag","embeddable":true,"href":"https:\/\/tpohotelariaecasa.pt\/index.php\/wp-json\/wp\/v2\/product_tag?post=9460921"}],"curies":[{"name":"wp","href":"https:\/\/api.w.org\/{rel}","templated":true}]}}