{"id":9460923,"date":"2024-05-29T17:14:02","date_gmt":"2024-05-29T17:14:02","guid":{"rendered":"https:\/\/tpohotelariaecasa.pt\/index.php\/product\/rolo-de-massa-o40-cm-automatico-temporizador-incorporado\/"},"modified":"2025-04-03T09:09:58","modified_gmt":"2025-04-03T09:09:58","slug":"rolo-de-massa-o40-cm-automatico-temporizador-incorporado","status":"publish","type":"product","link":"https:\/\/tpohotelariaecasa.pt\/index.php\/product\/rolo-de-massa-o40-cm-automatico-temporizador-incorporado\/","title":{"rendered":"Rolo de Massa &#8211; \u00d840 cm &#8211; Autom\u00e1tico &#8211; Temporizador Incorporado"},"content":{"rendered":"<ul>\n<li>M\u00e1quina de enrolar massa profissional<\/li>\n<li>Comece a automatizar utilizando o sensor de toque<\/li>\n<li>Tempo de funcionamento ajust\u00e1vel 10-35 sconden<\/li>\n<li>P\u00e1ra automaticamente ap\u00f3s o tempo de expira\u00e7\u00e3o<\/li>\n<li>Poupa energia, tempo e desgaste reduzido<\/li>\n<li>Equipado com dois pinos rolantes<\/li>\n<li>R\u00e1pido e f\u00e1cil de lan\u00e7ar<\/li>\n<li>Pino rolante com motor forte<\/li>\n<li>Unidade dur\u00e1vel e potente<\/li>\n<li>Equipado com 2 posi\u00e7\u00f5es<\/li>\n<li>Caixa luxuosa totalmente em a\u00e7o inoxid\u00e1vel<\/li>\n<li>Bela capa de pl\u00e1stico transparente<\/li>\n<li>Com interruptor de seguran\u00e7a<\/li>\n<li>Ajust\u00e1vel com bot\u00e3o simples<\/li>\n<li>Bot\u00e3o de alimenta\u00e7\u00e3o separada<\/li>\n<li>Um p\u00e9 de a\u00e7o inox de 2 larguras<\/li>\n<li>Muito simples de usar<\/li>\n<li>F\u00e1cil de limpar<\/li>\n<li>N\u00e3o aquece a massa<\/li>\n<li>Peso m\u00e1ximo da massa: 210-700 gramas<\/li>\n<li>Di\u00e2metro m\u00e1ximo da pizza: 26-40 cm<\/li>\n<li>Di\u00e2metro \/ espessura ajust\u00e1veis: at\u00e9 4,0 mm<\/li>\n<li>Peso l\u00edquido: 36,0 kg<\/li>\n<li>Dimens\u00f5es: H780 x W580 x D465 mm<\/li>\n<li>230V \/ 50Hz \/ 250W 1fase<\/li>\n<\/ul>\n","protected":false},"excerpt":{"rendered":"<p>Este rolo de pizza autom\u00e1tico faz bases de pizza redondas perfeitas com um di\u00e2metro de 26 a 40cm. O rolo de pastel liga assim que a massa \u00e9 colocada no aparelho e o tempo de viragem pode ser ajustado. consulte Mais informa\u00e7\u00e3o<\/p>\n","protected":false},"featured_media":9460922,"comment_status":"open","ping_status":"closed","template":"","meta":[],"product_cat":[128],"product_tag":[],"class_list":["post-9460923","product","type-product","status-publish","has-post-thumbnail","hentry","product_cat-rolos-de-massa","product_shipping_class-gph"],"_links":{"self":[{"href":"https:\/\/tpohotelariaecasa.pt\/index.php\/wp-json\/wp\/v2\/product\/9460923"}],"collection":[{"href":"https:\/\/tpohotelariaecasa.pt\/index.php\/wp-json\/wp\/v2\/product"}],"about":[{"href":"https:\/\/tpohotelariaecasa.pt\/index.php\/wp-json\/wp\/v2\/types\/product"}],"replies":[{"embeddable":true,"href":"https:\/\/tpohotelariaecasa.pt\/index.php\/wp-json\/wp\/v2\/comments?post=9460923"}],"wp:featuredmedia":[{"embeddable":true,"href":"https:\/\/tpohotelariaecasa.pt\/index.php\/wp-json\/wp\/v2\/media\/9460922"}],"wp:attachment":[{"href":"https:\/\/tpohotelariaecasa.pt\/index.php\/wp-json\/wp\/v2\/media?parent=9460923"}],"wp:term":[{"taxonomy":"product_cat","embeddable":true,"href":"https:\/\/tpohotelariaecasa.pt\/index.php\/wp-json\/wp\/v2\/product_cat?post=9460923"},{"taxonomy":"product_tag","embeddable":true,"href":"https:\/\/tpohotelariaecasa.pt\/index.php\/wp-json\/wp\/v2\/product_tag?post=9460923"}],"curies":[{"name":"wp","href":"https:\/\/api.w.org\/{rel}","templated":true}]}}