{"id":9460925,"date":"2024-05-29T17:14:03","date_gmt":"2024-05-29T17:14:03","guid":{"rendered":"https:\/\/tpohotelariaecasa.pt\/index.php\/product\/grelhador-de-contacto-ranhurado-placa-de-grelhar-simples-22-cm\/"},"modified":"2025-04-03T09:09:38","modified_gmt":"2025-04-03T09:09:38","slug":"grelhador-de-contacto-ranhurado-placa-de-grelhar-simples-22-cm","status":"publish","type":"product","link":"https:\/\/tpohotelariaecasa.pt\/index.php\/product\/grelhador-de-contacto-ranhurado-placa-de-grelhar-simples-22-cm\/","title":{"rendered":"Grelhador de Contacto &#8211; Ranhurado &#8211; Placa de Grelhar Simples &#8211; 22 cm"},"content":{"rendered":"<ul>\n<li>Grelha de contacto profissional<\/li>\n<li>Placas de ferro fundido pesado<\/li>\n<li>Caixa e pega em a\u00e7o inoxid\u00e1vel<\/li>\n<li>Equipado com bandeja de gotejamento<\/li>\n<li>Ambos os lados ranhurados<\/li>\n<li>\u00d3ptima distribui\u00e7\u00e3o de calor<\/li>\n<li>Term\u00f3stato vari\u00e1vel de 0\u00b0C a 300\u00b0C<\/li>\n<li>Luz indicadora de temperatura<\/li>\n<li>Incluindo escova de limpeza<\/li>\n<li>Ideal para muitas prepara\u00e7\u00f5es<\/li>\n<li>Peso l\u00edquido: 17,5kg<\/li>\n<li>Dimens\u00f5es: B29 x D30,5 x H21cm<\/li>\n<li>Chapa superior da grelha: B21,4 x D21,4cm<\/li>\n<li>Chapa inferior da grelha: B22 x D23,5cm<\/li>\n<li>230V\/50Hz\/1Fase 1800W<\/li>\n<\/ul>\n","protected":false},"excerpt":{"rendered":"<p>Nos pratos de ferro fundido com ranhuras desta grelha de contacto profissional, pode preparar n\u00e3o s\u00f3 sandu\u00edches e paninis grelhados, mas tamb\u00e9m pratos de carne, peixe e vegetais. Os tabuleiros em ferro fundido s\u00e3o f\u00e1ceis de limpar, gra\u00e7as \u00e0 escova de limpeza que est\u00e1 inclu\u00edda. Est\u00e1 tamb\u00e9m equipado com um pr\u00e1tico tabuleiro de pingos para recolher o \u00f3leo. consulte Mais informa\u00e7\u00e3o<\/p>\n","protected":false},"featured_media":9460924,"comment_status":"open","ping_status":"closed","template":"","meta":[],"product_cat":[792,795,788,90],"product_tag":[],"class_list":["post-9460925","product","type-product","status-publish","has-post-thumbnail","hentry","product_cat-mais-vendidos","product_cat-grelhadores-cf","product_cat-equipcafebar","product_cat-grelhadores","product_shipping_class-pph"],"_links":{"self":[{"href":"https:\/\/tpohotelariaecasa.pt\/index.php\/wp-json\/wp\/v2\/product\/9460925"}],"collection":[{"href":"https:\/\/tpohotelariaecasa.pt\/index.php\/wp-json\/wp\/v2\/product"}],"about":[{"href":"https:\/\/tpohotelariaecasa.pt\/index.php\/wp-json\/wp\/v2\/types\/product"}],"replies":[{"embeddable":true,"href":"https:\/\/tpohotelariaecasa.pt\/index.php\/wp-json\/wp\/v2\/comments?post=9460925"}],"wp:featuredmedia":[{"embeddable":true,"href":"https:\/\/tpohotelariaecasa.pt\/index.php\/wp-json\/wp\/v2\/media\/9460924"}],"wp:attachment":[{"href":"https:\/\/tpohotelariaecasa.pt\/index.php\/wp-json\/wp\/v2\/media?parent=9460925"}],"wp:term":[{"taxonomy":"product_cat","embeddable":true,"href":"https:\/\/tpohotelariaecasa.pt\/index.php\/wp-json\/wp\/v2\/product_cat?post=9460925"},{"taxonomy":"product_tag","embeddable":true,"href":"https:\/\/tpohotelariaecasa.pt\/index.php\/wp-json\/wp\/v2\/product_tag?post=9460925"}],"curies":[{"name":"wp","href":"https:\/\/api.w.org\/{rel}","templated":true}]}}