{"id":9460931,"date":"2024-05-29T17:14:07","date_gmt":"2024-05-29T17:14:07","guid":{"rendered":"https:\/\/tpohotelariaecasa.pt\/index.php\/product\/grelhador-de-contacto-liso-placa-de-grelhar-dupla-2-x-22-cm\/"},"modified":"2025-04-03T09:09:36","modified_gmt":"2025-04-03T09:09:36","slug":"grelhador-de-contacto-liso-placa-de-grelhar-dupla-2-x-22-cm","status":"publish","type":"product","link":"https:\/\/tpohotelariaecasa.pt\/index.php\/product\/grelhador-de-contacto-liso-placa-de-grelhar-dupla-2-x-22-cm\/","title":{"rendered":"Grelhador de Contacto &#8211; Liso &#8211; Placa de Grelhar Dupla &#8211; 2 x 22 cm"},"content":{"rendered":"<ul>\n<li>Grelha de contacto profissional &#8211; Duplo<\/li>\n<li>Placas de ferro fundido pesado<\/li>\n<li>Caixa e pega em a\u00e7o inoxid\u00e1vel<\/li>\n<li>Equipado com bandeja de gotejamento<\/li>\n<li>Ambos os lados lisos<\/li>\n<li>\u00d3ptima distribui\u00e7\u00e3o de calor<\/li>\n<li>Term\u00f3stato vari\u00e1vel de 0\u00b0C a 300\u00b0C<\/li>\n<li>Luzes indicadoras de temperatura<\/li>\n<li>Incluindo escova de limpeza<\/li>\n<li>Ideal para muitas prepara\u00e7\u00f5es<\/li>\n<li>Peso l\u00edquido: 24kg<\/li>\n<li>Dimens\u00f5es: L57 x D30,5 x H21cm<\/li>\n<li>Placas superiores para grelhar: B21,4 x D21,4cm<\/li>\n<li>Chapa de grelhar inferior: B22 x D23,5cm<\/li>\n<li>230V\/50Hz\/1Fase 2 x 1800W<\/li>\n<\/ul>\n","protected":false},"excerpt":{"rendered":"<p>Esta grelha \u00e9 ideal para uso em cozinhas onde v\u00e1rios paninis, sandes e outros pratos grelhados s\u00e3o preparados regularmente. Esta grelha de duplo contacto tem placas de ferro fundido macio de alta resist\u00eancia e \u00e9 f\u00e1cil de limpar com a pr\u00e1tica escova de limpeza que est\u00e1 inclu\u00edda. consulte Mais informa\u00e7\u00e3o<\/p>\n","protected":false},"featured_media":9460930,"comment_status":"open","ping_status":"closed","template":"","meta":[],"product_cat":[792,795,788,90],"product_tag":[],"class_list":["post-9460931","product","type-product","status-publish","has-post-thumbnail","hentry","product_cat-mais-vendidos","product_cat-grelhadores-cf","product_cat-equipcafebar","product_cat-grelhadores","product_shipping_class-pph"],"_links":{"self":[{"href":"https:\/\/tpohotelariaecasa.pt\/index.php\/wp-json\/wp\/v2\/product\/9460931"}],"collection":[{"href":"https:\/\/tpohotelariaecasa.pt\/index.php\/wp-json\/wp\/v2\/product"}],"about":[{"href":"https:\/\/tpohotelariaecasa.pt\/index.php\/wp-json\/wp\/v2\/types\/product"}],"replies":[{"embeddable":true,"href":"https:\/\/tpohotelariaecasa.pt\/index.php\/wp-json\/wp\/v2\/comments?post=9460931"}],"wp:featuredmedia":[{"embeddable":true,"href":"https:\/\/tpohotelariaecasa.pt\/index.php\/wp-json\/wp\/v2\/media\/9460930"}],"wp:attachment":[{"href":"https:\/\/tpohotelariaecasa.pt\/index.php\/wp-json\/wp\/v2\/media?parent=9460931"}],"wp:term":[{"taxonomy":"product_cat","embeddable":true,"href":"https:\/\/tpohotelariaecasa.pt\/index.php\/wp-json\/wp\/v2\/product_cat?post=9460931"},{"taxonomy":"product_tag","embeddable":true,"href":"https:\/\/tpohotelariaecasa.pt\/index.php\/wp-json\/wp\/v2\/product_tag?post=9460931"}],"curies":[{"name":"wp","href":"https:\/\/api.w.org\/{rel}","templated":true}]}}