{"id":9460933,"date":"2024-05-29T17:14:08","date_gmt":"2024-05-29T17:14:08","guid":{"rendered":"https:\/\/tpohotelariaecasa.pt\/index.php\/product\/fritadeira-2-x-8-l-2-cestos-com-torneira-de-drenagem\/"},"modified":"2025-04-03T09:09:44","modified_gmt":"2025-04-03T09:09:44","slug":"fritadeira-2-x-8-l-2-cestos-com-torneira-de-drenagem","status":"publish","type":"product","link":"https:\/\/tpohotelariaecasa.pt\/index.php\/product\/fritadeira-2-x-8-l-2-cestos-com-torneira-de-drenagem\/","title":{"rendered":"Fritadeira &#8211; 2 x 8 l &#8211; 2 Cestos &#8211; com Torneira de Drenagem"},"content":{"rendered":"<ul>\n<li>Completo com v\u00e1lvula de \u00f3leo<\/li>\n<li>Muito bons acabamentos<\/li>\n<li>Completamente fabricado em a\u00e7o inoxid\u00e1vel<\/li>\n<li>Com zona fria<\/li>\n<li>Term\u00f3statos ajust\u00e1veis: 0\u00b0C a 190\u00b0C<\/li>\n<li>Elementos de aquecimento protegidos<\/li>\n<li>Protec\u00e7\u00e3o contra sobrecarga<\/li>\n<li>Tampas remov\u00edveis<\/li>\n<li>Fica em quatro p\u00e9s de borracha<\/li>\n<li>F\u00e1cil de limpar<\/li>\n<li>Peso l\u00edquido: 14,66kg<\/li>\n<li>Dimens\u00f5es do cesto: L19 x D24 x H14cm<\/li>\n<li>Dimens\u00f5es da m\u00e1quina: L60 x D46 x H39cm<\/li>\n<li>Capacidade m\u00ednima de \u00f3leo: 2 x 5L<\/li>\n<li>Capacidade m\u00e1xima de \u00f3leo: 2 x 8L<\/li>\n<li>Capacidade de batatas fritas: 2 x 1,5kg<\/li>\n<li>Pot\u00eancia: 230V \/ 50Hz \/ 1Fase 2 x 3250W<\/li>\n<\/ul>\n","protected":false},"excerpt":{"rendered":"<p>Esta fritadeira el\u00e9ctrica profunda tem uma capacidade de dois 8 litros e \u00e9 adequada para preparar v\u00e1rias por\u00e7\u00f5es ao mesmo tempo. A fritadeira \u00e9 f\u00e1cil de limpar e tem uma torneira de drenagem para trocas r\u00e1pidas de \u00f3leo. consulte Mais informa\u00e7\u00e3o<\/p>\n","protected":false},"featured_media":9460932,"comment_status":"open","ping_status":"closed","template":"","meta":[],"product_cat":[793,788,21,89],"product_tag":[],"class_list":["post-9460933","product","type-product","status-publish","has-post-thumbnail","hentry","product_cat-fritadeiras-equipcafebar","product_cat-equipcafebar","product_cat-restauracao","product_cat-fritadeiras","product_shipping_class-pph"],"_links":{"self":[{"href":"https:\/\/tpohotelariaecasa.pt\/index.php\/wp-json\/wp\/v2\/product\/9460933"}],"collection":[{"href":"https:\/\/tpohotelariaecasa.pt\/index.php\/wp-json\/wp\/v2\/product"}],"about":[{"href":"https:\/\/tpohotelariaecasa.pt\/index.php\/wp-json\/wp\/v2\/types\/product"}],"replies":[{"embeddable":true,"href":"https:\/\/tpohotelariaecasa.pt\/index.php\/wp-json\/wp\/v2\/comments?post=9460933"}],"wp:featuredmedia":[{"embeddable":true,"href":"https:\/\/tpohotelariaecasa.pt\/index.php\/wp-json\/wp\/v2\/media\/9460932"}],"wp:attachment":[{"href":"https:\/\/tpohotelariaecasa.pt\/index.php\/wp-json\/wp\/v2\/media?parent=9460933"}],"wp:term":[{"taxonomy":"product_cat","embeddable":true,"href":"https:\/\/tpohotelariaecasa.pt\/index.php\/wp-json\/wp\/v2\/product_cat?post=9460933"},{"taxonomy":"product_tag","embeddable":true,"href":"https:\/\/tpohotelariaecasa.pt\/index.php\/wp-json\/wp\/v2\/product_tag?post=9460933"}],"curies":[{"name":"wp","href":"https:\/\/api.w.org\/{rel}","templated":true}]}}