{"id":9460937,"date":"2024-05-29T17:14:10","date_gmt":"2024-05-29T17:14:10","guid":{"rendered":"https:\/\/tpohotelariaecasa.pt\/index.php\/product\/placa-de-grelhar-ranhurado-55-cm-incl-bandeja-de-gotejamento\/"},"modified":"2025-04-03T09:09:37","modified_gmt":"2025-04-03T09:09:37","slug":"placa-de-grelhar-ranhurado-55-cm-incl-bandeja-de-gotejamento","status":"publish","type":"product","link":"https:\/\/tpohotelariaecasa.pt\/index.php\/product\/placa-de-grelhar-ranhurado-55-cm-incl-bandeja-de-gotejamento\/","title":{"rendered":"Placa de Grelhar &#8211; Ranhurado &#8211; 55 cm &#8211; incl. Bandeja de Gotejamento"},"content":{"rendered":"<ul>\n<li>Chapa de rede el\u00e9ctrica<\/li>\n<li>Constru\u00e7\u00e3o profissional e pesada<\/li>\n<li>Chapa de grelhar s\u00f3lida de 6 mm<\/li>\n<li>Superf\u00edcie completamente ranhurada<\/li>\n<li>Caixa de a\u00e7o inoxid\u00e1vel e bandeja de gotejamento<\/li>\n<li>Equipado com protec\u00e7\u00e3o elevada contra salpicos<\/li>\n<li>Term\u00f3stato regul\u00e1vel: 0\u00b0C a 300\u00b0C<\/li>\n<li>Elemento de aquecimento pesado<\/li>\n<li>Protec\u00e7\u00e3o contra sobrecarga<\/li>\n<li>Luz indicadora de temperatura<\/li>\n<li>Adequado para uso cont\u00ednuo<\/li>\n<li>Fica em quatro p\u00e9s de borracha<\/li>\n<li>F\u00e1cil de limpar<\/li>\n<li>Peso l\u00edquido: 23kg<\/li>\n<li>Superf\u00edcie de grelhagem: 55cm<\/li>\n<li>Dimens\u00f5es da grelha: W55,5 x D36,5cm<\/li>\n<li>Dimens\u00f5es do aparelho: L56 x D47 x H25cm<\/li>\n<li>230V\/50Hz\/1Fase 3000W<\/li>\n<\/ul>\n","protected":false},"excerpt":{"rendered":"<p>Esta grelha el\u00e9ctrica tem uma superf\u00edcie de grelha de 55cm e \u00e9 feita de a\u00e7o inoxid\u00e1vel. Nesta grelha estriada pode assar os pratos mais saborosos em qualquer cozinha profissional, preservando ao mesmo tempo o sabor e as vitaminas. consulte Mais informa\u00e7\u00e3o<\/p>\n","protected":false},"featured_media":9460936,"comment_status":"open","ping_status":"closed","template":"","meta":[],"product_cat":[792,794,97,140,788,21],"product_tag":[],"class_list":["post-9460937","product","type-product","status-publish","has-post-thumbnail","hentry","product_cat-mais-vendidos","product_cat-placas-de-grelhar","product_cat-placas-para-grelhar","product_cat-cozedura-aquecimento","product_cat-equipcafebar","product_cat-restauracao","product_shipping_class-pph"],"_links":{"self":[{"href":"https:\/\/tpohotelariaecasa.pt\/index.php\/wp-json\/wp\/v2\/product\/9460937"}],"collection":[{"href":"https:\/\/tpohotelariaecasa.pt\/index.php\/wp-json\/wp\/v2\/product"}],"about":[{"href":"https:\/\/tpohotelariaecasa.pt\/index.php\/wp-json\/wp\/v2\/types\/product"}],"replies":[{"embeddable":true,"href":"https:\/\/tpohotelariaecasa.pt\/index.php\/wp-json\/wp\/v2\/comments?post=9460937"}],"wp:featuredmedia":[{"embeddable":true,"href":"https:\/\/tpohotelariaecasa.pt\/index.php\/wp-json\/wp\/v2\/media\/9460936"}],"wp:attachment":[{"href":"https:\/\/tpohotelariaecasa.pt\/index.php\/wp-json\/wp\/v2\/media?parent=9460937"}],"wp:term":[{"taxonomy":"product_cat","embeddable":true,"href":"https:\/\/tpohotelariaecasa.pt\/index.php\/wp-json\/wp\/v2\/product_cat?post=9460937"},{"taxonomy":"product_tag","embeddable":true,"href":"https:\/\/tpohotelariaecasa.pt\/index.php\/wp-json\/wp\/v2\/product_tag?post=9460937"}],"curies":[{"name":"wp","href":"https:\/\/api.w.org\/{rel}","templated":true}]}}