{"id":9460939,"date":"2024-05-29T17:14:11","date_gmt":"2024-05-29T17:14:11","guid":{"rendered":"https:\/\/tpohotelariaecasa.pt\/index.php\/product\/placa-de-grelhar-liso-73-cm-incl-bandeja-de-gotejamento-400v\/"},"modified":"2025-04-03T09:09:58","modified_gmt":"2025-04-03T09:09:58","slug":"placa-de-grelhar-liso-73-cm-incl-bandeja-de-gotejamento-400v","status":"publish","type":"product","link":"https:\/\/tpohotelariaecasa.pt\/index.php\/product\/placa-de-grelhar-liso-73-cm-incl-bandeja-de-gotejamento-400v\/","title":{"rendered":"Placa de Grelhar &#8211; Liso &#8211; 73 cm &#8211; incl. Bandeja de Gotejamento &#8211; 400V"},"content":{"rendered":"<ul>\n<li>Grelha el\u00e9ctrica<\/li>\n<li>Constru\u00e7\u00e3o profissional e pesada<\/li>\n<li>Chapa de grelhar s\u00f3lida de 6 mm<\/li>\n<li>Superf\u00edcie completamente lisa<\/li>\n<li>Caixa de a\u00e7o inoxid\u00e1vel e bandeja de gotejamento<\/li>\n<li>Equipado com protec\u00e7\u00e3o elevada contra salpicos<\/li>\n<li>Term\u00f3stato regul\u00e1vel: 70\u00b0C a 300\u00b0C<\/li>\n<li>Elementos de aquecimento pesados<\/li>\n<li>Protec\u00e7\u00e3o contra sobrecarga<\/li>\n<li>Luzes indicadoras de temperatura<\/li>\n<li>Adequado para uso cont\u00ednuo<\/li>\n<li>Fica em quatro p\u00e9s de borracha<\/li>\n<li>F\u00e1cil de limpar<\/li>\n<li>Peso l\u00edquido: 30,5kg<\/li>\n<li>Superf\u00edcie de grelhagem: 73cm<\/li>\n<li>Dimens\u00f5es da grelha: B73,5 x D41,5cm<\/li>\n<li>Dimens\u00f5es do aparelho: B74 x D52 x H24cm<\/li>\n<li>400V\/50Hz\/3Fase 4400W<\/li>\n<\/ul>\n","protected":false},"excerpt":{"rendered":"<p>Com uma superf\u00edcie de grelha lisa de 73cm, esta grelha el\u00e9ctrica profissional permite-lhe cozinhar os mais saborosos pratos de carne, peixe e vegetais. Gra\u00e7as ao tabuleiro de pingos e \u00e0s pe\u00e7as em a\u00e7o inoxid\u00e1vel, este grelhador \u00e9 f\u00e1cil de limpar. consulte Mais informa\u00e7\u00e3o<\/p>\n","protected":false},"featured_media":9460938,"comment_status":"open","ping_status":"closed","template":"","meta":[],"product_cat":[792,794,97,140,788,21],"product_tag":[],"class_list":["post-9460939","product","type-product","status-publish","has-post-thumbnail","hentry","product_cat-mais-vendidos","product_cat-placas-de-grelhar","product_cat-placas-para-grelhar","product_cat-cozedura-aquecimento","product_cat-equipcafebar","product_cat-restauracao","product_shipping_class-gph"],"_links":{"self":[{"href":"https:\/\/tpohotelariaecasa.pt\/index.php\/wp-json\/wp\/v2\/product\/9460939"}],"collection":[{"href":"https:\/\/tpohotelariaecasa.pt\/index.php\/wp-json\/wp\/v2\/product"}],"about":[{"href":"https:\/\/tpohotelariaecasa.pt\/index.php\/wp-json\/wp\/v2\/types\/product"}],"replies":[{"embeddable":true,"href":"https:\/\/tpohotelariaecasa.pt\/index.php\/wp-json\/wp\/v2\/comments?post=9460939"}],"wp:featuredmedia":[{"embeddable":true,"href":"https:\/\/tpohotelariaecasa.pt\/index.php\/wp-json\/wp\/v2\/media\/9460938"}],"wp:attachment":[{"href":"https:\/\/tpohotelariaecasa.pt\/index.php\/wp-json\/wp\/v2\/media?parent=9460939"}],"wp:term":[{"taxonomy":"product_cat","embeddable":true,"href":"https:\/\/tpohotelariaecasa.pt\/index.php\/wp-json\/wp\/v2\/product_cat?post=9460939"},{"taxonomy":"product_tag","embeddable":true,"href":"https:\/\/tpohotelariaecasa.pt\/index.php\/wp-json\/wp\/v2\/product_tag?post=9460939"}],"curies":[{"name":"wp","href":"https:\/\/api.w.org\/{rel}","templated":true}]}}