{"id":9460945,"date":"2024-05-29T17:14:15","date_gmt":"2024-05-29T17:14:15","guid":{"rendered":"https:\/\/tpohotelariaecasa.pt\/index.php\/product\/aquecedor-de-cachorros-quentes-o20-x-24-cm-lavavel-na-maquina-de-lavar-louca-com-4-espigoes\/"},"modified":"2025-04-03T09:09:50","modified_gmt":"2025-04-03T09:09:50","slug":"aquecedor-de-cachorros-quentes-o20-x-24-cm-lavavel-na-maquina-de-lavar-louca-com-4-espigoes","status":"publish","type":"product","link":"https:\/\/tpohotelariaecasa.pt\/index.php\/product\/aquecedor-de-cachorros-quentes-o20-x-24-cm-lavavel-na-maquina-de-lavar-louca-com-4-espigoes\/","title":{"rendered":"Aquecedor de Cachorros-Quentes &#8211; \u00d820 x 24 cm &#8211; Lav\u00e1vel na M\u00e1quina de Lavar Lou\u00e7a &#8211; com 4 Espig\u00f5es"},"content":{"rendered":"<ul>\n<li>Com elementos de aquecimento para p\u00e3o<\/li>\n<li>Caixa e tampa de a\u00e7o inoxid\u00e1vel<\/li>\n<li>Bandeja de \u00e1gua em alum\u00ednio<\/li>\n<li>Distribui\u00e7\u00e3o eficiente de calor<\/li>\n<li>Com pega e cesto robustos<\/li>\n<li>Cilindro de vidro: \u00d8 200 x H240 mm<\/li>\n<li>Placa de aquecimento: \u00d8 200 mm<\/li>\n<li>Term\u00f3stato regul\u00e1vel: 30\u00b0C a 80\u00b0C<\/li>\n<li>Indicador de temperatura<\/li>\n<li>Interruptor on-off protegido<\/li>\n<li>Equipado com pegas<\/li>\n<li>Fica em quatro p\u00e9s de borracha<\/li>\n<li>F\u00e1cil de limpar<\/li>\n<li>Peso l\u00edquido: 9,96kg<\/li>\n<li>Dimens\u00f5es: B58 x D36 x H46m<\/li>\n<li>230V\/50Hz\/1Fase 1100 Watt<\/li>\n<\/ul>\n","protected":false},"excerpt":{"rendered":"<p>Com este aquecedor de cachorros quentes, pode fazer deliciosos cachorros quentes r\u00e1pida e facilmente. No suporte vertical, pode facilmente manter as suas salsichas quentes e prontas a usar. O aquecedor vem com uma tampa e pode ser limpo rapidamente, gra\u00e7as aos materiais em a\u00e7o inoxid\u00e1vel. consulte Mais informa\u00e7\u00e3o<\/p>\n","protected":false},"featured_media":9460944,"comment_status":"open","ping_status":"closed","template":"","meta":[],"product_cat":[82],"product_tag":[],"class_list":["post-9460945","product","type-product","status-publish","has-post-thumbnail","hentry","product_cat-aquecedor-de-salsichas","product_shipping_class-pph"],"_links":{"self":[{"href":"https:\/\/tpohotelariaecasa.pt\/index.php\/wp-json\/wp\/v2\/product\/9460945"}],"collection":[{"href":"https:\/\/tpohotelariaecasa.pt\/index.php\/wp-json\/wp\/v2\/product"}],"about":[{"href":"https:\/\/tpohotelariaecasa.pt\/index.php\/wp-json\/wp\/v2\/types\/product"}],"replies":[{"embeddable":true,"href":"https:\/\/tpohotelariaecasa.pt\/index.php\/wp-json\/wp\/v2\/comments?post=9460945"}],"wp:featuredmedia":[{"embeddable":true,"href":"https:\/\/tpohotelariaecasa.pt\/index.php\/wp-json\/wp\/v2\/media\/9460944"}],"wp:attachment":[{"href":"https:\/\/tpohotelariaecasa.pt\/index.php\/wp-json\/wp\/v2\/media?parent=9460945"}],"wp:term":[{"taxonomy":"product_cat","embeddable":true,"href":"https:\/\/tpohotelariaecasa.pt\/index.php\/wp-json\/wp\/v2\/product_cat?post=9460945"},{"taxonomy":"product_tag","embeddable":true,"href":"https:\/\/tpohotelariaecasa.pt\/index.php\/wp-json\/wp\/v2\/product_tag?post=9460945"}],"curies":[{"name":"wp","href":"https:\/\/api.w.org\/{rel}","templated":true}]}}