{"id":9460949,"date":"2024-05-29T17:14:17","date_gmt":"2024-05-29T17:14:17","guid":{"rendered":"https:\/\/tpohotelariaecasa.pt\/index.php\/product\/batedeira-planetaria-20-l-ate-10-kg-de-massa-3-velocidades\/"},"modified":"2025-04-03T09:09:57","modified_gmt":"2025-04-03T09:09:57","slug":"batedeira-planetaria-20-l-ate-10-kg-de-massa-3-velocidades","status":"publish","type":"product","link":"https:\/\/tpohotelariaecasa.pt\/index.php\/product\/batedeira-planetaria-20-l-ate-10-kg-de-massa-3-velocidades\/","title":{"rendered":"Batedeira Planet\u00e1ria &#8211; 20 l &#8211; At\u00e9 10 kg de Massa &#8211; 3 Velocidades"},"content":{"rendered":"<ul>\n<li>Ta\u00e7a robusta em a\u00e7o inoxid\u00e1vel de 20.0L<\/li>\n<li>3 velocidades: 105 &#8211; 180 &#8211; 408 RPM<\/li>\n<li>M\u00e1quina robusta com alta velocidade<\/li>\n<li>Forte transmiss\u00e3o com engrenagens met\u00e1licas<\/li>\n<li>Elevador de tigela com alavanca e interruptor de seguran\u00e7a<\/li>\n<li>Protec\u00e7\u00e3o de a\u00e7o inoxid\u00e1vel sobre a tigela<\/li>\n<li>Interruptor de seguran\u00e7a na guarda<\/li>\n<li>Bot\u00f5es de arranque e paragem separados<\/li>\n<li>Carca\u00e7a de ferro fundido com revestimento resistente a riscos<\/li>\n<li>Muito f\u00e1cil de limpar<\/li>\n<li>Peso l\u00edquido: 76kg<\/li>\n<li>Dimens\u00f5es da tigela: \u00d8315 x H270mm<\/li>\n<li>Dimens\u00f5es da unidade: W440 x D520 x H790mm<\/li>\n<li>Pot\u00eancia: 230V \/ 50Hz \/ 1Fase 750W<\/li>\n<li>Cor: cinzento forte<\/li>\n<\/ul>\n<p>Produ\u00e7\u00e3o:<\/p>\n<ul>\n<li>Massa de pizza no m\u00e1ximo. 10.00 kg de massa<\/li>\n<li>Massa de p\u00e3o no m\u00e1ximo. 7.00 kg de massa de p\u00e3o<\/li>\n<li>Massa de p\u00e3o m\u00edn. 2,00 kg de massa<\/li>\n<\/ul>\n<p>Incluindo:<\/p>\n<ul>\n<li>Recipiente de mistura de 20L em a\u00e7o inoxid\u00e1vel<\/li>\n<li>Gancho de massa de a\u00e7o inox<\/li>\n<li>Batedor plano de a\u00e7o inox<\/li>\n<li>A\u00e7o inox \/ Batedor de alum\u00ednio<\/li>\n<\/ul>\n","protected":false},"excerpt":{"rendered":"<p>Utilizando esta batedeira planet\u00e1ria de catering com a sua tigela higi\u00e9nica de a\u00e7o inoxid\u00e1vel de 20 litros, \u00e9 poss\u00edvel preparar facilmente v\u00e1rios tipos de massa. \u00c9 perfeita para amassar, bater, mexer e misturar v\u00e1rios ingredientes \u00e0 velocidade ideal. consulte Mais informa\u00e7\u00e3o<\/p>\n","protected":false},"featured_media":9460948,"comment_status":"open","ping_status":"closed","template":"","meta":[],"product_cat":[792,21,119],"product_tag":[],"class_list":["post-9460949","product","type-product","status-publish","has-post-thumbnail","hentry","product_cat-mais-vendidos","product_cat-restauracao","product_cat-batedeiras-planetrias","product_shipping_class-gph"],"_links":{"self":[{"href":"https:\/\/tpohotelariaecasa.pt\/index.php\/wp-json\/wp\/v2\/product\/9460949"}],"collection":[{"href":"https:\/\/tpohotelariaecasa.pt\/index.php\/wp-json\/wp\/v2\/product"}],"about":[{"href":"https:\/\/tpohotelariaecasa.pt\/index.php\/wp-json\/wp\/v2\/types\/product"}],"replies":[{"embeddable":true,"href":"https:\/\/tpohotelariaecasa.pt\/index.php\/wp-json\/wp\/v2\/comments?post=9460949"}],"wp:featuredmedia":[{"embeddable":true,"href":"https:\/\/tpohotelariaecasa.pt\/index.php\/wp-json\/wp\/v2\/media\/9460948"}],"wp:attachment":[{"href":"https:\/\/tpohotelariaecasa.pt\/index.php\/wp-json\/wp\/v2\/media?parent=9460949"}],"wp:term":[{"taxonomy":"product_cat","embeddable":true,"href":"https:\/\/tpohotelariaecasa.pt\/index.php\/wp-json\/wp\/v2\/product_cat?post=9460949"},{"taxonomy":"product_tag","embeddable":true,"href":"https:\/\/tpohotelariaecasa.pt\/index.php\/wp-json\/wp\/v2\/product_tag?post=9460949"}],"curies":[{"name":"wp","href":"https:\/\/api.w.org\/{rel}","templated":true}]}}