{"id":9460951,"date":"2024-05-29T17:14:18","date_gmt":"2024-05-29T17:14:18","guid":{"rendered":"https:\/\/tpohotelariaecasa.pt\/index.php\/product\/batedeira-planetaria-30-l-ate-15-kg-de-massa-3-velocidades\/"},"modified":"2025-04-03T09:09:57","modified_gmt":"2025-04-03T09:09:57","slug":"batedeira-planetaria-30-l-ate-15-kg-de-massa-3-velocidades","status":"publish","type":"product","link":"https:\/\/tpohotelariaecasa.pt\/index.php\/product\/batedeira-planetaria-30-l-ate-15-kg-de-massa-3-velocidades\/","title":{"rendered":"Batedeira Planet\u00e1ria &#8211; 30 l &#8211; At\u00e9 15 kg de Massa &#8211; 3 Velocidades"},"content":{"rendered":"<ul>\n<li>Misturadora planet\u00e1ria potente<\/li>\n<li>Ta\u00e7a robusta em a\u00e7o inoxid\u00e1vel de 30.0L<\/li>\n<li>3 velocidades: 110 &#8211; 200 &#8211; 420 RPM<\/li>\n<li>M\u00e1quina robusta com alta velocidade<\/li>\n<li>Forte transmiss\u00e3o com engrenagens met\u00e1licas<\/li>\n<li>Elevador de tigela com alavanca e interruptor de seguran\u00e7a<\/li>\n<li>Protec\u00e7\u00e3o de a\u00e7o inoxid\u00e1vel sobre a tigela<\/li>\n<li>Interruptor de seguran\u00e7a na guarda<\/li>\n<li>Bot\u00f5es de arranque e paragem separados<\/li>\n<li>Carca\u00e7a de ferro fundido com revestimento resistente a riscos<\/li>\n<li>Muito f\u00e1cil de limpar<\/li>\n<li>Peso l\u00edquido: 80kg<\/li>\n<li>Dimens\u00f5es da tigela: \u00d8340 x H335mm<\/li>\n<li>Dimens\u00f5es da unidade: W460 x D550 x H860mm<\/li>\n<li>Pot\u00eancia: 230V \/ 50Hz \/ 1Fase 1100W<\/li>\n<li>Cor: cinzento forte<\/li>\n<\/ul>\n<p>Produ\u00e7\u00e3o:<\/p>\n<ul>\n<li>Massa de pizza no m\u00e1ximo. 15.00 kg de massa<\/li>\n<li>Massa de p\u00e3o no m\u00e1ximo. 8.00 &#8211; 10,00 kg de massa de p\u00e3o<\/li>\n<li>Min. de massa de p\u00e3o. 3.00 kg de massa<\/li>\n<\/ul>\n<p>Incluindo:<\/p>\n<ul>\n<li>Recipiente de mistura de 30L em a\u00e7o inoxid\u00e1vel<\/li>\n<li>Gancho de massa de a\u00e7o inox<\/li>\n<li>Batedor plano de a\u00e7o inox<\/li>\n<li>A\u00e7o inox \/ Batedor de alum\u00ednio<\/li>\n<\/ul>\n","protected":false},"excerpt":{"rendered":"<p>Este misturador planet\u00e1rio profissional tem uma grande capacidade gra\u00e7as \u00e0 ta\u00e7a misturadora de a\u00e7o inoxid\u00e1vel de 30 litros. Com os acess\u00f3rios inclu\u00eddos, esta potente m\u00e1quina amassa, mistura, bate e agita a massa e a massa a grande velocidade. consulte Mais informa\u00e7\u00e3o<\/p>\n","protected":false},"featured_media":9460950,"comment_status":"open","ping_status":"closed","template":"","meta":[],"product_cat":[792,21,119],"product_tag":[],"class_list":["post-9460951","product","type-product","status-publish","has-post-thumbnail","hentry","product_cat-mais-vendidos","product_cat-restauracao","product_cat-batedeiras-planetrias","product_shipping_class-gph"],"_links":{"self":[{"href":"https:\/\/tpohotelariaecasa.pt\/index.php\/wp-json\/wp\/v2\/product\/9460951"}],"collection":[{"href":"https:\/\/tpohotelariaecasa.pt\/index.php\/wp-json\/wp\/v2\/product"}],"about":[{"href":"https:\/\/tpohotelariaecasa.pt\/index.php\/wp-json\/wp\/v2\/types\/product"}],"replies":[{"embeddable":true,"href":"https:\/\/tpohotelariaecasa.pt\/index.php\/wp-json\/wp\/v2\/comments?post=9460951"}],"wp:featuredmedia":[{"embeddable":true,"href":"https:\/\/tpohotelariaecasa.pt\/index.php\/wp-json\/wp\/v2\/media\/9460950"}],"wp:attachment":[{"href":"https:\/\/tpohotelariaecasa.pt\/index.php\/wp-json\/wp\/v2\/media?parent=9460951"}],"wp:term":[{"taxonomy":"product_cat","embeddable":true,"href":"https:\/\/tpohotelariaecasa.pt\/index.php\/wp-json\/wp\/v2\/product_cat?post=9460951"},{"taxonomy":"product_tag","embeddable":true,"href":"https:\/\/tpohotelariaecasa.pt\/index.php\/wp-json\/wp\/v2\/product_tag?post=9460951"}],"curies":[{"name":"wp","href":"https:\/\/api.w.org\/{rel}","templated":true}]}}