{"id":9460955,"date":"2024-05-29T17:14:21","date_gmt":"2024-05-29T17:14:21","guid":{"rendered":"https:\/\/tpohotelariaecasa.pt\/index.php\/product\/prensa-para-hamburgueres-prato-de-porcionamento-de-10-cm-manual\/"},"modified":"2025-04-03T09:09:52","modified_gmt":"2025-04-03T09:09:52","slug":"prensa-para-hamburgueres-prato-de-porcionamento-de-10-cm-manual","status":"publish","type":"product","link":"https:\/\/tpohotelariaecasa.pt\/index.php\/product\/prensa-para-hamburgueres-prato-de-porcionamento-de-10-cm-manual\/","title":{"rendered":"Prensa para Hamb\u00fargueres &#8211; Prato de Porcionamento de 10 cm &#8211; Manual"},"content":{"rendered":"<ul>\n<li>Modelo de mesa manual com alavanca<\/li>\n<li>Para pat\u00e9s de carne, peixe e vegetais<\/li>\n<li>Constru\u00e7\u00e3o em alum\u00ednio anodizado<\/li>\n<li>Placa, alavanca e suportes de a\u00e7o inoxid\u00e1vel<\/li>\n<li>Placa de porcionamento \u00d8 100 mm<\/li>\n<li>A quantidade do produto determina a espessura da por\u00e7\u00e3o<\/li>\n<li>Pap\u00e9is de porcionamento equipados (500x)<\/li>\n<li>Fica em quatro p\u00e9s de borracha<\/li>\n<li>F\u00e1cil de limpar<\/li>\n<li>Peso l\u00edquido: 5,24 kg<\/li>\n<li>Dimens\u00f5es: H275 x L235 x D230 mm<\/li>\n<\/ul>\n<p>Tamanho do Hamb\u00farguer:<\/p>\n<ul>\n<li>Di\u00e2metro de 10 cm<\/li>\n<li>Espessura de 1,2 cm<\/li>\n<\/ul>\n","protected":false},"excerpt":{"rendered":"<p>Com esta prensa profissional de hamb\u00fargueres, pode rapidamente fazer hamb\u00fargueres perfeitamente redondos e firmes. O di\u00e2metro dos hamb\u00fargueres feitos com esta prensa de hamb\u00fargueres \u00e9 de 10cm. \u00c9 ideal para fazer hamb\u00fargueres, hamb\u00fargueres de peixe, hamb\u00fargueres de vegetais e vegetarianos consulte Mais informa\u00e7\u00e3o<\/p>\n","protected":false},"featured_media":9460954,"comment_status":"open","ping_status":"closed","template":"","meta":[],"product_cat":[125,21],"product_tag":[],"class_list":["post-9460955","product","type-product","status-publish","has-post-thumbnail","hentry","product_cat-prensa-de-hambrgueres","product_cat-restauracao","product_shipping_class-pph"],"_links":{"self":[{"href":"https:\/\/tpohotelariaecasa.pt\/index.php\/wp-json\/wp\/v2\/product\/9460955"}],"collection":[{"href":"https:\/\/tpohotelariaecasa.pt\/index.php\/wp-json\/wp\/v2\/product"}],"about":[{"href":"https:\/\/tpohotelariaecasa.pt\/index.php\/wp-json\/wp\/v2\/types\/product"}],"replies":[{"embeddable":true,"href":"https:\/\/tpohotelariaecasa.pt\/index.php\/wp-json\/wp\/v2\/comments?post=9460955"}],"wp:featuredmedia":[{"embeddable":true,"href":"https:\/\/tpohotelariaecasa.pt\/index.php\/wp-json\/wp\/v2\/media\/9460954"}],"wp:attachment":[{"href":"https:\/\/tpohotelariaecasa.pt\/index.php\/wp-json\/wp\/v2\/media?parent=9460955"}],"wp:term":[{"taxonomy":"product_cat","embeddable":true,"href":"https:\/\/tpohotelariaecasa.pt\/index.php\/wp-json\/wp\/v2\/product_cat?post=9460955"},{"taxonomy":"product_tag","embeddable":true,"href":"https:\/\/tpohotelariaecasa.pt\/index.php\/wp-json\/wp\/v2\/product_tag?post=9460955"}],"curies":[{"name":"wp","href":"https:\/\/api.w.org\/{rel}","templated":true}]}}