{"id":9460959,"date":"2024-05-29T17:14:23","date_gmt":"2024-05-29T17:14:23","guid":{"rendered":"https:\/\/tpohotelariaecasa.pt\/index.php\/product\/forno-de-conveccao-vapor-adapta-se-4-tabuleiros-60-x-40-cm-400v\/"},"modified":"2025-04-03T09:09:57","modified_gmt":"2025-04-03T09:09:57","slug":"forno-de-conveccao-vapor-adapta-se-4-tabuleiros-60-x-40-cm-400v","status":"publish","type":"product","link":"https:\/\/tpohotelariaecasa.pt\/index.php\/product\/forno-de-conveccao-vapor-adapta-se-4-tabuleiros-60-x-40-cm-400v\/","title":{"rendered":"Forno de Convec\u00e7\u00e3o &#8211; Vapor &#8211; Adapta-se 4 Tabuleiros (60 x 40 cm) &#8211; 400V"},"content":{"rendered":"<p><strong>Caracter\u00edsticas<\/strong><\/p>\n<ul>\n<li>Constru\u00e7\u00e3o em a\u00e7o inoxid\u00e1vel com interior esmaltado<\/li>\n<li>Distribui\u00e7\u00e3o eficiente de calor e fun\u00e7\u00e3o de vapor<\/li>\n<li>Equipado com 2 motores<\/li>\n<li>Porta facilmente remov\u00edvel<\/li>\n<li>Vidros duplos atermais<\/li>\n<li>Controlo anal\u00f3gico e temporizador<\/li>\n<li>Indicadores de temperatura<\/li>\n<\/ul>\n<p><strong>Especifica\u00e7\u00f5es do produto<\/strong><\/p>\n<ul>\n<li>Peso l\u00edquido: 70kg<\/li>\n<li>Dimens\u00f5es: W83,4 x D79,6 x H57cm<\/li>\n<li>Dist\u00e2ncia da bandeja: 8cm<\/li>\n<li>Gama de temperaturas: 0-300\u00b0C<\/li>\n<li>Temporizador: 0 a 120 minutos<\/li>\n<li>400V \/ 50Hz \/ 3 fases 6400W<\/li>\n<\/ul>\n<p><em>Inclu\u00eddo<\/em><\/p>\n<ul>\n<li>Quatro bandejas: 60 x 40cm<\/li>\n<\/ul>\n","protected":false},"excerpt":{"rendered":"<p>Este forno de convec\u00e7\u00e3o tem dois motores, um temporizador e uma fun\u00e7\u00e3o de vapor, e \u00e9 adequado para quatro bandejas de 60 x 40cm. \u00c9 perfeito para cozer p\u00e3es, fazer saborosos pratos de forno ou preparar suculentas carnes consulte Mais informa\u00e7\u00e3o<\/p>\n","protected":false},"featured_media":9460958,"comment_status":"open","ping_status":"closed","template":"","meta":[],"product_cat":[792,88,21],"product_tag":[],"class_list":["post-9460959","product","type-product","status-publish","has-post-thumbnail","hentry","product_cat-mais-vendidos","product_cat-fornos","product_cat-restauracao","product_shipping_class-gph"],"_links":{"self":[{"href":"https:\/\/tpohotelariaecasa.pt\/index.php\/wp-json\/wp\/v2\/product\/9460959"}],"collection":[{"href":"https:\/\/tpohotelariaecasa.pt\/index.php\/wp-json\/wp\/v2\/product"}],"about":[{"href":"https:\/\/tpohotelariaecasa.pt\/index.php\/wp-json\/wp\/v2\/types\/product"}],"replies":[{"embeddable":true,"href":"https:\/\/tpohotelariaecasa.pt\/index.php\/wp-json\/wp\/v2\/comments?post=9460959"}],"wp:featuredmedia":[{"embeddable":true,"href":"https:\/\/tpohotelariaecasa.pt\/index.php\/wp-json\/wp\/v2\/media\/9460958"}],"wp:attachment":[{"href":"https:\/\/tpohotelariaecasa.pt\/index.php\/wp-json\/wp\/v2\/media?parent=9460959"}],"wp:term":[{"taxonomy":"product_cat","embeddable":true,"href":"https:\/\/tpohotelariaecasa.pt\/index.php\/wp-json\/wp\/v2\/product_cat?post=9460959"},{"taxonomy":"product_tag","embeddable":true,"href":"https:\/\/tpohotelariaecasa.pt\/index.php\/wp-json\/wp\/v2\/product_tag?post=9460959"}],"curies":[{"name":"wp","href":"https:\/\/api.w.org\/{rel}","templated":true}]}}