{"id":9460961,"date":"2024-05-29T17:14:24","date_gmt":"2024-05-29T17:14:24","guid":{"rendered":"https:\/\/tpohotelariaecasa.pt\/index.php\/product\/forno-de-conveccao-adapta-se-4-tabuleiros-temporizador-incorporado-ate-300c\/"},"modified":"2025-04-03T09:09:57","modified_gmt":"2025-04-03T09:09:57","slug":"forno-de-conveccao-adapta-se-4-tabuleiros-temporizador-incorporado-ate-300c","status":"publish","type":"product","link":"https:\/\/tpohotelariaecasa.pt\/index.php\/product\/forno-de-conveccao-adapta-se-4-tabuleiros-temporizador-incorporado-ate-300c\/","title":{"rendered":"Forno de Convec\u00e7\u00e3o &#8211; Adapta-se 4 Tabuleiros &#8211; Temporizador Incorporado &#8211; At\u00e9 300\u00b0C"},"content":{"rendered":"<ul>\n<li>Forno de convec\u00e7\u00e3o de luxo<\/li>\n<li>Constru\u00e7\u00e3o em a\u00e7o inoxid\u00e1vel com interior esmaltado<\/li>\n<li>Distribui\u00e7\u00e3o eficiente de calor<\/li>\n<li>Equipado com 2 motores<\/li>\n<li>Porta facilmente remov\u00edvel<\/li>\n<li>Vidros duplos atermais<\/li>\n<li>Controlo anal\u00f3gico e temporizador<\/li>\n<li>Term\u00f3stato regul\u00e1vel: 0\u00b0C a 300\u00b0C<\/li>\n<li>Indicadores de temperatura<\/li>\n<li>Temporizador ajust\u00e1vel: 0 a 120 minutos<\/li>\n<li>Dist\u00e2ncia da bandeja 70 mm<\/li>\n<li>Fica em quatro p\u00e9s de borracha<\/li>\n<li>F\u00e1cil de limpar<\/li>\n<li>Peso l\u00edquido: 38kg<\/li>\n<li>Dimens\u00f5es: W59,5 x D61,5 x H57cm<\/li>\n<li>Incluindo 4 bandejas de: W43,5 x D31,5cm<\/li>\n<li>230V\/50Hz\/1Fase 2670W<\/li>\n<\/ul>\n","protected":false},"excerpt":{"rendered":"<p>Este forno de convec\u00e7\u00e3o maravilhosamente acabado tem dois ventiladores e quatro tabuleiros. Pode regular a temperatura at\u00e9 300\u00baC para preparar deliciosas ca\u00e7arolas, tortas, p\u00e3o, legumes e pratos suculentos de carne. consulte Mais informa\u00e7\u00e3o<\/p>\n","protected":false},"featured_media":9460960,"comment_status":"open","ping_status":"closed","template":"","meta":[],"product_cat":[792,88,21],"product_tag":[],"class_list":["post-9460961","product","type-product","status-publish","has-post-thumbnail","hentry","product_cat-mais-vendidos","product_cat-fornos","product_cat-restauracao","product_shipping_class-gph"],"_links":{"self":[{"href":"https:\/\/tpohotelariaecasa.pt\/index.php\/wp-json\/wp\/v2\/product\/9460961"}],"collection":[{"href":"https:\/\/tpohotelariaecasa.pt\/index.php\/wp-json\/wp\/v2\/product"}],"about":[{"href":"https:\/\/tpohotelariaecasa.pt\/index.php\/wp-json\/wp\/v2\/types\/product"}],"replies":[{"embeddable":true,"href":"https:\/\/tpohotelariaecasa.pt\/index.php\/wp-json\/wp\/v2\/comments?post=9460961"}],"wp:featuredmedia":[{"embeddable":true,"href":"https:\/\/tpohotelariaecasa.pt\/index.php\/wp-json\/wp\/v2\/media\/9460960"}],"wp:attachment":[{"href":"https:\/\/tpohotelariaecasa.pt\/index.php\/wp-json\/wp\/v2\/media?parent=9460961"}],"wp:term":[{"taxonomy":"product_cat","embeddable":true,"href":"https:\/\/tpohotelariaecasa.pt\/index.php\/wp-json\/wp\/v2\/product_cat?post=9460961"},{"taxonomy":"product_tag","embeddable":true,"href":"https:\/\/tpohotelariaecasa.pt\/index.php\/wp-json\/wp\/v2\/product_tag?post=9460961"}],"curies":[{"name":"wp","href":"https:\/\/api.w.org\/{rel}","templated":true}]}}