{"id":9460977,"date":"2024-05-29T17:14:33","date_gmt":"2024-05-29T17:14:33","guid":{"rendered":"https:\/\/tpohotelariaecasa.pt\/index.php\/product\/mesa-em-aco-inoxidavel-180-x-60-cm-altura-ajustavel-com-painel-traseiro-e-prateleira-de-arrumacao\/"},"modified":"2025-04-03T09:09:57","modified_gmt":"2025-04-03T09:09:57","slug":"mesa-em-aco-inoxidavel-180-x-60-cm-altura-ajustavel-com-painel-traseiro-e-prateleira-de-arrumacao","status":"publish","type":"product","link":"https:\/\/tpohotelariaecasa.pt\/index.php\/product\/mesa-em-aco-inoxidavel-180-x-60-cm-altura-ajustavel-com-painel-traseiro-e-prateleira-de-arrumacao\/","title":{"rendered":"Mesa em A\u00e7o Inoxid\u00e1vel &#8211; 180 x 60 cm &#8211; Altura Ajust\u00e1vel &#8211; com Painel Traseiro e Prateleira de Arruma\u00e7\u00e3o"},"content":{"rendered":"<ul>\n<li>Folha de trabalho com bordas dobradas<\/li>\n<li>Os cantos s\u00e3o soldados e polidos<\/li>\n<li>Bons acabamentos, sem arestas vivas<\/li>\n<li>Ficha de trabalho refor\u00e7ada por duas pontes<\/li>\n<li>Capacidade de transporte de 150-200 kg<\/li>\n<li>P\u00e9s e prateleira inferior em a\u00e7o inoxid\u00e1vel<\/li>\n<li>Prateleira n\u00e3o ajust\u00e1vel em altura<\/li>\n<li>P\u00e9s ajust\u00e1veis em altura<\/li>\n<li>Fornecido numa embalagem plana<\/li>\n<li>Instala\u00e7\u00e3o muito f\u00e1cil (10 minutos)<\/li>\n<li>As ferramentas est\u00e3o inclu\u00eddas como padr\u00e3o<\/li>\n<li>P\u00e9s quadrados de 40 x 40 mm<\/li>\n<li>Altura m\u00e1xima de 850-900 mm<\/li>\n<li>Sem aresta elevada na parte de tr\u00e1s<\/li>\n<li>Com 10cm de margem elevada na parte de tr\u00e1s (backsplash)<\/li>\n<li>Dimens\u00f5es da bancada 1800 x 600 mm<\/li>\n<\/ul>\n","protected":false},"excerpt":{"rendered":"<p>Uma mesa robusta com um balc\u00e3o forte em a\u00e7o inoxid\u00e1vel \u00e9 necess\u00e1ria em cozinhas profissionais. Esta mesa de trabalho de alta qualidade tem um retrocesso para evitar derramamentos e \u00e9 f\u00e1cil de montar e limpar. Pode transportar 150-200kg e as pernas s\u00e3o ajust\u00e1veis em altura. consulte Mais informa\u00e7\u00e3o<\/p>\n","protected":false},"featured_media":9460976,"comment_status":"open","ping_status":"closed","template":"","meta":[],"product_cat":[755],"product_tag":[],"class_list":["post-9460977","product","type-product","status-publish","has-post-thumbnail","hentry","product_cat-estantes-armarios-prateleiras","product_shipping_class-gph"],"_links":{"self":[{"href":"https:\/\/tpohotelariaecasa.pt\/index.php\/wp-json\/wp\/v2\/product\/9460977"}],"collection":[{"href":"https:\/\/tpohotelariaecasa.pt\/index.php\/wp-json\/wp\/v2\/product"}],"about":[{"href":"https:\/\/tpohotelariaecasa.pt\/index.php\/wp-json\/wp\/v2\/types\/product"}],"replies":[{"embeddable":true,"href":"https:\/\/tpohotelariaecasa.pt\/index.php\/wp-json\/wp\/v2\/comments?post=9460977"}],"wp:featuredmedia":[{"embeddable":true,"href":"https:\/\/tpohotelariaecasa.pt\/index.php\/wp-json\/wp\/v2\/media\/9460976"}],"wp:attachment":[{"href":"https:\/\/tpohotelariaecasa.pt\/index.php\/wp-json\/wp\/v2\/media?parent=9460977"}],"wp:term":[{"taxonomy":"product_cat","embeddable":true,"href":"https:\/\/tpohotelariaecasa.pt\/index.php\/wp-json\/wp\/v2\/product_cat?post=9460977"},{"taxonomy":"product_tag","embeddable":true,"href":"https:\/\/tpohotelariaecasa.pt\/index.php\/wp-json\/wp\/v2\/product_tag?post=9460977"}],"curies":[{"name":"wp","href":"https:\/\/api.w.org\/{rel}","templated":true}]}}