{"id":9460981,"date":"2024-05-29T17:14:35","date_gmt":"2024-05-29T17:14:35","guid":{"rendered":"https:\/\/tpohotelariaecasa.pt\/index.php\/product\/maquina-de-embalar-a-vacuo-selo-26-cm-camara-l28-x-p385-cm-x-a9-cm\/"},"modified":"2025-04-03T09:09:57","modified_gmt":"2025-04-03T09:09:57","slug":"maquina-de-embalar-a-vacuo-selo-26-cm-camara-l28-x-p385-cm-x-a9-cm","status":"publish","type":"product","link":"https:\/\/tpohotelariaecasa.pt\/index.php\/product\/maquina-de-embalar-a-vacuo-selo-26-cm-camara-l28-x-p385-cm-x-a9-cm\/","title":{"rendered":"M\u00e1quina de Embalar a V\u00e1cuo &#8211; Selo 26 cm &#8211; C\u00e2mara L28 x P38,5 cm x A9 cm"},"content":{"rendered":"<ul>\n<li>Ciclo de embalagem totalmente autom\u00e1tico<\/li>\n<li>Pequeno modelo de mesa com belo acabamento<\/li>\n<li>Caixa e c\u00e2mara em a\u00e7o inoxid\u00e1vel<\/li>\n<li>Painel de controlo digital<\/li>\n<li>Cobertura forte com curva<\/li>\n<li>Dimens\u00f5es da barra de selagem: 260 x 8 mm<\/li>\n<li>Interruptor de seguran\u00e7a na tampa<\/li>\n<li>Standard com pacote de servi\u00e7os<\/li>\n<li>Fica em quatro p\u00e9s de borracha<\/li>\n<li>F\u00e1cil de limpar<\/li>\n<li>Totalmente program\u00e1vel: tempo de v\u00e1cuo ajust\u00e1vel, tempo de selagem ajust\u00e1vel, temperatura de selagem ajust\u00e1vel e tempo de arrefecimento ajust\u00e1vel<\/li>\n<li>Peso l\u00edquido: 35kg<\/li>\n<li>Dimens\u00f5es da barra de selagem: 26 x 0,8cm<\/li>\n<li>Dimens\u00f5es da c\u00e2mara: B28 x D38,5 x H9cm<\/li>\n<li>Dimens\u00f5es da m\u00e1quina: L33 x D48 x H32cm<\/li>\n<li>Capacidade da bomba de v\u00e1cuo: 10m\u00b3 p\/h<\/li>\n<li>230V\/50Hz\/1Fase 370W<\/li>\n<\/ul>\n","protected":false},"excerpt":{"rendered":"<p>Os alimentos podem ser mantidos mais frescos por mais tempo, gra\u00e7as a esta m\u00e1quina profissional de embalagem a v\u00e1cuo. Com o seu tamanho compacto, esta m\u00e1quina de embalagem cabe facilmente sobre uma bancada ou mesa. consulte Mais informa\u00e7\u00e3o<\/p>\n","protected":false},"featured_media":9460980,"comment_status":"open","ping_status":"closed","template":"","meta":[],"product_cat":[114],"product_tag":[],"class_list":["post-9460981","product","type-product","status-publish","has-post-thumbnail","hentry","product_cat-mquinas-de-vcuo","product_shipping_class-gph"],"_links":{"self":[{"href":"https:\/\/tpohotelariaecasa.pt\/index.php\/wp-json\/wp\/v2\/product\/9460981"}],"collection":[{"href":"https:\/\/tpohotelariaecasa.pt\/index.php\/wp-json\/wp\/v2\/product"}],"about":[{"href":"https:\/\/tpohotelariaecasa.pt\/index.php\/wp-json\/wp\/v2\/types\/product"}],"replies":[{"embeddable":true,"href":"https:\/\/tpohotelariaecasa.pt\/index.php\/wp-json\/wp\/v2\/comments?post=9460981"}],"wp:featuredmedia":[{"embeddable":true,"href":"https:\/\/tpohotelariaecasa.pt\/index.php\/wp-json\/wp\/v2\/media\/9460980"}],"wp:attachment":[{"href":"https:\/\/tpohotelariaecasa.pt\/index.php\/wp-json\/wp\/v2\/media?parent=9460981"}],"wp:term":[{"taxonomy":"product_cat","embeddable":true,"href":"https:\/\/tpohotelariaecasa.pt\/index.php\/wp-json\/wp\/v2\/product_cat?post=9460981"},{"taxonomy":"product_tag","embeddable":true,"href":"https:\/\/tpohotelariaecasa.pt\/index.php\/wp-json\/wp\/v2\/product_tag?post=9460981"}],"curies":[{"name":"wp","href":"https:\/\/api.w.org\/{rel}","templated":true}]}}