{"id":9460983,"date":"2024-05-29T17:14:36","date_gmt":"2024-05-29T17:14:36","guid":{"rendered":"https:\/\/tpohotelariaecasa.pt\/index.php\/product\/maquina-de-embalar-a-vacuo-selo-30-cm-camara-l32-x-p37-x-a185-cm\/"},"modified":"2025-04-03T09:09:57","modified_gmt":"2025-04-03T09:09:57","slug":"maquina-de-embalar-a-vacuo-selo-30-cm-camara-l32-x-p37-x-a185-cm","status":"publish","type":"product","link":"https:\/\/tpohotelariaecasa.pt\/index.php\/product\/maquina-de-embalar-a-vacuo-selo-30-cm-camara-l32-x-p37-x-a185-cm\/","title":{"rendered":"M\u00e1quina de Embalar a V\u00e1cuo &#8211; Selo 30 cm &#8211; C\u00e2mara L32 x P37 x A18,5 cm"},"content":{"rendered":"<ul>\n<li>Ciclo de embalagem totalmente autom\u00e1tico<\/li>\n<li>Modelo de mesa pequena com belo acabamento<\/li>\n<li>Caixa e c\u00e2mara em a\u00e7o inoxid\u00e1vel<\/li>\n<li>Painel de controlo digital<\/li>\n<li>Cobertura forte com curva<\/li>\n<li>Interruptor de seguran\u00e7a na tampa<\/li>\n<li>Standard com pacote de servi\u00e7os<\/li>\n<li>Fica em quatro p\u00e9s de borracha<\/li>\n<li>F\u00e1cil de limpar<\/li>\n<li>Totalmente program\u00e1vel: tempo de v\u00e1cuo ajust\u00e1vel, tempo de selagem ajust\u00e1vel, temperatura de selagem ajust\u00e1vel e tempo de arrefecimento ajust\u00e1vel<\/li>\n<li>Peso l\u00edquido: 40kg<\/li>\n<li>Dimens\u00f5es da barra de selagem 30 x 0,8cm<\/li>\n<li>Dimens\u00f5es da c\u00e2mara: L32 x D37 x H18,5cm<\/li>\n<li>Dimens\u00f5es da m\u00e1quina: L37 x D48 x H43,5cm<\/li>\n<li>Capacidade da bomba de v\u00e1cuo: 10m\u00b3 p\/h<\/li>\n<li>230V\/50Hz\/1Fase 370W<\/li>\n<\/ul>\n","protected":false},"excerpt":{"rendered":"<p>Esta m\u00e1quina de embalagem a v\u00e1cuo \u00e9 um modelo de mesa de tamanho m\u00e9dio e, portanto, altamente adequado para o uso di\u00e1rio numa cozinha profissional. \u00c9 ideal para a embalagem herm\u00e9tica de alimentos e para o seu armazenamento mais prolongado no frigor\u00edfico ou congelador. consulte Mais informa\u00e7\u00e3o<\/p>\n","protected":false},"featured_media":9460982,"comment_status":"open","ping_status":"closed","template":"","meta":[],"product_cat":[114],"product_tag":[],"class_list":["post-9460983","product","type-product","status-publish","has-post-thumbnail","hentry","product_cat-mquinas-de-vcuo","product_shipping_class-gph"],"_links":{"self":[{"href":"https:\/\/tpohotelariaecasa.pt\/index.php\/wp-json\/wp\/v2\/product\/9460983"}],"collection":[{"href":"https:\/\/tpohotelariaecasa.pt\/index.php\/wp-json\/wp\/v2\/product"}],"about":[{"href":"https:\/\/tpohotelariaecasa.pt\/index.php\/wp-json\/wp\/v2\/types\/product"}],"replies":[{"embeddable":true,"href":"https:\/\/tpohotelariaecasa.pt\/index.php\/wp-json\/wp\/v2\/comments?post=9460983"}],"wp:featuredmedia":[{"embeddable":true,"href":"https:\/\/tpohotelariaecasa.pt\/index.php\/wp-json\/wp\/v2\/media\/9460982"}],"wp:attachment":[{"href":"https:\/\/tpohotelariaecasa.pt\/index.php\/wp-json\/wp\/v2\/media?parent=9460983"}],"wp:term":[{"taxonomy":"product_cat","embeddable":true,"href":"https:\/\/tpohotelariaecasa.pt\/index.php\/wp-json\/wp\/v2\/product_cat?post=9460983"},{"taxonomy":"product_tag","embeddable":true,"href":"https:\/\/tpohotelariaecasa.pt\/index.php\/wp-json\/wp\/v2\/product_tag?post=9460983"}],"curies":[{"name":"wp","href":"https:\/\/api.w.org\/{rel}","templated":true}]}}