{"id":9460985,"date":"2024-05-29T17:14:37","date_gmt":"2024-05-29T17:14:37","guid":{"rendered":"https:\/\/tpohotelariaecasa.pt\/index.php\/product\/maquina-de-embalar-a-vacuo-selo-50-cm-camara-l52-x-p54-x-a20-cm\/"},"modified":"2025-04-03T09:09:57","modified_gmt":"2025-04-03T09:09:57","slug":"maquina-de-embalar-a-vacuo-selo-50-cm-camara-l52-x-p54-x-a20-cm","status":"publish","type":"product","link":"https:\/\/tpohotelariaecasa.pt\/index.php\/product\/maquina-de-embalar-a-vacuo-selo-50-cm-camara-l52-x-p54-x-a20-cm\/","title":{"rendered":"M\u00e1quina de Embalar a V\u00e1cuo &#8211; Selo 50 cm &#8211; C\u00e2mara L52 x P54 x A20 cm"},"content":{"rendered":"<ul>\n<li>Ciclo de embalagem totalmente autom\u00e1tico<\/li>\n<li>Modelo de mesa grande com belos acabamentos<\/li>\n<li>Caixa e c\u00e2mara em a\u00e7o inoxid\u00e1vel<\/li>\n<li>Painel de controlo digital<\/li>\n<li>Cobertura forte com curva<\/li>\n<li>Interruptor de seguran\u00e7a na tampa<\/li>\n<li>Standard com pacote de servi\u00e7os<\/li>\n<li>Fica em quatro p\u00e9s de borracha<\/li>\n<li>F\u00e1cil de limpar<\/li>\n<li>Totalmente program\u00e1vel: tempo de v\u00e1cuo ajust\u00e1vel, tempo de selagem ajust\u00e1vel, temperatura de selagem ajust\u00e1vel e tempo de arrefecimento ajust\u00e1vel<\/li>\n<li>Peso l\u00edquido: 86kg<\/li>\n<li>Dimens\u00f5es da barra de selagem: 50 x 0,8cm<\/li>\n<li>Dimens\u00f5es da c\u00e2mara: L52 x D48 x H20cm<\/li>\n<li>Dimens\u00f5es da m\u00e1quina: L59 x D68 x H52cm<\/li>\n<li>Capacidade da bomba de v\u00e1cuo: 20m\u00b3 p\/h<\/li>\n<li>230V\/50Hz\/1Fase 900W<\/li>\n<\/ul>\n","protected":false},"excerpt":{"rendered":"<p>Esta m\u00e1quina de embalagem a v\u00e1cuo vem num tamanho extra grande para uso com sacos de at\u00e9 40 x 50 cm. Um bom modelo de mesa para embalagem de grandes quantidades de alimentos. consulte Mais informa\u00e7\u00e3o<\/p>\n","protected":false},"featured_media":9460984,"comment_status":"open","ping_status":"closed","template":"","meta":[],"product_cat":[114],"product_tag":[],"class_list":["post-9460985","product","type-product","status-publish","has-post-thumbnail","hentry","product_cat-mquinas-de-vcuo","product_shipping_class-gph"],"_links":{"self":[{"href":"https:\/\/tpohotelariaecasa.pt\/index.php\/wp-json\/wp\/v2\/product\/9460985"}],"collection":[{"href":"https:\/\/tpohotelariaecasa.pt\/index.php\/wp-json\/wp\/v2\/product"}],"about":[{"href":"https:\/\/tpohotelariaecasa.pt\/index.php\/wp-json\/wp\/v2\/types\/product"}],"replies":[{"embeddable":true,"href":"https:\/\/tpohotelariaecasa.pt\/index.php\/wp-json\/wp\/v2\/comments?post=9460985"}],"wp:featuredmedia":[{"embeddable":true,"href":"https:\/\/tpohotelariaecasa.pt\/index.php\/wp-json\/wp\/v2\/media\/9460984"}],"wp:attachment":[{"href":"https:\/\/tpohotelariaecasa.pt\/index.php\/wp-json\/wp\/v2\/media?parent=9460985"}],"wp:term":[{"taxonomy":"product_cat","embeddable":true,"href":"https:\/\/tpohotelariaecasa.pt\/index.php\/wp-json\/wp\/v2\/product_cat?post=9460985"},{"taxonomy":"product_tag","embeddable":true,"href":"https:\/\/tpohotelariaecasa.pt\/index.php\/wp-json\/wp\/v2\/product_tag?post=9460985"}],"curies":[{"name":"wp","href":"https:\/\/api.w.org\/{rel}","templated":true}]}}