{"id":9460987,"date":"2024-05-29T17:14:39","date_gmt":"2024-05-29T17:14:39","guid":{"rendered":"https:\/\/tpohotelariaecasa.pt\/index.php\/product\/cortador-de-legumes-ate-450-kg-h-incl-5-discos-de-corte\/"},"modified":"2025-04-03T09:09:36","modified_gmt":"2025-04-03T09:09:36","slug":"cortador-de-legumes-ate-450-kg-h-incl-5-discos-de-corte","status":"publish","type":"product","link":"https:\/\/tpohotelariaecasa.pt\/index.php\/product\/cortador-de-legumes-ate-450-kg-h-incl-5-discos-de-corte\/","title":{"rendered":"Cortador de Legumes &#8211; At\u00e9 450 kg\/h &#8211; incl 5 Discos de Corte"},"content":{"rendered":"<p><strong>Caracter\u00edsticas<\/strong><\/p>\n<ul>\n<li>Caixa de a\u00e7o inoxid\u00e1vel dur\u00e1vel<\/li>\n<li>1 velocidade de 270 RPM<\/li>\n<li>Entrada grande para produtos maiores<\/li>\n<li>Capacidade de 50 a 450 kg por hora<\/li>\n<li>Dispon\u00edvel com uma vasta gama de acess\u00f3rios<\/li>\n<\/ul>\n<p><strong>Especifica\u00e7\u00f5es do produto<\/strong><\/p>\n<ul>\n<li>Peso l\u00edquido: 22,46 kg<\/li>\n<li>Capacidade: 50-450kg\/h<\/li>\n<li>Dimens\u00f5es do dispositivo: H40 x B29 x D54cm<\/li>\n<li>Abertura para objectos pequenos: 5 cm de di\u00e2metro<\/li>\n<li>Abertura para objectos maiores: 8cm x 17cm<\/li>\n<li>230V\/50Hz\/1Fase 550W<\/li>\n<\/ul>\n<p><em>Incluindo<\/em><\/p>\n<ul>\n<li><em>Cortador padr\u00e3o 2mm<\/em><\/li>\n<li><em>Cortador padr\u00e3o 4mm<\/em><\/li>\n<li><em>Ralador 3mm<\/em><\/li>\n<li><em>Ralador 4mm<\/em><\/li>\n<li><em>Ralador 7mm<\/em><\/li>\n<\/ul>\n<p><em><strong>Nota:<\/strong><br \/>\n<strong>Para cortar em cubos, combine a grelha de corte em cubos com um disco de corte normal do mesmo tamanho. Isto tamb\u00e9m se aplica ao cortador de batatas fritas.<\/strong><\/em><\/p>\n","protected":false},"excerpt":{"rendered":"<p>Quando precisar de cortar fruta e legumes, esta cortadora de legumes compacta mas profissional \u00e9 o ajudante de cozinha ideal. Pode produzir facilmente entre 50 e 450 kg de fruta e legumes cortados numa hora. consulte Mais informa\u00e7\u00e3o<\/p>\n","protected":false},"featured_media":9460986,"comment_status":"open","ping_status":"closed","template":"","meta":[],"product_cat":[121],"product_tag":[],"class_list":["post-9460987","product","type-product","status-publish","has-post-thumbnail","hentry","product_cat-cortadora-de-legumes","product_shipping_class-pph"],"_links":{"self":[{"href":"https:\/\/tpohotelariaecasa.pt\/index.php\/wp-json\/wp\/v2\/product\/9460987"}],"collection":[{"href":"https:\/\/tpohotelariaecasa.pt\/index.php\/wp-json\/wp\/v2\/product"}],"about":[{"href":"https:\/\/tpohotelariaecasa.pt\/index.php\/wp-json\/wp\/v2\/types\/product"}],"replies":[{"embeddable":true,"href":"https:\/\/tpohotelariaecasa.pt\/index.php\/wp-json\/wp\/v2\/comments?post=9460987"}],"wp:featuredmedia":[{"embeddable":true,"href":"https:\/\/tpohotelariaecasa.pt\/index.php\/wp-json\/wp\/v2\/media\/9460986"}],"wp:attachment":[{"href":"https:\/\/tpohotelariaecasa.pt\/index.php\/wp-json\/wp\/v2\/media?parent=9460987"}],"wp:term":[{"taxonomy":"product_cat","embeddable":true,"href":"https:\/\/tpohotelariaecasa.pt\/index.php\/wp-json\/wp\/v2\/product_cat?post=9460987"},{"taxonomy":"product_tag","embeddable":true,"href":"https:\/\/tpohotelariaecasa.pt\/index.php\/wp-json\/wp\/v2\/product_tag?post=9460987"}],"curies":[{"name":"wp","href":"https:\/\/api.w.org\/{rel}","templated":true}]}}