{"id":9460989,"date":"2024-05-29T17:14:40","date_gmt":"2024-05-29T17:14:40","guid":{"rendered":"https:\/\/tpohotelariaecasa.pt\/index.php\/product\/maquina-de-descascar-batatas-8-kg-160-kg-h\/"},"modified":"2025-04-03T09:09:57","modified_gmt":"2025-04-03T09:09:57","slug":"maquina-de-descascar-batatas-8-kg-160-kg-h","status":"publish","type":"product","link":"https:\/\/tpohotelariaecasa.pt\/index.php\/product\/maquina-de-descascar-batatas-8-kg-160-kg-h\/","title":{"rendered":"M\u00e1quina de Descascar Batatas &#8211; 8 kg &#8211; 160 kg\/h"},"content":{"rendered":"<ul>\n<li>Descascador profissional<\/li>\n<li>Adequado para batatas e cenouras<\/li>\n<li>Caixa, ta\u00e7a e porta de a\u00e7o inoxid\u00e1vel<\/li>\n<li>Constru\u00e7\u00e3o simples e robusta<\/li>\n<li>Placa abrasiva dur\u00e1vel com desenho especial<\/li>\n<li>Placa de descascar facilmente remov\u00edvel<\/li>\n<li>Parede lateral revestida com material abrasivo<\/li>\n<li>Equipado com liga\u00e7\u00e3o de \u00e1gua<\/li>\n<li>Um dreno para \u00e1gua e res\u00edduos<\/li>\n<li>Fica em quatro p\u00e9s de borracha<\/li>\n<li>F\u00e1cil de limpar<\/li>\n<li>Peso l\u00edquido: 42kg<\/li>\n<li>Capacidade de enchimento: 8kg<\/li>\n<li>Capacidade de descasque: 160kg por hora<\/li>\n<li>Velocidade: 2-3 minutos por ciclo<\/li>\n<li>Dimens\u00f5es: B40 x D40 x H75cm<\/li>\n<li>230V\/50Hz\/1Fase 370W<\/li>\n<\/ul>\n","protected":false},"excerpt":{"rendered":"<p>Com esta descascadora profissional pode lavar e descascar at\u00e9 160kg de batatas e cenouras por hora. Oferece uma m\u00e1quina de descascar de batatas f\u00e1cil de limpar, pois pode remover o prato de descascar. consulte Mais informa\u00e7\u00e3o<\/p>\n","protected":false},"featured_media":9460988,"comment_status":"open","ping_status":"closed","template":"","meta":[],"product_cat":[122],"product_tag":[],"class_list":["post-9460989","product","type-product","status-publish","has-post-thumbnail","hentry","product_cat-descascadores-de-batatas","product_shipping_class-gph"],"_links":{"self":[{"href":"https:\/\/tpohotelariaecasa.pt\/index.php\/wp-json\/wp\/v2\/product\/9460989"}],"collection":[{"href":"https:\/\/tpohotelariaecasa.pt\/index.php\/wp-json\/wp\/v2\/product"}],"about":[{"href":"https:\/\/tpohotelariaecasa.pt\/index.php\/wp-json\/wp\/v2\/types\/product"}],"replies":[{"embeddable":true,"href":"https:\/\/tpohotelariaecasa.pt\/index.php\/wp-json\/wp\/v2\/comments?post=9460989"}],"wp:featuredmedia":[{"embeddable":true,"href":"https:\/\/tpohotelariaecasa.pt\/index.php\/wp-json\/wp\/v2\/media\/9460988"}],"wp:attachment":[{"href":"https:\/\/tpohotelariaecasa.pt\/index.php\/wp-json\/wp\/v2\/media?parent=9460989"}],"wp:term":[{"taxonomy":"product_cat","embeddable":true,"href":"https:\/\/tpohotelariaecasa.pt\/index.php\/wp-json\/wp\/v2\/product_cat?post=9460989"},{"taxonomy":"product_tag","embeddable":true,"href":"https:\/\/tpohotelariaecasa.pt\/index.php\/wp-json\/wp\/v2\/product_tag?post=9460989"}],"curies":[{"name":"wp","href":"https:\/\/api.w.org\/{rel}","templated":true}]}}