{"id":9460993,"date":"2024-05-29T17:14:42","date_gmt":"2024-05-29T17:14:42","guid":{"rendered":"https:\/\/tpohotelariaecasa.pt\/index.php\/product\/balcao-congelador-465-l-180-cm-3-portas\/"},"modified":"2025-04-03T09:09:56","modified_gmt":"2025-04-03T09:09:56","slug":"balcao-congelador-465-l-180-cm-3-portas","status":"publish","type":"product","link":"https:\/\/tpohotelariaecasa.pt\/index.php\/product\/balcao-congelador-465-l-180-cm-3-portas\/","title":{"rendered":"Balc\u00e3o Congelador &#8211; 465 l &#8211; 180 cm &#8211; 3 Portas"},"content":{"rendered":"<ul>\n<li>Bonita bancada de trabalho com design luxuoso<\/li>\n<li>Constru\u00e7\u00e3o em a\u00e7o inoxid\u00e1vel com bancada totalmente em a\u00e7o inoxid\u00e1vel<\/li>\n<li>Sistema de congela\u00e7\u00e3o extra potente no lado direito<\/li>\n<li>3-Door com 3 dimens\u00f5es de portas robustas de a\u00e7o inoxid\u00e1vel<\/li>\n<li>Equipado com prateleiras ajust\u00e1veis (uma por porta)<\/li>\n<li>Controlo digital da temperatura (DIXELL)<\/li>\n<li>Sistema de congela\u00e7\u00e3o com ventilador<\/li>\n<li>Evaporador de espuma em 3 lados<\/li>\n<li>Descongelamento autom\u00e1tico<\/li>\n<li>Interior e exterior em a\u00e7o inoxid\u00e1vel AISI 304<\/li>\n<li>Compressor Zanussi<\/li>\n<li>Refrigerante R290 \/ sem CFC<\/li>\n<li>Temperatura ambiente m\u00e1xima 32?<\/li>\n<li>Isolamento de protec\u00e7\u00e3o compacto de 60 mm<\/li>\n<li>Temperatura: -10\u00b0 a -20\u00b0 graus Celsius<\/li>\n<li>Excluindo gavetas<\/li>\n<li>Peso l\u00edquido: 136kg<\/li>\n<li>Dimens\u00f5es interiores: L123 x D58 x H58,9cm<\/li>\n<li>Dimens\u00f5es exteriores: W179,5 x D70 x H86cm<\/li>\n<li>Capacidade: 465L<\/li>\n<li>230V\/50Hz\/1Fase 430W<\/li>\n<\/ul>\n","protected":false},"excerpt":{"rendered":"<p>Este belo balc\u00e3o congelador tem um design luxuoso e uma capacidade de 465L. A constru\u00e7\u00e3o \u00e9 feita inteiramente em a\u00e7o inoxid\u00e1vel, incluindo um tampo de trabalho em a\u00e7o inoxid\u00e1vel. As prateleiras do congelador s\u00e3o ajust\u00e1veis em altura e esta unidade est\u00e1 equipada com um controlador digital de temperatura. consulte Mais informa\u00e7\u00e3o<\/p>\n","protected":false},"featured_media":9460992,"comment_status":"open","ping_status":"closed","template":"","meta":[],"product_cat":[72,138],"product_tag":[],"class_list":["post-9460993","product","type-product","status-publish","has-post-thumbnail","hentry","product_cat-bancada-de-congelao","product_cat-frio-industrial","product_shipping_class-gph"],"_links":{"self":[{"href":"https:\/\/tpohotelariaecasa.pt\/index.php\/wp-json\/wp\/v2\/product\/9460993"}],"collection":[{"href":"https:\/\/tpohotelariaecasa.pt\/index.php\/wp-json\/wp\/v2\/product"}],"about":[{"href":"https:\/\/tpohotelariaecasa.pt\/index.php\/wp-json\/wp\/v2\/types\/product"}],"replies":[{"embeddable":true,"href":"https:\/\/tpohotelariaecasa.pt\/index.php\/wp-json\/wp\/v2\/comments?post=9460993"}],"wp:featuredmedia":[{"embeddable":true,"href":"https:\/\/tpohotelariaecasa.pt\/index.php\/wp-json\/wp\/v2\/media\/9460992"}],"wp:attachment":[{"href":"https:\/\/tpohotelariaecasa.pt\/index.php\/wp-json\/wp\/v2\/media?parent=9460993"}],"wp:term":[{"taxonomy":"product_cat","embeddable":true,"href":"https:\/\/tpohotelariaecasa.pt\/index.php\/wp-json\/wp\/v2\/product_cat?post=9460993"},{"taxonomy":"product_tag","embeddable":true,"href":"https:\/\/tpohotelariaecasa.pt\/index.php\/wp-json\/wp\/v2\/product_tag?post=9460993"}],"curies":[{"name":"wp","href":"https:\/\/api.w.org\/{rel}","templated":true}]}}