{"id":9460997,"date":"2024-05-29T17:14:44","date_gmt":"2024-05-29T17:14:44","guid":{"rendered":"https:\/\/tpohotelariaecasa.pt\/index.php\/product\/grelhador-salamandra-44-x-32-cm-2800w-com-elevador\/"},"modified":"2025-04-03T09:09:56","modified_gmt":"2025-04-03T09:09:56","slug":"grelhador-salamandra-44-x-32-cm-2800w-com-elevador","status":"publish","type":"product","link":"https:\/\/tpohotelariaecasa.pt\/index.php\/product\/grelhador-salamandra-44-x-32-cm-2800w-com-elevador\/","title":{"rendered":"Grelhador Salamandra &#8211; 44 x 32 cm &#8211; 2800W &#8211; com Elevador"},"content":{"rendered":"<ul>\n<li>Perfeito para grelhar, gratinar e aquecer<\/li>\n<li>Bonito grelhador de design americano<\/li>\n<li>Constru\u00e7\u00e3o em a\u00e7o inoxid\u00e1vel para servi\u00e7o pesado<\/li>\n<li>Elementos de aquecimento &#8220;all0y&#8221; dur\u00e1veis<\/li>\n<li>Reflector polido para uma \u00f3ptima distribui\u00e7\u00e3o de calor<\/li>\n<li>Com indicador de temperatura<\/li>\n<li>Poderoso dispositivo para grelhar facilmente<\/li>\n<li>Interruptor infinito com fun\u00e7\u00e3o cont\u00ednua<\/li>\n<li>Eleva\u00e7\u00e3o com suspens\u00e3o para qualquer posi\u00e7\u00e3o \u00f3ptima<\/li>\n<li>Grelha em a\u00e7o inoxid\u00e1vel para coloca\u00e7\u00e3o de produtos<\/li>\n<li>Tabuleiro de migalhas em a\u00e7o inoxid\u00e1vel no fundo<\/li>\n<li>Cabo isolante de baquelite no topo<\/li>\n<li>Fica em quatro p\u00e9s de borracha<\/li>\n<li>F\u00e1cil de limpar<\/li>\n<li>Peso l\u00edquido: 39 Kg<\/li>\n<li>Dimens\u00f5es da c\u00e2mara: H0-140 x W440 x D320 mm<\/li>\n<li>Dimens\u00f5es: H530 x W450 x D450 mm<\/li>\n<li>230V\/50Hz\/1Fase 2800 Watt<\/li>\n<\/ul>\n","protected":false},"excerpt":{"rendered":"<p>Neste grelhador de salamandra de luxo com elevador pode grelhar, aquecer, glacear e descongelar. \u00c9 um aparelho multifuncional que pode ser utilizado, por exemplo, para cozinhar carne, peixe ou legumes. A salamandra \u00e9 ajust\u00e1vel em altura e tem um design americano robusto. consulte Mais informa\u00e7\u00e3o<\/p>\n","protected":false},"featured_media":9460996,"comment_status":"open","ping_status":"closed","template":"","meta":[],"product_cat":[792,795,796,788,90],"product_tag":[],"class_list":["post-9460997","product","type-product","status-publish","has-post-thumbnail","hentry","product_cat-mais-vendidos","product_cat-grelhadores-cf","product_cat-salamandras","product_cat-equipcafebar","product_cat-grelhadores","product_shipping_class-gph"],"_links":{"self":[{"href":"https:\/\/tpohotelariaecasa.pt\/index.php\/wp-json\/wp\/v2\/product\/9460997"}],"collection":[{"href":"https:\/\/tpohotelariaecasa.pt\/index.php\/wp-json\/wp\/v2\/product"}],"about":[{"href":"https:\/\/tpohotelariaecasa.pt\/index.php\/wp-json\/wp\/v2\/types\/product"}],"replies":[{"embeddable":true,"href":"https:\/\/tpohotelariaecasa.pt\/index.php\/wp-json\/wp\/v2\/comments?post=9460997"}],"wp:featuredmedia":[{"embeddable":true,"href":"https:\/\/tpohotelariaecasa.pt\/index.php\/wp-json\/wp\/v2\/media\/9460996"}],"wp:attachment":[{"href":"https:\/\/tpohotelariaecasa.pt\/index.php\/wp-json\/wp\/v2\/media?parent=9460997"}],"wp:term":[{"taxonomy":"product_cat","embeddable":true,"href":"https:\/\/tpohotelariaecasa.pt\/index.php\/wp-json\/wp\/v2\/product_cat?post=9460997"},{"taxonomy":"product_tag","embeddable":true,"href":"https:\/\/tpohotelariaecasa.pt\/index.php\/wp-json\/wp\/v2\/product_tag?post=9460997"}],"curies":[{"name":"wp","href":"https:\/\/api.w.org\/{rel}","templated":true}]}}