{"id":9460999,"date":"2024-05-29T17:14:45","date_gmt":"2024-05-29T17:14:45","guid":{"rendered":"https:\/\/tpohotelariaecasa.pt\/index.php\/product\/grelhador-salamandra-59-x-32-cm-3600w-com-elevador\/"},"modified":"2025-04-03T09:09:56","modified_gmt":"2025-04-03T09:09:56","slug":"grelhador-salamandra-59-x-32-cm-3600w-com-elevador","status":"publish","type":"product","link":"https:\/\/tpohotelariaecasa.pt\/index.php\/product\/grelhador-salamandra-59-x-32-cm-3600w-com-elevador\/","title":{"rendered":"Grelhador Salamandra &#8211; 59 x 32 cm &#8211; 3600W &#8211; com Elevador"},"content":{"rendered":"<ul>\n<li>Perfeito para grelhar, gratinar e aquecer<\/li>\n<li>Bonito grelhador de design americano<\/li>\n<li>Constru\u00e7\u00e3o em a\u00e7o inoxid\u00e1vel para servi\u00e7o pesado<\/li>\n<li>Elementos de aquecimento &#8220;all0y&#8221; dur\u00e1veis<\/li>\n<li>Reflector polido para uma \u00f3ptima distribui\u00e7\u00e3o de calor<\/li>\n<li>Com indicador de temperatura<\/li>\n<li>Poderoso dispositivo para grelhar facilmente<\/li>\n<li>Interruptor infinito com fun\u00e7\u00e3o cont\u00ednua<\/li>\n<li>Eleva\u00e7\u00e3o com suspens\u00e3o para qualquer posi\u00e7\u00e3o \u00f3ptima<\/li>\n<li>Grelha em a\u00e7o inoxid\u00e1vel para coloca\u00e7\u00e3o de produtos<\/li>\n<li>Tabuleiro de migalhas em a\u00e7o inoxid\u00e1vel no fundo<\/li>\n<li>Cabo isolante de baquelite no topo<\/li>\n<li>Fica em p\u00e9s de borracha<\/li>\n<li>F\u00e1cil de limpar<\/li>\n<li>Peso l\u00edquido: 49kg<\/li>\n<li>Dimens\u00f5es da c\u00e2mara: W59 x D32 x H0-14cm<\/li>\n<li>Dimens\u00f5es: L60 x D45 x H53cm<\/li>\n<li>230V\/50Hz\/1Fase 3600W<\/li>\n<\/ul>\n","protected":false},"excerpt":{"rendered":"<p>Nesta salamandra de luxo grelhada com elevador pode grelhar, aquecer, glacear, gratinar e descongelar. \u00c9 um aparelho multifuncional que pode ser utilizado, por exemplo, para cozinhar carne, peixe ou legumes. A salamandra \u00e9 ajust\u00e1vel em altura e tem um design americano robusto. consulte Mais informa\u00e7\u00e3o<\/p>\n","protected":false},"featured_media":9460998,"comment_status":"open","ping_status":"closed","template":"","meta":[],"product_cat":[792,795,796,788,90],"product_tag":[],"class_list":["post-9460999","product","type-product","status-publish","has-post-thumbnail","hentry","product_cat-mais-vendidos","product_cat-grelhadores-cf","product_cat-salamandras","product_cat-equipcafebar","product_cat-grelhadores","product_shipping_class-gph"],"_links":{"self":[{"href":"https:\/\/tpohotelariaecasa.pt\/index.php\/wp-json\/wp\/v2\/product\/9460999"}],"collection":[{"href":"https:\/\/tpohotelariaecasa.pt\/index.php\/wp-json\/wp\/v2\/product"}],"about":[{"href":"https:\/\/tpohotelariaecasa.pt\/index.php\/wp-json\/wp\/v2\/types\/product"}],"replies":[{"embeddable":true,"href":"https:\/\/tpohotelariaecasa.pt\/index.php\/wp-json\/wp\/v2\/comments?post=9460999"}],"wp:featuredmedia":[{"embeddable":true,"href":"https:\/\/tpohotelariaecasa.pt\/index.php\/wp-json\/wp\/v2\/media\/9460998"}],"wp:attachment":[{"href":"https:\/\/tpohotelariaecasa.pt\/index.php\/wp-json\/wp\/v2\/media?parent=9460999"}],"wp:term":[{"taxonomy":"product_cat","embeddable":true,"href":"https:\/\/tpohotelariaecasa.pt\/index.php\/wp-json\/wp\/v2\/product_cat?post=9460999"},{"taxonomy":"product_tag","embeddable":true,"href":"https:\/\/tpohotelariaecasa.pt\/index.php\/wp-json\/wp\/v2\/product_tag?post=9460999"}],"curies":[{"name":"wp","href":"https:\/\/api.w.org\/{rel}","templated":true}]}}