{"id":9461003,"date":"2024-05-29T17:14:47","date_gmt":"2024-05-29T17:14:47","guid":{"rendered":"https:\/\/tpohotelariaecasa.pt\/index.php\/product\/transportador-de-torradas-450-fatias-h-velocidade-ajustavel-incl-tabuleiro-para-migalhas\/"},"modified":"2025-04-03T09:09:37","modified_gmt":"2025-04-03T09:09:37","slug":"transportador-de-torradas-450-fatias-h-velocidade-ajustavel-incl-tabuleiro-para-migalhas","status":"publish","type":"product","link":"https:\/\/tpohotelariaecasa.pt\/index.php\/product\/transportador-de-torradas-450-fatias-h-velocidade-ajustavel-incl-tabuleiro-para-migalhas\/","title":{"rendered":"Transportador de Torradas &#8211; 450 Fatias\/h &#8211; Velocidade Ajust\u00e1vel &#8211; incl. Tabuleiro para Migalhas"},"content":{"rendered":"<ul>\n<li>Caixa em a\u00e7o inoxid\u00e1vel com grelha e corredi\u00e7a<\/li>\n<li>Poderoso dispositivo para torrar rapidamente<\/li>\n<li>Capacidade para 450 fatias por hora<\/li>\n<li>Bot\u00e3o de controlo de velocidade ajust\u00e1vel<\/li>\n<li>Indicador de temperatura<\/li>\n<li>Com bandeja para migalhas<\/li>\n<li>P\u00e9s em quatro pernas ajust\u00e1veis<\/li>\n<li>F\u00e1cil de limpar<\/li>\n<li>Peso l\u00edquido: 20,5 Kg<\/li>\n<li>Altura abertura frontal: 85 mm<\/li>\n<li>Largura da esteira transportadora: 360 mm<\/li>\n<li>Correia transportadora de furos: 8 mm<\/li>\n<li>Dimens\u00f5es: H390 x W470 x D420 mm<\/li>\n<li>230V\/50Hz\/1Fase 2640 Watt<\/li>\n<\/ul>\n","protected":false},"excerpt":{"rendered":"<p>Esta torradeira com um transportador \u00e9 um aparelho profissional com um desenho americano. Pode brindar at\u00e9 450 fatias de p\u00e3o por hora com ele. Al\u00e9m disso, esta torradeira \u00e9 tamb\u00e9m adequada para p\u00e3ezinhos. \u00c9 ideal para ser utilizada em hot\u00e9is, cantinas e restaurantes. consulte Mais informa\u00e7\u00e3o<\/p>\n","protected":false},"featured_media":9461002,"comment_status":"open","ping_status":"closed","template":"","meta":[],"product_cat":[101],"product_tag":[],"class_list":["post-9461003","product","type-product","status-publish","has-post-thumbnail","hentry","product_cat-torradeiras","product_shipping_class-pph"],"_links":{"self":[{"href":"https:\/\/tpohotelariaecasa.pt\/index.php\/wp-json\/wp\/v2\/product\/9461003"}],"collection":[{"href":"https:\/\/tpohotelariaecasa.pt\/index.php\/wp-json\/wp\/v2\/product"}],"about":[{"href":"https:\/\/tpohotelariaecasa.pt\/index.php\/wp-json\/wp\/v2\/types\/product"}],"replies":[{"embeddable":true,"href":"https:\/\/tpohotelariaecasa.pt\/index.php\/wp-json\/wp\/v2\/comments?post=9461003"}],"wp:featuredmedia":[{"embeddable":true,"href":"https:\/\/tpohotelariaecasa.pt\/index.php\/wp-json\/wp\/v2\/media\/9461002"}],"wp:attachment":[{"href":"https:\/\/tpohotelariaecasa.pt\/index.php\/wp-json\/wp\/v2\/media?parent=9461003"}],"wp:term":[{"taxonomy":"product_cat","embeddable":true,"href":"https:\/\/tpohotelariaecasa.pt\/index.php\/wp-json\/wp\/v2\/product_cat?post=9461003"},{"taxonomy":"product_tag","embeddable":true,"href":"https:\/\/tpohotelariaecasa.pt\/index.php\/wp-json\/wp\/v2\/product_tag?post=9461003"}],"curies":[{"name":"wp","href":"https:\/\/api.w.org\/{rel}","templated":true}]}}