{"id":9461005,"date":"2024-05-29T17:14:49","date_gmt":"2024-05-29T17:14:49","guid":{"rendered":"https:\/\/tpohotelariaecasa.pt\/index.php\/product\/forno-de-conveccao-grelha-e-vapor-adapta-se-4-tabuleiros-temporizador-incorporado\/"},"modified":"2025-04-03T09:09:56","modified_gmt":"2025-04-03T09:09:56","slug":"forno-de-conveccao-grelha-e-vapor-adapta-se-4-tabuleiros-temporizador-incorporado","status":"publish","type":"product","link":"https:\/\/tpohotelariaecasa.pt\/index.php\/product\/forno-de-conveccao-grelha-e-vapor-adapta-se-4-tabuleiros-temporizador-incorporado\/","title":{"rendered":"Forno de Convec\u00e7\u00e3o &#8211; Grelha e Vapor &#8211; Adapta-se 4 Tabuleiros &#8211; Temporizador Incorporado"},"content":{"rendered":"<ul>\n<li>Forno de convec\u00e7\u00e3o de luxo<\/li>\n<li>Fun\u00e7\u00e3o Grill e vapor (inje\u00e7\u00e3o de humidade)<\/li>\n<li>Constru\u00e7\u00e3o em a\u00e7o inoxid\u00e1vel com interior esmaltado<\/li>\n<li>Distribui\u00e7\u00e3o eficiente do calor<\/li>\n<li>Equipado com 2 motores<\/li>\n<li>Porta facilmente amov\u00edvel<\/li>\n<li>Vidros duplos t\u00e9rmicos<\/li>\n<li>Controlo anal\u00f3gico e temporizador<\/li>\n<li>Term\u00f3stato regul\u00e1vel: 0\u00b0C a 300\u00b0C<\/li>\n<li>Indicadores de temperatura<\/li>\n<li>Temporizador regul\u00e1vel: 0 a 120 minutos<\/li>\n<li>Dist\u00e2ncia do tabuleiro 75 mm<\/li>\n<li>Apoia-se em quatro p\u00e9s<\/li>\n<li>F\u00e1cil de limpar<\/li>\n<\/ul>\n<p><strong>Especifica\u00e7\u00f5es do produto<\/strong><\/p>\n<ul>\n<li>Peso l\u00edquido: 39 kg<\/li>\n<li>Dimens\u00f5es: B59,5 x D61,5 x H57cm<\/li>\n<li>Inclui 4 tabuleiros de: B43,5 x D31,5cm<\/li>\n<li>Dist\u00e2ncia entre tabuleiros: 7cm<\/li>\n<li>230V\/50Hz\/1Fase 2670W + 2000W (grelhador)<\/li>\n<\/ul>\n","protected":false},"excerpt":{"rendered":"<p>Com este forno de convec\u00e7\u00e3o, pode aquecer, cozer, assar, grelhar e vaporizar para criar os pratos mais deliciosos. \u00c9 um forno ideal para ser utilizado em qualquer estabelecimento de restaura\u00e7\u00e3o e padaria. O forno tem quatro tabuleiros e, com o term\u00f3stato de f\u00e1cil utiliza\u00e7\u00e3o, pode definir temperaturas at\u00e9 300\u00baC. consulte Mais informa\u00e7\u00e3o<\/p>\n","protected":false},"featured_media":9461004,"comment_status":"open","ping_status":"closed","template":"","meta":[],"product_cat":[792,88,21],"product_tag":[],"class_list":["post-9461005","product","type-product","status-publish","has-post-thumbnail","hentry","product_cat-mais-vendidos","product_cat-fornos","product_cat-restauracao","product_shipping_class-gph"],"_links":{"self":[{"href":"https:\/\/tpohotelariaecasa.pt\/index.php\/wp-json\/wp\/v2\/product\/9461005"}],"collection":[{"href":"https:\/\/tpohotelariaecasa.pt\/index.php\/wp-json\/wp\/v2\/product"}],"about":[{"href":"https:\/\/tpohotelariaecasa.pt\/index.php\/wp-json\/wp\/v2\/types\/product"}],"replies":[{"embeddable":true,"href":"https:\/\/tpohotelariaecasa.pt\/index.php\/wp-json\/wp\/v2\/comments?post=9461005"}],"wp:featuredmedia":[{"embeddable":true,"href":"https:\/\/tpohotelariaecasa.pt\/index.php\/wp-json\/wp\/v2\/media\/9461004"}],"wp:attachment":[{"href":"https:\/\/tpohotelariaecasa.pt\/index.php\/wp-json\/wp\/v2\/media?parent=9461005"}],"wp:term":[{"taxonomy":"product_cat","embeddable":true,"href":"https:\/\/tpohotelariaecasa.pt\/index.php\/wp-json\/wp\/v2\/product_cat?post=9461005"},{"taxonomy":"product_tag","embeddable":true,"href":"https:\/\/tpohotelariaecasa.pt\/index.php\/wp-json\/wp\/v2\/product_tag?post=9461005"}],"curies":[{"name":"wp","href":"https:\/\/api.w.org\/{rel}","templated":true}]}}